{"id":610,"date":"2025-11-30T16:49:57","date_gmt":"2025-11-30T16:49:57","guid":{"rendered":"https:\/\/danitours.com.co\/?post_type=product&#038;p=610"},"modified":"2025-12-30T04:04:21","modified_gmt":"2025-12-30T04:04:21","slug":"tour-palenque-adulto","status":"publish","type":"product","link":"https:\/\/dani-tours.com.co\/pt\/produto\/tour-palenque-adulto\/","title":{"rendered":"Tour Palenque"},"content":{"rendered":"<p>Palenque, o canto de \u00c1frica, na Col\u00f4mbia . Este maravilhoso povo preservou a sua identidade por mais de 400 anos, sendo ber\u00e7o de resist\u00eancia, cultura, tambores e sabores inesquec\u00edveis.<\/p>\n<p>INCLUI:<\/p>\n<ul>\n<li>Recolha no hotel. (Centro Hist\u00f3rico, Bocagrande, Zona Norte, e Manzanillo).<\/li>\n<li>Transporte em ve\u00edculos com ar condicionado.<\/li>\n<li>Guia Nativo (Bilingue).<\/li>\n<li>Paragem nas al\u00edneas \"I Love Palenque\".<\/li>\n<li>Viagem atrav\u00e9s dos lugares mais importantes do povo; Pra\u00e7a Principal, monumento de Benkos Bioj\u00f3, Casa-Museu e P\u00e1tio Sikito(Medicina Tradicional).<\/li>\n<li>Show de Dan\u00e7a.<\/li>\n<li>Degusta\u00e7\u00e3o de doces t\u00edpicos.<\/li>\n<li>Garrafa com \u00c1gua.<\/li>\n<li>Almo\u00e7o.<\/li>\n<\/ul>\n<p>Sa\u00eddas todos os dias<\/p>\n<p>N\u00c3O INCLUI:<br \/>\nDespesas n\u00e3o especificados<\/p>\n<p>RECOMENDA\u00c7\u00d5ES:<br \/>\nUsar roupas de frio<br \/>\nLevar t\u00eanis confort\u00e1veis<br \/>\nChap\u00e9u ou bon\u00e9<br \/>\nBloqueador solar<\/p>","protected":false},"excerpt":{"rendered":"<p>Palenque, el rinc\u00f3n de \u00c1frica en Colombia . Este maravilloso pueblo ha conservado su identidad por m\u00e1s de 400 a\u00f1os, siendo cuna de resistencia, cultura, tambores y sabores inolvidables. INCLUYE: Recogida en el hotel. (Centro Hist\u00f3rico, Bocagrande, Zona Norte, y Manzanillo). Traslado en veh\u00edculos con aire acondicionado. Gu\u00eda Nativo (Bilingue). Parada en las letras \u00abI [&hellip;]<\/p>\n","protected":false},"featured_media":611,"template":"","meta":[],"product_brand":[],"product_cat":[20],"product_tag":[],"class_list":{"0":"post-610","1":"product","2":"type-product","3":"status-publish","4":"has-post-thumbnail","6":"product_cat-actividades","8":"first","9":"instock","10":"sold-individually","11":"shipping-taxable","12":"purchasable","13":"product-type-booking"},"_links":{"self":[{"href":"https:\/\/dani-tours.com.co\/pt\/wp-json\/wp\/v2\/product\/610","targetHints":{"allow":["GET"]}}],"collection":[{"href":"https:\/\/dani-tours.com.co\/pt\/wp-json\/wp\/v2\/product"}],"about":[{"href":"https:\/\/dani-tours.com.co\/pt\/wp-json\/wp\/v2\/types\/product"}],"wp:featuredmedia":[{"embeddable":true,"href":"https:\/\/dani-tours.com.co\/pt\/wp-json\/wp\/v2\/media\/611"}],"wp:attachment":[{"href":"https:\/\/dani-tours.com.co\/pt\/wp-json\/wp\/v2\/media?parent=610"}],"wp:term":[{"taxonomy":"product_brand","embeddable":true,"href":"https:\/\/dani-tours.com.co\/pt\/wp-json\/wp\/v2\/product_brand?post=610"},{"taxonomy":"product_cat","embeddable":true,"href":"https:\/\/dani-tours.com.co\/pt\/wp-json\/wp\/v2\/product_cat?post=610"},{"taxonomy":"product_tag","embeddable":true,"href":"https:\/\/dani-tours.com.co\/pt\/wp-json\/wp\/v2\/product_tag?post=610"}],"curies":[{"name":"wp","href":"https:\/\/api.w.org\/{rel}","templated":true}]}}