{"id":604,"date":"2025-11-30T16:20:01","date_gmt":"2025-11-30T16:20:01","guid":{"rendered":"https:\/\/danitours.com.co\/?post_type=product&#038;p=604"},"modified":"2025-12-30T04:04:58","modified_gmt":"2025-12-30T04:04:58","slug":"buceo","status":"publish","type":"product","link":"https:\/\/dani-tours.com.co\/pt\/produto\/buceo\/","title":{"rendered":"Mergulho + Picnic no Mambo Beach"},"content":{"rendered":"<p><strong>EXPERI\u00caNCIA DE MERGULHO + PIQUENIQUE NO MAMBO BEACH\u00a0<\/strong><\/p>\n<p><strong>INCLUI<\/strong><\/p>\n<ul>\n<li>Transporte terrestre<\/li>\n<li>Recolha em hot\u00e9is (conforme a \u00e1rea) Ida e volta em ve\u00edculo climatizado<\/li>\n<li>Transporte de barco at\u00e9 o ponto de mergulho<br \/>\nMergulho guiado:<br \/>\n* Aula te\u00f3rica (20 min)<br \/>\n* Imers\u00e3o pr\u00e1tica na praia (15 min)<br \/>\n* Mergulho em corais (40 min)<br \/>\n* Equipamento completo de mergulho inclu\u00eddo<br \/>\n* Lanche antes ou depois da atividade<br \/>\nPiquenique no Mambo Beach:<br \/>\n* Almo\u00e7o (v\u00e1rias op\u00e7\u00f5es)<br \/>\n* Acesso \u00e0s instala\u00e7\u00f5es<br \/>\n* Tempo livre para relaxar ou tomar banhos de sol<br \/>\nServi\u00e7o fotogr\u00e1fico profissional<br \/>\nGuia acompanhante o tempo todo<br \/>\nSeguro de viagem inclu\u00eddo<\/li>\n<\/ul>","protected":false},"excerpt":{"rendered":"<p>EXPERIENCIA DE BUCEO + PASAD\u00cdA EN MAMBO BEACH\u00a0 INCLUYE Transporte terrestre Recogida en hoteles (seg\u00fan zona) Ida y regreso en veh\u00edculo climatizado Transporte en lancha hacia el punto de inmersi\u00f3n Buceo guiado: * Clase te\u00f3rica (20 min) * Inmersi\u00f3n pr\u00e1ctica en playa (15 min) * Inmersi\u00f3n en corales (40 min) * Equipo completo de buceo [&hellip;]<\/p>\n","protected":false},"featured_media":605,"template":"","meta":[],"product_brand":[],"product_cat":[20],"product_tag":[],"class_list":{"0":"post-604","1":"product","2":"type-product","3":"status-publish","4":"has-post-thumbnail","6":"product_cat-actividades","8":"first","9":"instock","10":"sold-individually","11":"shipping-taxable","12":"purchasable","13":"product-type-booking"},"_links":{"self":[{"href":"https:\/\/dani-tours.com.co\/pt\/wp-json\/wp\/v2\/product\/604","targetHints":{"allow":["GET"]}}],"collection":[{"href":"https:\/\/dani-tours.com.co\/pt\/wp-json\/wp\/v2\/product"}],"about":[{"href":"https:\/\/dani-tours.com.co\/pt\/wp-json\/wp\/v2\/types\/product"}],"wp:featuredmedia":[{"embeddable":true,"href":"https:\/\/dani-tours.com.co\/pt\/wp-json\/wp\/v2\/media\/605"}],"wp:attachment":[{"href":"https:\/\/dani-tours.com.co\/pt\/wp-json\/wp\/v2\/media?parent=604"}],"wp:term":[{"taxonomy":"product_brand","embeddable":true,"href":"https:\/\/dani-tours.com.co\/pt\/wp-json\/wp\/v2\/product_brand?post=604"},{"taxonomy":"product_cat","embeddable":true,"href":"https:\/\/dani-tours.com.co\/pt\/wp-json\/wp\/v2\/product_cat?post=604"},{"taxonomy":"product_tag","embeddable":true,"href":"https:\/\/dani-tours.com.co\/pt\/wp-json\/wp\/v2\/product_tag?post=604"}],"curies":[{"name":"wp","href":"https:\/\/api.w.org\/{rel}","templated":true}]}}