{"id":602,"date":"2025-11-30T16:10:05","date_gmt":"2025-11-30T16:10:05","guid":{"rendered":"https:\/\/danitours.com.co\/?post_type=product&#038;p=602"},"modified":"2025-12-30T04:05:28","modified_gmt":"2025-12-30T04:05:28","slug":"volcan-del-totumo-pasadia-en-hotel","status":"publish","type":"product","link":"https:\/\/dani-tours.com.co\/pt\/produto\/volcan-del-totumo-pasadia-en-hotel\/","title":{"rendered":"Vulc\u00e3o Totumo + Picnic no Hotel"},"content":{"rendered":"<p><strong>VULC\u00c3O TOTUMO + PIQUENIQUE NO HOTEL <\/strong><\/p>\n<p><strong>INCLUI<\/strong><br \/>\nRecolha no hotel<br \/>\n(\u00c1rea de turismo), a partir das 8:00 \u00e0s.m.<br \/>\nEntrada no Vulc\u00e3o Totumo<br \/>\nBanho de lama relaxante<br \/>\nBanho no P\u00e2ntano do Totumo<br \/>\nCocktail de boas-vindas e refrescante ao chegar ao hotel<br \/>\nAlmo\u00e7o delicioso<br \/>\n(4 op\u00e7\u00f5es do menu) + sobremesa leve<br \/>\nPiquenique no hotel<\/p>\n<p>Acesso a:<br \/>\nPraia privada<br \/>\nPiscina<br \/>\nCamas e \u00e1reas de descanso<br \/>\nComodidades do hotel<br \/>\nGuia bil\u00edng\u00fce<br \/>\nRetorno: 3:00 p. m. cerca de<\/p>","protected":false},"excerpt":{"rendered":"<p>VOLC\u00c1N DEL TOTUMO + PASAD\u00cdA EN HOTEL INCLUYE Recogida en hotel (Zona tur\u00edstica) desde las 8:00 a.m. Entrada al Volc\u00e1n del Totumo Ba\u00f1o de lodo relajante Ba\u00f1o en la Ci\u00e9naga del Totumo C\u00f3ctel de bienvenida refrescante al llegar al hotel Almuerzo delicioso (4 opciones del men\u00fa) + postre ligero Pasad\u00eda en hotel Acceso a: Playa [&hellip;]<\/p>\n","protected":false},"featured_media":1687,"template":"","meta":[],"product_brand":[],"product_cat":[20],"product_tag":[],"class_list":{"0":"post-602","1":"product","2":"type-product","3":"status-publish","4":"has-post-thumbnail","6":"product_cat-actividades","8":"first","9":"instock","10":"sold-individually","11":"shipping-taxable","12":"purchasable","13":"product-type-booking"},"_links":{"self":[{"href":"https:\/\/dani-tours.com.co\/pt\/wp-json\/wp\/v2\/product\/602","targetHints":{"allow":["GET"]}}],"collection":[{"href":"https:\/\/dani-tours.com.co\/pt\/wp-json\/wp\/v2\/product"}],"about":[{"href":"https:\/\/dani-tours.com.co\/pt\/wp-json\/wp\/v2\/types\/product"}],"wp:featuredmedia":[{"embeddable":true,"href":"https:\/\/dani-tours.com.co\/pt\/wp-json\/wp\/v2\/media\/1687"}],"wp:attachment":[{"href":"https:\/\/dani-tours.com.co\/pt\/wp-json\/wp\/v2\/media?parent=602"}],"wp:term":[{"taxonomy":"product_brand","embeddable":true,"href":"https:\/\/dani-tours.com.co\/pt\/wp-json\/wp\/v2\/product_brand?post=602"},{"taxonomy":"product_cat","embeddable":true,"href":"https:\/\/dani-tours.com.co\/pt\/wp-json\/wp\/v2\/product_cat?post=602"},{"taxonomy":"product_tag","embeddable":true,"href":"https:\/\/dani-tours.com.co\/pt\/wp-json\/wp\/v2\/product_tag?post=602"}],"curies":[{"name":"wp","href":"https:\/\/api.w.org\/{rel}","templated":true}]}}