{"id":600,"date":"2025-11-30T15:53:59","date_gmt":"2025-11-30T15:53:59","guid":{"rendered":"https:\/\/danitours.com.co\/?post_type=product&#038;p=600"},"modified":"2025-12-30T04:05:44","modified_gmt":"2025-12-30T04:05:44","slug":"mangata-beach-club","status":"publish","type":"product","link":"https:\/\/dani-tours.com.co\/pt\/produto\/mangata-beach-club\/","title":{"rendered":"Mangata Beach Club"},"content":{"rendered":"<p>INCLUI:<\/p>\n<ul>\n<li>Transporte em lancha r\u00e1pida (ida e volta).<\/li>\n<li>Coquetel de boas-Vindas ou suco natural.<\/li>\n<li>Almo\u00e7o (8 op\u00e7\u00f5es dispon\u00edveis).<\/li>\n<li>Acesso a todas as instala\u00e7\u00f5es.<\/li>\n<li>Uso de caiaque, Paddle boards e m\u00e1scaras para mergulho.<\/li>\n<li>Dj.<\/li>\n<li>Chuveiro (\u00e1gua doce).<\/li>\n<\/ul>","protected":false},"excerpt":{"rendered":"<p>INCLUYE: Transporte en lancha r\u00e1pida (ida y regreso). Coctel de Bienvenida o jugo natural. Almuerzo (8 opciones disponibles). Acceso a todas las instalaciones. Uso de kayaks, Paddle boards y caretas para snorkel. Dj. Ducha (agua dulce).<\/p>","protected":false},"featured_media":601,"template":"","meta":[],"product_brand":[],"product_cat":[22],"product_tag":[],"class_list":{"0":"post-600","1":"product","2":"type-product","3":"status-publish","4":"has-post-thumbnail","6":"product_cat-islasdelrosario","8":"first","9":"instock","10":"sold-individually","11":"shipping-taxable","12":"purchasable","13":"product-type-booking"},"_links":{"self":[{"href":"https:\/\/dani-tours.com.co\/pt\/wp-json\/wp\/v2\/product\/600","targetHints":{"allow":["GET"]}}],"collection":[{"href":"https:\/\/dani-tours.com.co\/pt\/wp-json\/wp\/v2\/product"}],"about":[{"href":"https:\/\/dani-tours.com.co\/pt\/wp-json\/wp\/v2\/types\/product"}],"wp:featuredmedia":[{"embeddable":true,"href":"https:\/\/dani-tours.com.co\/pt\/wp-json\/wp\/v2\/media\/601"}],"wp:attachment":[{"href":"https:\/\/dani-tours.com.co\/pt\/wp-json\/wp\/v2\/media?parent=600"}],"wp:term":[{"taxonomy":"product_brand","embeddable":true,"href":"https:\/\/dani-tours.com.co\/pt\/wp-json\/wp\/v2\/product_brand?post=600"},{"taxonomy":"product_cat","embeddable":true,"href":"https:\/\/dani-tours.com.co\/pt\/wp-json\/wp\/v2\/product_cat?post=600"},{"taxonomy":"product_tag","embeddable":true,"href":"https:\/\/dani-tours.com.co\/pt\/wp-json\/wp\/v2\/product_tag?post=600"}],"curies":[{"name":"wp","href":"https:\/\/api.w.org\/{rel}","templated":true}]}}