{"id":594,"date":"2025-11-29T20:18:57","date_gmt":"2025-11-29T20:18:57","guid":{"rendered":"https:\/\/danitours.com.co\/?post_type=product&#038;p=594"},"modified":"2025-12-30T04:06:58","modified_gmt":"2025-12-30T04:06:58","slug":"recorrido-cuatrimoto-tierra-bomba-1-moto-x-2-persona","status":"publish","type":"product","link":"https:\/\/dani-tours.com.co\/pt\/produto\/recorrido-cuatrimoto-tierra-bomba-1-moto-x-2-persona\/","title":{"rendered":"Curso quadriciclo (Terra Bomba 1 Moto x 2 pessoa)."},"content":{"rendered":"<p><strong>SUA BOMBA <\/strong><\/p>\n<p>Tempo do percurso: 2 horas<\/p>\n<p><strong>INCLUI<\/strong>:<\/p>\n<ul>\n<li>Transporte ida e volta.<\/li>\n<li>Hidrata\u00e7\u00e3o.<\/li>\n<li>Capacete.<\/li>\n<li>Guia Bil\u00edng\u00fce.<\/li>\n<li>Entrada ao castelo (Bocachica).<br \/>\n<strong>Hor\u00e1rios<\/strong>:<\/li>\n<li>10:00 \u00e0s 12:00, 1:00 a 3:00 e 4:00pm \u00e0s 6:00pm.<\/li>\n<\/ul>","protected":false},"excerpt":{"rendered":"<p>TIERRA BOMBA Tiempo del recorrido: 2 horas INCLUYE: Transporte mar\u00edtimo ida y regreso. Hidrataci\u00f3n. Casco. Gu\u00eda Biling\u00fce. Entrada al castillo (Bocachica). Horarios: 10:00am a 12:00, 1:00pm a 3:00pm y 4:00pm a 6:00pm.<\/p>","protected":false},"featured_media":1728,"template":"","meta":[],"product_brand":[],"product_cat":[20],"product_tag":[],"class_list":{"0":"post-594","1":"product","2":"type-product","3":"status-publish","4":"has-post-thumbnail","6":"product_cat-actividades","8":"first","9":"instock","10":"sold-individually","11":"shipping-taxable","12":"purchasable","13":"product-type-booking"},"_links":{"self":[{"href":"https:\/\/dani-tours.com.co\/pt\/wp-json\/wp\/v2\/product\/594","targetHints":{"allow":["GET"]}}],"collection":[{"href":"https:\/\/dani-tours.com.co\/pt\/wp-json\/wp\/v2\/product"}],"about":[{"href":"https:\/\/dani-tours.com.co\/pt\/wp-json\/wp\/v2\/types\/product"}],"wp:featuredmedia":[{"embeddable":true,"href":"https:\/\/dani-tours.com.co\/pt\/wp-json\/wp\/v2\/media\/1728"}],"wp:attachment":[{"href":"https:\/\/dani-tours.com.co\/pt\/wp-json\/wp\/v2\/media?parent=594"}],"wp:term":[{"taxonomy":"product_brand","embeddable":true,"href":"https:\/\/dani-tours.com.co\/pt\/wp-json\/wp\/v2\/product_brand?post=594"},{"taxonomy":"product_cat","embeddable":true,"href":"https:\/\/dani-tours.com.co\/pt\/wp-json\/wp\/v2\/product_cat?post=594"},{"taxonomy":"product_tag","embeddable":true,"href":"https:\/\/dani-tours.com.co\/pt\/wp-json\/wp\/v2\/product_tag?post=594"}],"curies":[{"name":"wp","href":"https:\/\/api.w.org\/{rel}","templated":true}]}}