{"id":589,"date":"2025-11-29T20:15:06","date_gmt":"2025-11-29T20:15:06","guid":{"rendered":"https:\/\/danitours.com.co\/?post_type=product&#038;p=589"},"modified":"2025-12-30T04:07:14","modified_gmt":"2025-12-30T04:07:14","slug":"tour-bahia-catamaran","status":"publish","type":"product","link":"https:\/\/dani-tours.com.co\/pt\/produto\/tour-bahia-catamaran\/","title":{"rendered":"Tour Ba\u00eda de Catamar\u00e3"},"content":{"rendered":"<p><strong>TOUR BA\u00cdA DE CATAMAR\u00c3<\/strong><\/p>\n<p>Festa sobre o mar<br \/>\nViva uma experi\u00eancia inesquec\u00edvel ao p\u00f4r-do-sol navegando pela ba\u00eda de Cartagena, em um elegante catamar\u00e3, com boa m\u00fasica, bebidas e um ambiente \u00fanico.<\/p>\n<p><strong>INCLUI<\/strong>:<br \/>\nTransporte de Catamar\u00e3<br \/>\nCurso de 2 horas pela ba\u00eda de Cartagena<br \/>\nDJ ao vivo e animador<br \/>\nBarra livre: Rum com Coca-Cola e suco de laranja<br \/>\n\u00c9 permitida a entrada de bebidas sem custo<br \/>\nIngresso para a balada: Taboo ou Farra<\/p>\n<p>Ponto de encontro:<br \/>\nCais dos ensinaram a ser m\u00e3e (Diagonal da Torre do Rel\u00f3gio)<\/p>\n<p>\ud83d\uddd3\ufe0f Disponibilidade:<br \/>\nS\u00e1bados, domingos e feriados<\/p>\n<p>Hor\u00e1rios:<\/p>\n<p>5:00 p. m. \u2013 7:00 p. m.<br \/>\n7:00 p. m. \u2013 9:00 p. m.<br \/>\n9:00 p. m. \u2013 11:00 p. m.<\/p>","protected":false},"excerpt":{"rendered":"<p>TOUR BAH\u00cdA EN CATAMAR\u00c1N Fiesta sobre el mar Vive una experiencia inolvidable al atardecer navegando por la bah\u00eda de Cartagena en un elegante catamar\u00e1n, con buena m\u00fasica, tragos y un ambiente \u00fanico. INCLUYE: Transporte en Catamar\u00e1n Recorrido de 2 horas por la bah\u00eda de Cartagena DJ en vivo y animador Barra libre: Ron con Coca-Cola [&hellip;]<\/p>\n","protected":false},"featured_media":1693,"template":"","meta":[],"product_brand":[],"product_cat":[20],"product_tag":[],"class_list":{"0":"post-589","1":"product","2":"type-product","3":"status-publish","4":"has-post-thumbnail","6":"product_cat-actividades","8":"first","9":"instock","10":"sold-individually","11":"shipping-taxable","12":"purchasable","13":"product-type-booking"},"_links":{"self":[{"href":"https:\/\/dani-tours.com.co\/pt\/wp-json\/wp\/v2\/product\/589","targetHints":{"allow":["GET"]}}],"collection":[{"href":"https:\/\/dani-tours.com.co\/pt\/wp-json\/wp\/v2\/product"}],"about":[{"href":"https:\/\/dani-tours.com.co\/pt\/wp-json\/wp\/v2\/types\/product"}],"wp:featuredmedia":[{"embeddable":true,"href":"https:\/\/dani-tours.com.co\/pt\/wp-json\/wp\/v2\/media\/1693"}],"wp:attachment":[{"href":"https:\/\/dani-tours.com.co\/pt\/wp-json\/wp\/v2\/media?parent=589"}],"wp:term":[{"taxonomy":"product_brand","embeddable":true,"href":"https:\/\/dani-tours.com.co\/pt\/wp-json\/wp\/v2\/product_brand?post=589"},{"taxonomy":"product_cat","embeddable":true,"href":"https:\/\/dani-tours.com.co\/pt\/wp-json\/wp\/v2\/product_cat?post=589"},{"taxonomy":"product_tag","embeddable":true,"href":"https:\/\/dani-tours.com.co\/pt\/wp-json\/wp\/v2\/product_tag?post=589"}],"curies":[{"name":"wp","href":"https:\/\/api.w.org\/{rel}","templated":true}]}}