{"id":588,"date":"2025-11-29T19:17:12","date_gmt":"2025-11-29T19:17:12","guid":{"rendered":"https:\/\/danitours.com.co\/?post_type=product&#038;p=588"},"modified":"2025-12-30T04:07:34","modified_gmt":"2025-12-30T04:07:34","slug":"barco-pirata","status":"publish","type":"product","link":"https:\/\/dani-tours.com.co\/pt\/produto\/barco-pirata\/","title":{"rendered":"Barco Pirata"},"content":{"rendered":"<p><strong>TOUR BAHIA NAVIO PIRATA<\/strong><br \/>\nPrepare-se para viver uma experi\u00eancia \u00fanica no mar, rodeado de magia, m\u00fasica e beleza de Niter\u00f3i!<\/p>\n<p><strong>INCLUI<\/strong>:<\/p>\n<ul>\n<li>Bebidas alco\u00f3licas: Rum, Aguardente, Cerveja<\/li>\n<li>Refrigerante e \u00e1gua ilimitadas<\/li>\n<li>M\u00fasica ao vivo<\/li>\n<li>Servi\u00e7o de banheiros amplo<\/li>\n<\/ul>\n<p>Hor\u00e1rios<\/p>\n<ul>\n<li>Sa\u00edda todos os dias<br \/>\nEmbarcamos \u00e0s 4:00 pm<br \/>\nZarpamos \u00e0s 5:15 pm<br \/>\nRegresso ao cais \u00e0s 7:15 pm<br \/>\nDura\u00e7\u00e3o do passeio: 2 horas de navega\u00e7\u00e3o<\/li>\n<\/ul>\n<p>Importante<br \/>\nO Imposto de Mola n\u00e3o est\u00e1 inclu\u00eddo<\/p>","protected":false},"excerpt":{"rendered":"<p>TOUR BAHIA BARCO PIRATA \u00a1Prep\u00e1rate para vivir una experiencia \u00fanica en el mar, rodeado de magia, m\u00fasica y la belleza de Cartagena! INCLUYE: Bebidas alcoh\u00f3licas: Ron, Aguardiente, Cerveza Gaseosa y agua ilimitadas M\u00fasica en vivo Servicio de ba\u00f1os amplio Horarios Salida todos los d\u00edas Abordamos a las 4:00 pm Zarpamos a las 5:15 pm Regreso [&hellip;]<\/p>\n","protected":false},"featured_media":1676,"template":"","meta":[],"product_brand":[],"product_cat":[20],"product_tag":[],"class_list":{"0":"post-588","1":"product","2":"type-product","3":"status-publish","4":"has-post-thumbnail","6":"product_cat-actividades","8":"first","9":"instock","10":"sold-individually","11":"shipping-taxable","12":"purchasable","13":"product-type-booking"},"_links":{"self":[{"href":"https:\/\/dani-tours.com.co\/pt\/wp-json\/wp\/v2\/product\/588","targetHints":{"allow":["GET"]}}],"collection":[{"href":"https:\/\/dani-tours.com.co\/pt\/wp-json\/wp\/v2\/product"}],"about":[{"href":"https:\/\/dani-tours.com.co\/pt\/wp-json\/wp\/v2\/types\/product"}],"wp:featuredmedia":[{"embeddable":true,"href":"https:\/\/dani-tours.com.co\/pt\/wp-json\/wp\/v2\/media\/1676"}],"wp:attachment":[{"href":"https:\/\/dani-tours.com.co\/pt\/wp-json\/wp\/v2\/media?parent=588"}],"wp:term":[{"taxonomy":"product_brand","embeddable":true,"href":"https:\/\/dani-tours.com.co\/pt\/wp-json\/wp\/v2\/product_brand?post=588"},{"taxonomy":"product_cat","embeddable":true,"href":"https:\/\/dani-tours.com.co\/pt\/wp-json\/wp\/v2\/product_cat?post=588"},{"taxonomy":"product_tag","embeddable":true,"href":"https:\/\/dani-tours.com.co\/pt\/wp-json\/wp\/v2\/product_tag?post=588"}],"curies":[{"name":"wp","href":"https:\/\/api.w.org\/{rel}","templated":true}]}}