{"id":586,"date":"2025-11-29T19:15:21","date_gmt":"2025-11-29T19:15:21","guid":{"rendered":"https:\/\/danitours.com.co\/?post_type=product&#038;p=586"},"modified":"2025-12-30T04:08:08","modified_gmt":"2025-12-30T04:08:08","slug":"catamaran-isla-de-rosario-adultos","status":"publish","type":"product","link":"https:\/\/dani-tours.com.co\/pt\/produto\/catamaran-isla-de-rosario-adultos\/","title":{"rendered":"Tour Ba\u00eda Iate Wasabi"},"content":{"rendered":"<p><strong>TOUR BAHIA, NO IATE<\/strong><br \/>\nFesta sobre a \u00e1gua!<\/p>\n<p>Desfrute de um passeio inesquec\u00edvel pela ba\u00eda de Cartagena, ao ritmo da m\u00fasica, com barra livre e o melhor ambiente. Voc\u00ea s\u00f3 traz a vontade de se divertir!<\/p>\n<p>INCLUI:<\/p>\n<ul>\n<li>Transporte em iate<\/li>\n<li>Curso de 2 horas pela ba\u00eda de Cartagena<\/li>\n<li>Barra livre: Rum com Coca-Cola e suco de laranja<\/li>\n<li>DJ ao vivo e anima\u00e7\u00e3o a bordo<\/li>\n<li>Ingresso para a balada: Taboo ou Farra<\/li>\n<li>Voc\u00ea pode levar as suas pr\u00f3prias bebidas (sem custo adicional)<\/li>\n<\/ul>\n<p>Ponto de encontro:<br \/>\nCais Dos ensinaram a ser m\u00e3e, diagonal da Torre do Rel\u00f3gio.<\/p>\n<p>Sa\u00eddas Di\u00e1rias<br \/>\nHor\u00e1rios dispon\u00edveis:<br \/>\n5:00 PM \u2013 7:00 PM<br \/>\n7:00 PM \u2013 9:00 PM<br \/>\n9:00 PM \u2013 11:00 PM<\/p>","protected":false},"excerpt":{"rendered":"<p>TOUR BAH\u00cdA EN YATE \u00a1Fiesta sobre el agua! Disfruta un paseo inolvidable por la bah\u00eda de Cartagena al ritmo de la m\u00fasica, con barra libre y el mejor ambiente. \u00a1T\u00fa solo trae las ganas de pasarla bien! INCLUYE: Transporte en yate Recorrido de 2 horas por la bah\u00eda de Cartagena Barra libre: Ron con Coca-Cola [&hellip;]<\/p>\n","protected":false},"featured_media":1685,"template":"","meta":[],"product_brand":[],"product_cat":[20],"product_tag":[],"class_list":{"0":"post-586","1":"product","2":"type-product","3":"status-publish","4":"has-post-thumbnail","6":"product_cat-actividades","8":"first","9":"instock","10":"sold-individually","11":"shipping-taxable","12":"purchasable","13":"product-type-booking"},"_links":{"self":[{"href":"https:\/\/dani-tours.com.co\/pt\/wp-json\/wp\/v2\/product\/586","targetHints":{"allow":["GET"]}}],"collection":[{"href":"https:\/\/dani-tours.com.co\/pt\/wp-json\/wp\/v2\/product"}],"about":[{"href":"https:\/\/dani-tours.com.co\/pt\/wp-json\/wp\/v2\/types\/product"}],"wp:featuredmedia":[{"embeddable":true,"href":"https:\/\/dani-tours.com.co\/pt\/wp-json\/wp\/v2\/media\/1685"}],"wp:attachment":[{"href":"https:\/\/dani-tours.com.co\/pt\/wp-json\/wp\/v2\/media?parent=586"}],"wp:term":[{"taxonomy":"product_brand","embeddable":true,"href":"https:\/\/dani-tours.com.co\/pt\/wp-json\/wp\/v2\/product_brand?post=586"},{"taxonomy":"product_cat","embeddable":true,"href":"https:\/\/dani-tours.com.co\/pt\/wp-json\/wp\/v2\/product_cat?post=586"},{"taxonomy":"product_tag","embeddable":true,"href":"https:\/\/dani-tours.com.co\/pt\/wp-json\/wp\/v2\/product_tag?post=586"}],"curies":[{"name":"wp","href":"https:\/\/api.w.org\/{rel}","templated":true}]}}