{"id":584,"date":"2025-11-29T19:04:12","date_gmt":"2025-11-29T19:04:12","guid":{"rendered":"https:\/\/danitours.com.co\/?post_type=product&#038;p=584"},"modified":"2025-12-30T04:08:24","modified_gmt":"2025-12-30T04:08:24","slug":"marazao","status":"publish","type":"product","link":"https:\/\/dani-tours.com.co\/pt\/produto\/marazao\/","title":{"rendered":"Marazao Beach Club"},"content":{"rendered":"<p><strong>PIQUENIQUE MARAZAO <\/strong><\/p>\n<p>Desfrute de um dia inesquec\u00edvel em frente ao mar!<\/p>\n<ul>\n<li><strong>INCLUI<\/strong>:<br \/>\nTransporte de barco ida e volta<br \/>\nCocktail de boas-vindas<br \/>\nAlmo\u00e7o com bebida gasosa Postobon<br \/>\nAcesso \u00e0s \u00e1reas comuns do hotel:<br \/>\nPiscina<br \/>\nRedes<br \/>\nKiosk<br \/>\nP\u00e9rgola em frente \u00e0 praia com asoleadoras<br \/>\nToalha para piscina<br \/>\nHor\u00e1rios:<br \/>\nCheck-In: de 8:40.m.<br \/>\nZarpar: Entre 9:00h.m. e 9:30.m.<br \/>\nRetorno: 4:00 p. m.<\/li>\n<\/ul>\n<p><strong>N\u00c3O INCLUI:<\/strong><br \/>\nTours, custos ou servi\u00e7os n\u00e3o especificados .<\/p>","protected":false},"excerpt":{"rendered":"<p>PASAD\u00cdA MARAZAO \u00a1Disfruta de un d\u00eda inolvidable frente al mar! INCLUYE: Transporte en lancha ida y regreso C\u00f3ctel de bienvenida Almuerzo con bebida gaseosa Postobon Acceso a las \u00e1reas comunes del hotel: Piscina Hamacas Kiosko P\u00e9rgola frente a la playa con asoleadoras Toalla para piscina Horarios: Check-In: 8:40 a.m. Zarpe: Entre 9:00 a.m. y 9:30 [&hellip;]<\/p>\n","protected":false},"featured_media":1750,"template":"","meta":[],"product_brand":[],"product_cat":[27],"product_tag":[],"class_list":{"0":"post-584","1":"product","2":"type-product","3":"status-publish","4":"has-post-thumbnail","6":"product_cat-punta-arena","8":"first","9":"instock","10":"sold-individually","11":"shipping-taxable","12":"purchasable","13":"product-type-booking"},"_links":{"self":[{"href":"https:\/\/dani-tours.com.co\/pt\/wp-json\/wp\/v2\/product\/584","targetHints":{"allow":["GET"]}}],"collection":[{"href":"https:\/\/dani-tours.com.co\/pt\/wp-json\/wp\/v2\/product"}],"about":[{"href":"https:\/\/dani-tours.com.co\/pt\/wp-json\/wp\/v2\/types\/product"}],"wp:featuredmedia":[{"embeddable":true,"href":"https:\/\/dani-tours.com.co\/pt\/wp-json\/wp\/v2\/media\/1750"}],"wp:attachment":[{"href":"https:\/\/dani-tours.com.co\/pt\/wp-json\/wp\/v2\/media?parent=584"}],"wp:term":[{"taxonomy":"product_brand","embeddable":true,"href":"https:\/\/dani-tours.com.co\/pt\/wp-json\/wp\/v2\/product_brand?post=584"},{"taxonomy":"product_cat","embeddable":true,"href":"https:\/\/dani-tours.com.co\/pt\/wp-json\/wp\/v2\/product_cat?post=584"},{"taxonomy":"product_tag","embeddable":true,"href":"https:\/\/dani-tours.com.co\/pt\/wp-json\/wp\/v2\/product_tag?post=584"}],"curies":[{"name":"wp","href":"https:\/\/api.w.org\/{rel}","templated":true}]}}