{"id":578,"date":"2025-11-29T18:40:40","date_gmt":"2025-11-29T18:40:40","guid":{"rendered":"https:\/\/danitours.com.co\/?post_type=product&#038;p=578"},"modified":"2025-12-30T04:09:25","modified_gmt":"2025-12-30T04:09:25","slug":"mambo-beach","status":"publish","type":"product","link":"https:\/\/dani-tours.com.co\/pt\/produto\/mambo-beach\/","title":{"rendered":"Mambo Beach Club"},"content":{"rendered":"<p><strong>PIQUENIQUE MAMBO BEACH CLUB <\/strong><br \/>\nViva uma experi\u00eancia \u00fanica em frente ao mar, com tudo inclu\u00eddo!<\/p>\n<p><strong>INCLUI<\/strong>:<br \/>\nRecolha em hot\u00e9is localizados na Zona Norte e Bocagrande<br \/>\nTransporte rodovi\u00e1rio com ar condicionado<br \/>\nBebida de boas-vindas ao estilo Mambo<br \/>\nAlmo\u00e7o t\u00edpico<br \/>\nAcesso \u00e0s instala\u00e7\u00f5es do clube:<br \/>\nCasas de banho<br \/>\nCadeiras<br \/>\n\u00c1reas sociais (sem custo adicional)<br \/>\nSeguro de viagem<br \/>\nChegada a Mambo Beach Club \u2013 Baru, com praias belas<\/p>\n<p>Se voc\u00ea estiver no Centro ou Gets\u00eamani, deve chegar diretamente ao<br \/>\nCais dos ensinaram a ser m\u00e3e entre<br \/>\n08:00 \u00e0s.m. e 09:00h \u00e0s.m.<\/p>","protected":false},"excerpt":{"rendered":"<p>PASAD\u00cdA MAMBO BEACH CLUB \u00a1Vive una experiencia \u00fanica frente al mar con todo incluido! INCLUYE: Recogida en hoteles ubicados en Zona Norte y Bocagrande Transporte terrestre con aire acondicionado Bebida de bienvenida al estilo Mambo Almuerzo t\u00edpico Acceso a las instalaciones del club: Ba\u00f1os Sillas Zonas sociales (sin costo adicional) Seguro de viaje Llegada a [&hellip;]<\/p>\n","protected":false},"featured_media":1779,"template":"","meta":[],"product_brand":[],"product_cat":[19],"product_tag":[],"class_list":{"0":"post-578","1":"product","2":"type-product","3":"status-publish","4":"has-post-thumbnail","6":"product_cat-baru","8":"first","9":"instock","10":"sold-individually","11":"shipping-taxable","12":"purchasable","13":"product-type-booking"},"_links":{"self":[{"href":"https:\/\/dani-tours.com.co\/pt\/wp-json\/wp\/v2\/product\/578","targetHints":{"allow":["GET"]}}],"collection":[{"href":"https:\/\/dani-tours.com.co\/pt\/wp-json\/wp\/v2\/product"}],"about":[{"href":"https:\/\/dani-tours.com.co\/pt\/wp-json\/wp\/v2\/types\/product"}],"wp:featuredmedia":[{"embeddable":true,"href":"https:\/\/dani-tours.com.co\/pt\/wp-json\/wp\/v2\/media\/1779"}],"wp:attachment":[{"href":"https:\/\/dani-tours.com.co\/pt\/wp-json\/wp\/v2\/media?parent=578"}],"wp:term":[{"taxonomy":"product_brand","embeddable":true,"href":"https:\/\/dani-tours.com.co\/pt\/wp-json\/wp\/v2\/product_brand?post=578"},{"taxonomy":"product_cat","embeddable":true,"href":"https:\/\/dani-tours.com.co\/pt\/wp-json\/wp\/v2\/product_cat?post=578"},{"taxonomy":"product_tag","embeddable":true,"href":"https:\/\/dani-tours.com.co\/pt\/wp-json\/wp\/v2\/product_tag?post=578"}],"curies":[{"name":"wp","href":"https:\/\/api.w.org\/{rel}","templated":true}]}}