{"id":574,"date":"2025-11-29T18:22:48","date_gmt":"2025-11-29T18:22:48","guid":{"rendered":"https:\/\/danitours.com.co\/?post_type=product&#038;p=574"},"modified":"2025-12-30T04:12:49","modified_gmt":"2025-12-30T04:12:49","slug":"isla-baru-aviario","status":"publish","type":"product","link":"https:\/\/dani-tours.com.co\/pt\/produto\/isla-baru-aviario\/","title":{"rendered":"Ilha Baru + Avi\u00e1rio"},"content":{"rendered":"<p><strong>AVI\u00c1RIO + PICNIC<\/strong><br \/>\nConecta com a magia da natureza e da beleza de Cartagena.<\/p>\n<p>Ponto de recolha<br \/>\nRecolha no Cais os ensinaram a ser m\u00e3e<br \/>\nEntre 8:15. m. e 8:30. m.<\/p>\n<p>Transporte rodovi\u00e1rio com ar condicionado.<br \/>\nBebida de boas-vindas<br \/>\nBebida de boas-vindas estilo Mambo.<br \/>\nAvi\u00e1rio Nacional<br \/>\nInclui ingressos e visita ao Avi\u00e1rio Nacional de Col\u00f4mbia,<br \/>\ncom mais de 2.000 esp\u00e9cies de aves e show de aves.<br \/>\nPercurso panor\u00e2mico<br \/>\nPercurso panor\u00e2mico pela cidade de Cartagena, com uma dura\u00e7\u00e3o aproximada de 45 minutos.<br \/>\nAcesso \u00e0s instala\u00e7\u00f5es<br \/>\nAcesso \u00e0s instala\u00e7\u00f5es sem custo adicional:<br \/>\nCasas de banho<br \/>\nCadeiras<br \/>\n\u00c1reas sociais<br \/>\nRegresso<br \/>\nSa\u00edda de Baru \u00e0s 3:30 p. m.<\/p>","protected":false},"excerpt":{"rendered":"<p>AVIARIO + PASADIA Conecta con la magia de la naturaleza y la belleza de Cartagena. Punto de recogida Recogida en el Muelle de los Pegasos Entre 8:15 a. m. y 8:30 a. m. Transporte terrestre con aire acondicionado. Bebida de bienvenida Bebida de bienvenida estilo Mambo. Aviario Nacional Incluye entradas y visita al Aviario Nacional [&hellip;]<\/p>\n","protected":false},"featured_media":1806,"template":"","meta":[],"product_brand":[],"product_cat":[19],"product_tag":[],"class_list":{"0":"post-574","1":"product","2":"type-product","3":"status-publish","4":"has-post-thumbnail","6":"product_cat-baru","8":"first","9":"instock","10":"sold-individually","11":"shipping-taxable","12":"purchasable","13":"product-type-booking"},"_links":{"self":[{"href":"https:\/\/dani-tours.com.co\/pt\/wp-json\/wp\/v2\/product\/574","targetHints":{"allow":["GET"]}}],"collection":[{"href":"https:\/\/dani-tours.com.co\/pt\/wp-json\/wp\/v2\/product"}],"about":[{"href":"https:\/\/dani-tours.com.co\/pt\/wp-json\/wp\/v2\/types\/product"}],"wp:featuredmedia":[{"embeddable":true,"href":"https:\/\/dani-tours.com.co\/pt\/wp-json\/wp\/v2\/media\/1806"}],"wp:attachment":[{"href":"https:\/\/dani-tours.com.co\/pt\/wp-json\/wp\/v2\/media?parent=574"}],"wp:term":[{"taxonomy":"product_brand","embeddable":true,"href":"https:\/\/dani-tours.com.co\/pt\/wp-json\/wp\/v2\/product_brand?post=574"},{"taxonomy":"product_cat","embeddable":true,"href":"https:\/\/dani-tours.com.co\/pt\/wp-json\/wp\/v2\/product_cat?post=574"},{"taxonomy":"product_tag","embeddable":true,"href":"https:\/\/dani-tours.com.co\/pt\/wp-json\/wp\/v2\/product_tag?post=574"}],"curies":[{"name":"wp","href":"https:\/\/api.w.org\/{rel}","templated":true}]}}