{"id":570,"date":"2025-11-29T18:02:49","date_gmt":"2025-11-29T18:02:49","guid":{"rendered":"https:\/\/danitours.com.co\/?post_type=product&#038;p=570"},"modified":"2025-12-30T04:16:14","modified_gmt":"2025-12-30T04:16:14","slug":"yate-tourbahia","status":"publish","type":"product","link":"https:\/\/dani-tours.com.co\/pt\/produto\/yate-tourbahia\/","title":{"rendered":"Tour ba\u00eda Iate"},"content":{"rendered":"<p><strong>TOUR BAHIA, NO IATE<\/strong><br \/>\nFesta sobre o mar ao p\u00f4r-do-sol<br \/>\nDesfrute de uma viagem \u00fanica a m\u00e1gica ba\u00eda de Cartagena, enquanto voc\u00ea dan\u00e7a, traz e viver uma experi\u00eancia inesquec\u00edvel de um elegante iate.<br \/>\n110.000<br \/>\n<strong>\u00a0INCLUI:<\/strong><\/p>\n<ul>\n<li>Transporte em iate exclusivo<\/li>\n<li>Curso de 2 horas pela ba\u00eda de Cartagena<\/li>\n<li>DJ ao vivo e animador<\/li>\n<li>\u00a0Barra livre: Rum com Coca-Cola e suco de laranja<\/li>\n<li>\u00c9 permitida a entrada de bebidas sem custo<\/li>\n<li>Ingresso para a balada: Taboo ou Farra<\/li>\n<\/ul>\n<p>Ponto de encontro:<\/p>\n<p>Cais dos ensinaram a ser m\u00e3e (Diagonal da Torre do Rel\u00f3gio)<\/p>\n<p>Sa\u00eddas di\u00e1rias<br \/>\nHor\u00e1rio: 5:00 p. m. para 8:00 p. m.<\/p>","protected":false},"excerpt":{"rendered":"<p>TOUR BAH\u00cdA EN YATE Fiesta sobre el mar al atardecer Disfruta de un recorrido \u00fanico por la m\u00e1gica bah\u00eda de Cartagena mientras bailas, brindas y vives una experiencia inolvidable sobre un elegante yate. 110.000 \u00a0INCLUYE: Transporte en yate exclusivo Recorrido de 2 horas por la bah\u00eda de Cartagena DJ en vivo y animador \u00a0Barra libre: [&hellip;]<\/p>\n","protected":false},"featured_media":1678,"template":"","meta":[],"product_brand":[],"product_cat":[20],"product_tag":[],"class_list":{"0":"post-570","1":"product","2":"type-product","3":"status-publish","4":"has-post-thumbnail","6":"product_cat-actividades","8":"first","9":"instock","10":"sold-individually","11":"shipping-taxable","12":"purchasable","13":"product-type-booking"},"_links":{"self":[{"href":"https:\/\/dani-tours.com.co\/pt\/wp-json\/wp\/v2\/product\/570","targetHints":{"allow":["GET"]}}],"collection":[{"href":"https:\/\/dani-tours.com.co\/pt\/wp-json\/wp\/v2\/product"}],"about":[{"href":"https:\/\/dani-tours.com.co\/pt\/wp-json\/wp\/v2\/types\/product"}],"wp:featuredmedia":[{"embeddable":true,"href":"https:\/\/dani-tours.com.co\/pt\/wp-json\/wp\/v2\/media\/1678"}],"wp:attachment":[{"href":"https:\/\/dani-tours.com.co\/pt\/wp-json\/wp\/v2\/media?parent=570"}],"wp:term":[{"taxonomy":"product_brand","embeddable":true,"href":"https:\/\/dani-tours.com.co\/pt\/wp-json\/wp\/v2\/product_brand?post=570"},{"taxonomy":"product_cat","embeddable":true,"href":"https:\/\/dani-tours.com.co\/pt\/wp-json\/wp\/v2\/product_cat?post=570"},{"taxonomy":"product_tag","embeddable":true,"href":"https:\/\/dani-tours.com.co\/pt\/wp-json\/wp\/v2\/product_tag?post=570"}],"curies":[{"name":"wp","href":"https:\/\/api.w.org\/{rel}","templated":true}]}}