{"id":568,"date":"2025-11-29T17:40:36","date_gmt":"2025-11-29T17:40:36","guid":{"rendered":"https:\/\/danitours.com.co\/?post_type=product&#038;p=568"},"modified":"2025-12-30T04:16:40","modified_gmt":"2025-12-30T04:16:40","slug":"chiva-rumbera","status":"publish","type":"product","link":"https:\/\/dani-tours.com.co\/pt\/produto\/chiva-rumbera\/","title":{"rendered":"Chiva Rumbera"},"content":{"rendered":"<p>INCLUI:<\/p>\n<ul>\n<li>Recolha hoteleira em Bocagrande<\/li>\n<li>Passeio de 2 horas com parada para fotos em: letras de Cartagena, botas velhas e castelo de San Felipe.<\/li>\n<li>Curso por setor hoteleiro de Bocagrande, Torre do Rel\u00f3gio, a Doca dos Pegazos, Centro de Conven\u00e7\u00f5es e Rua do Arsenal. Percurso panor\u00e2mico pelas muralhas de Cartagena.<\/li>\n<li>Dj animador.<\/li>\n<li>Entrada na discoteca (s\u00f3 cover)<\/li>\n<li>\u00c9 permitido a entrada de bebidas n\u00e3o alco\u00f3licas \u00e0 chiva, sem custo adicional.<\/li>\n<li>Guia<\/li>\n<\/ul>\n<p>HOR\u00c1RIOS:<\/p>\n<ul>\n<li>7:00pm-9:00pm<\/li>\n<li>9:00 \u00e0s 11:00<\/li>\n<\/ul>\n<p>Entre em contato conosco atrav\u00e9s do WhatsApp e de acordo com o hotel onde estiver hospedado indicamos qual seria o ponto de encontro mais pr\u00f3ximo.<\/p>","protected":false},"excerpt":{"rendered":"<p>INCLUYE: Recogida hotelera en Bocagrande Recorrido de 2 horas con parada para fotos en: letras de Cartagena, botas viejas y castillo de San Felipe. Recorrido por el sector hotelero de Bocagrande, Torre del Reloj, Muelle de los Pegazos, Centro de Convenciones y Calle del Arsenal. Recorrido panor\u00e1mico por las murallas de Cartagena. Dj animador. Entrada [&hellip;]<\/p>\n","protected":false},"featured_media":1660,"template":"","meta":[],"product_brand":[],"product_cat":[20],"product_tag":[],"class_list":{"0":"post-568","1":"product","2":"type-product","3":"status-publish","4":"has-post-thumbnail","6":"product_cat-actividades","8":"first","9":"instock","10":"sold-individually","11":"shipping-taxable","12":"purchasable","13":"product-type-booking"},"_links":{"self":[{"href":"https:\/\/dani-tours.com.co\/pt\/wp-json\/wp\/v2\/product\/568","targetHints":{"allow":["GET"]}}],"collection":[{"href":"https:\/\/dani-tours.com.co\/pt\/wp-json\/wp\/v2\/product"}],"about":[{"href":"https:\/\/dani-tours.com.co\/pt\/wp-json\/wp\/v2\/types\/product"}],"wp:featuredmedia":[{"embeddable":true,"href":"https:\/\/dani-tours.com.co\/pt\/wp-json\/wp\/v2\/media\/1660"}],"wp:attachment":[{"href":"https:\/\/dani-tours.com.co\/pt\/wp-json\/wp\/v2\/media?parent=568"}],"wp:term":[{"taxonomy":"product_brand","embeddable":true,"href":"https:\/\/dani-tours.com.co\/pt\/wp-json\/wp\/v2\/product_brand?post=568"},{"taxonomy":"product_cat","embeddable":true,"href":"https:\/\/dani-tours.com.co\/pt\/wp-json\/wp\/v2\/product_cat?post=568"},{"taxonomy":"product_tag","embeddable":true,"href":"https:\/\/dani-tours.com.co\/pt\/wp-json\/wp\/v2\/product_tag?post=568"}],"curies":[{"name":"wp","href":"https:\/\/api.w.org\/{rel}","templated":true}]}}