{"id":566,"date":"2025-11-29T17:24:31","date_gmt":"2025-11-29T17:24:31","guid":{"rendered":"https:\/\/danitours.com.co\/?post_type=product&#038;p=566"},"modified":"2025-12-30T04:16:59","modified_gmt":"2025-12-30T04:16:59","slug":"city-tour-en-chiva-tradicional","status":"publish","type":"product","link":"https:\/\/dani-tours.com.co\/pt\/produto\/city-tour-en-chiva-tradicional\/","title":{"rendered":"City Tour em Chiva Tradicional"},"content":{"rendered":"<p><strong>CITY TOUR EM CHIVA<\/strong><\/p>\n<p>Conhe\u00e7a Cartagena ao ritmo de sua tradi\u00e7\u00e3o<br \/>\nUm passeio hist\u00f3rico e cultural por Cartagena em um dos transportes mais t\u00edpicos e coloridos da Col\u00f4mbia.<br \/>\n3 a 4 horas de percurso cheio de hist\u00f3ria, cultura, m\u00fasica e alegria.<\/p>\n<ul>\n<li>\u00a0Percorremos:<\/li>\n<li>Recolha em Bocagrande (pontos autorizados)<\/li>\n<li>Recolha no Centro Hist\u00f3rico (Torre do Rel\u00f3gio)<\/li>\n<li>Panor\u00e2mico pelo centro hist\u00f3rico (Torre do Rel\u00f3gio e Cais dos ensinaram a ser m\u00e3e)<\/li>\n<li>Paragem no monumento \u00e0s Botas Velhas<\/li>\n<li>Entrada e visita ao Castelo de San Felipe (Inclui entrada)<\/li>\n<li>Paragem nas Letras de Cartagena<\/li>\n<li>Caminhada guiada pelo Centro Hist\u00f3rico<br \/>\n(Ruas, pra\u00e7as e museus mais emblem\u00e1ticos do centro hist\u00f3rico)<\/li>\n<\/ul>\n<p>HOR\u00c1RIOS:<\/p>\n<ul>\n<li>8:00 am<\/li>\n<li>1:00 pm<\/li>\n<\/ul>","protected":false},"excerpt":{"rendered":"<p>CITY TOUR EN CHIVA Conoce Cartagena al ritmo de su tradici\u00f3n Un recorrido hist\u00f3rico y cultural por Cartagena en uno de los transportes m\u00e1s t\u00edpicos y coloridos de Colombia. 3 a 4 horas de recorrido lleno de historia, cultura, m\u00fasica y alegr\u00eda. \u00a0Recorremos: Recogida en Bocagrande (puntos autorizados) Recogida en el Centro Hist\u00f3rico (Torre del [&hellip;]<\/p>\n","protected":false},"featured_media":1672,"template":"","meta":[],"product_brand":[],"product_cat":[20],"product_tag":[],"class_list":{"0":"post-566","1":"product","2":"type-product","3":"status-publish","4":"has-post-thumbnail","6":"product_cat-actividades","8":"first","9":"instock","10":"sold-individually","11":"shipping-taxable","12":"purchasable","13":"product-type-booking"},"_links":{"self":[{"href":"https:\/\/dani-tours.com.co\/pt\/wp-json\/wp\/v2\/product\/566","targetHints":{"allow":["GET"]}}],"collection":[{"href":"https:\/\/dani-tours.com.co\/pt\/wp-json\/wp\/v2\/product"}],"about":[{"href":"https:\/\/dani-tours.com.co\/pt\/wp-json\/wp\/v2\/types\/product"}],"wp:featuredmedia":[{"embeddable":true,"href":"https:\/\/dani-tours.com.co\/pt\/wp-json\/wp\/v2\/media\/1672"}],"wp:attachment":[{"href":"https:\/\/dani-tours.com.co\/pt\/wp-json\/wp\/v2\/media?parent=566"}],"wp:term":[{"taxonomy":"product_brand","embeddable":true,"href":"https:\/\/dani-tours.com.co\/pt\/wp-json\/wp\/v2\/product_brand?post=566"},{"taxonomy":"product_cat","embeddable":true,"href":"https:\/\/dani-tours.com.co\/pt\/wp-json\/wp\/v2\/product_cat?post=566"},{"taxonomy":"product_tag","embeddable":true,"href":"https:\/\/dani-tours.com.co\/pt\/wp-json\/wp\/v2\/product_tag?post=566"}],"curies":[{"name":"wp","href":"https:\/\/api.w.org\/{rel}","templated":true}]}}