{"id":564,"date":"2025-11-29T17:02:13","date_gmt":"2025-11-29T17:02:13","guid":{"rendered":"https:\/\/danitours.com.co\/?post_type=product&#038;p=564"},"modified":"2025-12-30T04:18:12","modified_gmt":"2025-12-30T04:18:12","slug":"bike-tours-tierra-bomba","status":"publish","type":"product","link":"https:\/\/dani-tours.com.co\/pt\/produto\/bike-tours-tierra-bomba\/","title":{"rendered":"Bike Tours Sua Bomba"},"content":{"rendered":"<p>INCLUI:<\/p>\n<ul>\n<li>Transporte ida e volta.<\/li>\n<li>Pequeno almo\u00e7o ou lanche.<\/li>\n<li>Tour guiado.<\/li>\n<li>Ap\u00f3lice de seguro.<\/li>\n<li>Foto de lembran\u00e7a<\/li>\n<\/ul>","protected":false},"excerpt":{"rendered":"<p>INCLUYE: Transporte mar\u00edtimo ida y regreso. Desayuno almuerzo o merienda. Tour guiado. P\u00f3liza de seguro. Recuerdo fotogr\u00e1fico<\/p>","protected":false},"featured_media":565,"template":"","meta":[],"product_brand":[],"product_cat":[20],"product_tag":[],"class_list":{"0":"post-564","1":"product","2":"type-product","3":"status-publish","4":"has-post-thumbnail","6":"product_cat-actividades","8":"first","9":"instock","10":"sold-individually","11":"shipping-taxable","12":"purchasable","13":"product-type-booking"},"_links":{"self":[{"href":"https:\/\/dani-tours.com.co\/pt\/wp-json\/wp\/v2\/product\/564","targetHints":{"allow":["GET"]}}],"collection":[{"href":"https:\/\/dani-tours.com.co\/pt\/wp-json\/wp\/v2\/product"}],"about":[{"href":"https:\/\/dani-tours.com.co\/pt\/wp-json\/wp\/v2\/types\/product"}],"wp:featuredmedia":[{"embeddable":true,"href":"https:\/\/dani-tours.com.co\/pt\/wp-json\/wp\/v2\/media\/565"}],"wp:attachment":[{"href":"https:\/\/dani-tours.com.co\/pt\/wp-json\/wp\/v2\/media?parent=564"}],"wp:term":[{"taxonomy":"product_brand","embeddable":true,"href":"https:\/\/dani-tours.com.co\/pt\/wp-json\/wp\/v2\/product_brand?post=564"},{"taxonomy":"product_cat","embeddable":true,"href":"https:\/\/dani-tours.com.co\/pt\/wp-json\/wp\/v2\/product_cat?post=564"},{"taxonomy":"product_tag","embeddable":true,"href":"https:\/\/dani-tours.com.co\/pt\/wp-json\/wp\/v2\/product_tag?post=564"}],"curies":[{"name":"wp","href":"https:\/\/api.w.org\/{rel}","templated":true}]}}