{"id":558,"date":"2025-11-29T16:15:10","date_gmt":"2025-11-29T16:15:10","guid":{"rendered":"https:\/\/danitours.com.co\/?post_type=product&#038;p=558"},"modified":"2025-12-30T04:18:46","modified_gmt":"2025-12-30T04:18:46","slug":"tequila-sun-beach","status":"publish","type":"product","link":"https:\/\/dani-tours.com.co\/pt\/produto\/tequila-sun-beach\/","title":{"rendered":"Tequila Sun Beach"},"content":{"rendered":"<p>INCLUI:<\/p>\n<ul>\n<li>Recolha em hot\u00e9is localizados na zona norte e bocagrande.<\/li>\n<li>De Transporte terrestre de ida e volta.<\/li>\n<li>Snack de fruta<\/li>\n<li>Almo\u00e7o 3 op\u00e7\u00f5es<\/li>\n<li>Acesso \u00e0s instala\u00e7\u00f5es do clube, banheiros, cadeiras asoleadoras, camas e mesas.<\/li>\n<\/ul>","protected":false},"excerpt":{"rendered":"<p>INCLUYE: Recogida en hoteles ubicados en zona norte y bocagrande. Transporte terrestre ida y regreso. Snack de fruta Almuerzo 3 opciones Acceso a las instalaciones del club, ba\u00f1os, sillas asoleadoras, camas y mesas.<\/p>","protected":false},"featured_media":559,"template":"","meta":[],"product_brand":[],"product_cat":[19],"product_tag":[],"class_list":{"0":"post-558","1":"product","2":"type-product","3":"status-publish","4":"has-post-thumbnail","6":"product_cat-baru","8":"first","9":"instock","10":"sold-individually","11":"shipping-taxable","12":"purchasable","13":"product-type-booking"},"_links":{"self":[{"href":"https:\/\/dani-tours.com.co\/pt\/wp-json\/wp\/v2\/product\/558","targetHints":{"allow":["GET"]}}],"collection":[{"href":"https:\/\/dani-tours.com.co\/pt\/wp-json\/wp\/v2\/product"}],"about":[{"href":"https:\/\/dani-tours.com.co\/pt\/wp-json\/wp\/v2\/types\/product"}],"wp:featuredmedia":[{"embeddable":true,"href":"https:\/\/dani-tours.com.co\/pt\/wp-json\/wp\/v2\/media\/559"}],"wp:attachment":[{"href":"https:\/\/dani-tours.com.co\/pt\/wp-json\/wp\/v2\/media?parent=558"}],"wp:term":[{"taxonomy":"product_brand","embeddable":true,"href":"https:\/\/dani-tours.com.co\/pt\/wp-json\/wp\/v2\/product_brand?post=558"},{"taxonomy":"product_cat","embeddable":true,"href":"https:\/\/dani-tours.com.co\/pt\/wp-json\/wp\/v2\/product_cat?post=558"},{"taxonomy":"product_tag","embeddable":true,"href":"https:\/\/dani-tours.com.co\/pt\/wp-json\/wp\/v2\/product_tag?post=558"}],"curies":[{"name":"wp","href":"https:\/\/api.w.org\/{rel}","templated":true}]}}