{"id":556,"date":"2025-11-29T16:04:54","date_gmt":"2025-11-29T16:04:54","guid":{"rendered":"https:\/\/danitours.com.co\/?post_type=product&#038;p=556"},"modified":"2025-12-30T04:19:02","modified_gmt":"2025-12-30T04:19:02","slug":"palamarito","status":"publish","type":"product","link":"https:\/\/dani-tours.com.co\/pt\/produto\/palamarito\/","title":{"rendered":"Palmarito Beach Club"},"content":{"rendered":"<p><strong>DAY TOUR \u2013 PALMARITO BEACH<\/strong><\/p>\n<p>Um para\u00edso para desfrutar, descansar e divertir-se em fam\u00edlia ou com amigos<\/p>\n<p><strong>INCLUI<\/strong>:<br \/>\nTransporte de barco ida e volta<br \/>\nSaindo da praia do novo hospital de Bocagrande<br \/>\nBebida de boas-vindas refrescante<br \/>\nAlmo\u00e7o tipo buffet delicioso<br \/>\nAcesso \u00e0s instala\u00e7\u00f5es:<br \/>\nCadeiras asoleadoras<br \/>\nQuiosques de palma (localiza\u00e7\u00e3o por ordem de chegada)<br \/>\nUso livre de Caiaques<br \/>\nTabelas de Paddle<br \/>\nPiscina<\/p>\n<p><strong>IMPORTANTE<\/strong>:<\/p>\n<p>Ter em conta:<br \/>\nN\u00e3o \u00e9 permitida a entrada de alimentos ou bebidas externas<br \/>\nAs bebidas alco\u00f3licas externas t\u00eam custo por descortizado<\/p>","protected":false},"excerpt":{"rendered":"<p>DAY TOUR \u2013 PALMARITO BEACH Un para\u00edso para disfrutar, descansar y divertirse en familia o con amigos INCLUYE: Transporte en lancha ida y regreso Salida desde la playa del nuevo hospital de Bocagrande Bebida de bienvenida refrescante Almuerzo tipo buffet delicioso Acceso a instalaciones: Sillas asoleadoras Kioskos de palma (ubicaci\u00f3n por orden de llegada) Uso [&hellip;]<\/p>\n","protected":false},"featured_media":1766,"template":"","meta":[],"product_brand":[],"product_cat":[27],"product_tag":[],"class_list":{"0":"post-556","1":"product","2":"type-product","3":"status-publish","4":"has-post-thumbnail","6":"product_cat-punta-arena","8":"first","9":"instock","10":"sold-individually","11":"shipping-taxable","12":"purchasable","13":"product-type-booking"},"_links":{"self":[{"href":"https:\/\/dani-tours.com.co\/pt\/wp-json\/wp\/v2\/product\/556","targetHints":{"allow":["GET"]}}],"collection":[{"href":"https:\/\/dani-tours.com.co\/pt\/wp-json\/wp\/v2\/product"}],"about":[{"href":"https:\/\/dani-tours.com.co\/pt\/wp-json\/wp\/v2\/types\/product"}],"wp:featuredmedia":[{"embeddable":true,"href":"https:\/\/dani-tours.com.co\/pt\/wp-json\/wp\/v2\/media\/1766"}],"wp:attachment":[{"href":"https:\/\/dani-tours.com.co\/pt\/wp-json\/wp\/v2\/media?parent=556"}],"wp:term":[{"taxonomy":"product_brand","embeddable":true,"href":"https:\/\/dani-tours.com.co\/pt\/wp-json\/wp\/v2\/product_brand?post=556"},{"taxonomy":"product_cat","embeddable":true,"href":"https:\/\/dani-tours.com.co\/pt\/wp-json\/wp\/v2\/product_cat?post=556"},{"taxonomy":"product_tag","embeddable":true,"href":"https:\/\/dani-tours.com.co\/pt\/wp-json\/wp\/v2\/product_tag?post=556"}],"curies":[{"name":"wp","href":"https:\/\/api.w.org\/{rel}","templated":true}]}}