{"id":546,"date":"2025-11-29T14:05:06","date_gmt":"2025-11-29T14:05:06","guid":{"rendered":"https:\/\/danitours.com.co\/?post_type=product&#038;p=546"},"modified":"2025-12-30T04:20:12","modified_gmt":"2025-12-30T04:20:12","slug":"bora-bora-area-club","status":"publish","type":"product","link":"https:\/\/dani-tours.com.co\/pt\/produto\/bora-bora-area-club\/","title":{"rendered":"Bora Bora \u00c1rea Club"},"content":{"rendered":"<p><strong>PIQUENIQUE BORA BORA \u00c1REA CLUB<\/strong><br \/>\nViva a experi\u00eancia Bora Bora, aproveite o sol, a m\u00fasica e o mar no para\u00edso.<\/p>\n<p><strong>INCLUI<\/strong><br \/>\nTransporte em lancha r\u00e1pida ida e volta<br \/>\nCocktail de boas-vindas<br \/>\nAlmo\u00e7o: 3 op\u00e7\u00f5es<br \/>\nCama de praia<br \/>\nDJ para animar o ambiente<br \/>\nWi-fi para compartilhar a sua experi\u00eancia<br \/>\nServi\u00e7o de casas de banho<\/p>\n<p><strong>\u274c N\u00c3O INCLUI \u274c<\/strong><br \/>\n* \u00c1reas preferenciais<br \/>\n* Imposto<\/p>\n<p>Ponto de encontro: Cais Hotel, porta #3<br \/>\nHora de sa\u00edda: 7:40 am<br \/>\nSa\u00eddas di\u00e1rias<\/p>","protected":false},"excerpt":{"rendered":"<p>PASAD\u00cdA BORA BORA \u00c1REA CLUB Vive la experiencia Bora Bora, disfruta del sol, la m\u00fasica y el mar en el para\u00edso. INCLUYE Transporte en lancha r\u00e1pida ida y regreso C\u00f3ctel de bienvenida Almuerzo: 3 opciones Cama de playa DJ para animar el ambiente Wifi para compartir tu experiencia Servicio de ba\u00f1os \u274c NO INCLUYE \u274c [&hellip;]<\/p>\n","protected":false},"featured_media":1851,"template":"","meta":[],"product_brand":[],"product_cat":[22],"product_tag":[],"class_list":{"0":"post-546","1":"product","2":"type-product","3":"status-publish","4":"has-post-thumbnail","6":"product_cat-islasdelrosario","8":"first","9":"instock","10":"sold-individually","11":"shipping-taxable","12":"purchasable","13":"product-type-booking"},"_links":{"self":[{"href":"https:\/\/dani-tours.com.co\/pt\/wp-json\/wp\/v2\/product\/546","targetHints":{"allow":["GET"]}}],"collection":[{"href":"https:\/\/dani-tours.com.co\/pt\/wp-json\/wp\/v2\/product"}],"about":[{"href":"https:\/\/dani-tours.com.co\/pt\/wp-json\/wp\/v2\/types\/product"}],"wp:featuredmedia":[{"embeddable":true,"href":"https:\/\/dani-tours.com.co\/pt\/wp-json\/wp\/v2\/media\/1851"}],"wp:attachment":[{"href":"https:\/\/dani-tours.com.co\/pt\/wp-json\/wp\/v2\/media?parent=546"}],"wp:term":[{"taxonomy":"product_brand","embeddable":true,"href":"https:\/\/dani-tours.com.co\/pt\/wp-json\/wp\/v2\/product_brand?post=546"},{"taxonomy":"product_cat","embeddable":true,"href":"https:\/\/dani-tours.com.co\/pt\/wp-json\/wp\/v2\/product_cat?post=546"},{"taxonomy":"product_tag","embeddable":true,"href":"https:\/\/dani-tours.com.co\/pt\/wp-json\/wp\/v2\/product_tag?post=546"}],"curies":[{"name":"wp","href":"https:\/\/api.w.org\/{rel}","templated":true}]}}