{"id":545,"date":"2025-11-29T13:55:11","date_gmt":"2025-11-29T13:55:11","guid":{"rendered":"https:\/\/danitours.com.co\/?post_type=product&#038;p=545"},"modified":"2025-12-30T04:21:02","modified_gmt":"2025-12-30T04:21:02","slug":"eteka","status":"publish","type":"product","link":"https:\/\/dani-tours.com.co\/pt\/produto\/eteka\/","title":{"rendered":"Eteka Beach Club"},"content":{"rendered":"<ul>\n<li><strong>PIQUENIQUE ETEKA EXCLUSIVO &amp; RELAXANTE<\/strong><br \/>\nDesfrute de uma experi\u00eancia premium em uma praia semi-privativa<strong>INCLUI<\/strong>:<br \/>\nTransporte de barco (ida e volta)<br \/>\nCocktail de boas-vindas<br \/>\nExperi\u00eancia de jantar de 3 tempos:<br \/>\nEntrada<br \/>\nPrato principal (\u00e0 carta at\u00e9 r $80.000 COP)<br \/>\nSobremesa (entrada e sobremesa a sugest\u00e3o do chef)<br \/>\nAcesso \u00e0 praia semi-privativa + lounge<br \/>\n1 toalha por pessoa<br \/>\nUso de paddle<br \/>\nImposto de cais<br \/>\nDJ ao vivo aos s\u00e1bados (Downtempo vibes)<strong>HOR\u00c1RIOS DE TRANSPORTE:<\/strong><br \/>\nSa\u00eddas: 10:00 \u00e0s.m. | 11:00 a.m.<br \/>\nRegressos: 4:00 p. m. | 5:00 p. m.<\/li>\n<li>Ponto de encontro:<br \/>\nCais do Hotel \u2013 Porta #1<strong>NOTAS IMPORTANTES:<\/strong><br \/>\nPet Friendly:<br \/>\nSeu animal de estima\u00e7\u00e3o \u00e9 bem-vinda<br \/>\nPor seguran\u00e7a, \u00e9 obrigat\u00f3rio o uso de trabilla<br \/>\nH\u00e1 animais nativos da ilha, evita incidentes<strong>SERVI\u00c7OS ADICIONAIS:<\/strong><br \/>\nSPA dispon\u00edvel para que complete o seu dia de descanso<\/li>\n<\/ul>","protected":false},"excerpt":{"rendered":"<p>PASAD\u00cdA ETEKA EXCLUSIVO &amp; RELAJANTE Disfruta de una experiencia premium en una playa semi-privadaINCLUYE: Transporte en lancha (ida y regreso) C\u00f3ctel de bienvenida Experiencia Gastron\u00f3mica de 3 tiempos: Entrada Plato fuerte (a la carta hasta $80.000 COP) Postre (entrada y postre a sugerencia del chef) Acceso a playa semi-privada + lounge 1 toalla por persona [&hellip;]<\/p>\n","protected":false},"featured_media":1774,"template":"","meta":[],"product_brand":[],"product_cat":[27],"product_tag":[],"class_list":{"0":"post-545","1":"product","2":"type-product","3":"status-publish","4":"has-post-thumbnail","6":"product_cat-punta-arena","8":"first","9":"instock","10":"sold-individually","11":"shipping-taxable","12":"purchasable","13":"product-type-booking"},"_links":{"self":[{"href":"https:\/\/dani-tours.com.co\/pt\/wp-json\/wp\/v2\/product\/545","targetHints":{"allow":["GET"]}}],"collection":[{"href":"https:\/\/dani-tours.com.co\/pt\/wp-json\/wp\/v2\/product"}],"about":[{"href":"https:\/\/dani-tours.com.co\/pt\/wp-json\/wp\/v2\/types\/product"}],"wp:featuredmedia":[{"embeddable":true,"href":"https:\/\/dani-tours.com.co\/pt\/wp-json\/wp\/v2\/media\/1774"}],"wp:attachment":[{"href":"https:\/\/dani-tours.com.co\/pt\/wp-json\/wp\/v2\/media?parent=545"}],"wp:term":[{"taxonomy":"product_brand","embeddable":true,"href":"https:\/\/dani-tours.com.co\/pt\/wp-json\/wp\/v2\/product_brand?post=545"},{"taxonomy":"product_cat","embeddable":true,"href":"https:\/\/dani-tours.com.co\/pt\/wp-json\/wp\/v2\/product_cat?post=545"},{"taxonomy":"product_tag","embeddable":true,"href":"https:\/\/dani-tours.com.co\/pt\/wp-json\/wp\/v2\/product_tag?post=545"}],"curies":[{"name":"wp","href":"https:\/\/api.w.org\/{rel}","templated":true}]}}