{"id":543,"date":"2025-11-29T13:52:41","date_gmt":"2025-11-29T13:52:41","guid":{"rendered":"https:\/\/danitours.com.co\/?post_type=product&#038;p=543"},"modified":"2025-12-30T04:21:18","modified_gmt":"2025-12-30T04:21:18","slug":"secreto-hotel-isla-del-rosario","status":"publish","type":"product","link":"https:\/\/dani-tours.com.co\/pt\/produto\/secreto-hotel-isla-del-rosario\/","title":{"rendered":"Segredo Hotel (ilha do ros\u00e1rio)"},"content":{"rendered":"<p><strong>PIQUENIQUE SEGREDO<\/strong><\/p>\n<p>Descubra o segredo do para\u00edso e viva uma experi\u00eancia \u00fanica em todas as Ilhas do Ros\u00e1rio.<\/p>\n<p><strong>INCLUI<\/strong>:<br \/>\n* Recolha terrestre (Centro, Bocagrande, Manga e figueira da foz) \u00e0s 7:20. m. a partir de seu hotel para o Cais A seu Hotel, porta n\u00famero 1 (outros trajetos t\u00eam custo adicional).<br \/>\n* Transporte ida e volta.<br \/>\n* Coquetel de boas-vindas.<br \/>\n* Almo\u00e7o de tr\u00eas etapas: entrada, prato principal e sobremesa.<br \/>\n* Acesso \u00e0s zonas h\u00famidas (inclui toalha e chuveiros de \u00e1gua doce).<\/p>\n<p><strong>TOUR E ATIVIDADES:<\/strong><br \/>\n* Explora\u00e7\u00e3o da aeronave.<br \/>\n* Atividade de Subwing.<br \/>\n* Atividade de mergulho livre (inclui m\u00e1scara e tubo).<br \/>\n* Visita ao bar na \u00e1gua.<br \/>\n* Seguro m\u00e9dico express.<\/p>\n<p><strong>N\u00c3O INCLUI:<\/strong><br \/>\nTaxa portu\u00e1ria:<\/p>\n<p><strong>HOR\u00c1RIOS:<\/strong><br \/>\n* Sa\u00edda: entre 8:00. m. e 8:30. m.<br \/>\n* Retorno: entre 2:40 p. m. e 3:00 p. m<\/p>","protected":false},"excerpt":{"rendered":"<p>PASAD\u00cdA SECRETO Descubre el secreto del para\u00edso y vive una experiencia \u00fanica en las Islas del Rosario. INCLUYE: * Recogida terrestre (Centro, Bocagrande, Manga y Marbella) a las 7:20 a. m. desde tu hotel al Muelle La Bodeguita, puerta n\u00famero 1 (otros trayectos tienen costo adicional). * Transporte mar\u00edtimo ida y regreso. * C\u00f3ctel de [&hellip;]<\/p>\n","protected":false},"featured_media":1837,"template":"","meta":[],"product_brand":[],"product_cat":[22],"product_tag":[],"class_list":{"0":"post-543","1":"product","2":"type-product","3":"status-publish","4":"has-post-thumbnail","6":"product_cat-islasdelrosario","8":"first","9":"instock","10":"sold-individually","11":"shipping-taxable","12":"purchasable","13":"product-type-booking"},"_links":{"self":[{"href":"https:\/\/dani-tours.com.co\/pt\/wp-json\/wp\/v2\/product\/543","targetHints":{"allow":["GET"]}}],"collection":[{"href":"https:\/\/dani-tours.com.co\/pt\/wp-json\/wp\/v2\/product"}],"about":[{"href":"https:\/\/dani-tours.com.co\/pt\/wp-json\/wp\/v2\/types\/product"}],"wp:featuredmedia":[{"embeddable":true,"href":"https:\/\/dani-tours.com.co\/pt\/wp-json\/wp\/v2\/media\/1837"}],"wp:attachment":[{"href":"https:\/\/dani-tours.com.co\/pt\/wp-json\/wp\/v2\/media?parent=543"}],"wp:term":[{"taxonomy":"product_brand","embeddable":true,"href":"https:\/\/dani-tours.com.co\/pt\/wp-json\/wp\/v2\/product_brand?post=543"},{"taxonomy":"product_cat","embeddable":true,"href":"https:\/\/dani-tours.com.co\/pt\/wp-json\/wp\/v2\/product_cat?post=543"},{"taxonomy":"product_tag","embeddable":true,"href":"https:\/\/dani-tours.com.co\/pt\/wp-json\/wp\/v2\/product_tag?post=543"}],"curies":[{"name":"wp","href":"https:\/\/api.w.org\/{rel}","templated":true}]}}