{"id":541,"date":"2025-11-29T13:41:42","date_gmt":"2025-11-29T13:41:42","guid":{"rendered":"https:\/\/danitours.com.co\/?post_type=product&#038;p=541"},"modified":"2025-12-30T04:21:36","modified_gmt":"2025-12-30T04:21:36","slug":"ancestral-lounge","status":"publish","type":"product","link":"https:\/\/dani-tours.com.co\/pt\/produto\/ancestral-lounge\/","title":{"rendered":"Ancestral Lounge"},"content":{"rendered":"<p><strong>PIQUENIQUE ANCESTRAL\u00a0<\/strong><br \/>\nVive uma experi\u00eancia cheia de cultura, o sabor e descontra\u00e7\u00e3o \u00e0 beira-mar.<\/p>\n<p><strong>INCLUI<\/strong>:<br \/>\nTransporte de barco ida e volta<br \/>\nSaindo da Praia do Novo Hospital de Bocagrande<br \/>\nBebida de boas-vindas<br \/>\nAlmo\u00e7o t\u00edpico<br \/>\nUtiliza\u00e7\u00e3o das instala\u00e7\u00f5es:<br \/>\nCadeiras asoleadoras ou quiosques (de acordo com a disponibilidade e ordem de chegada)<br \/>\nO Uso de tabelas de paddle<\/p>\n<p><strong>IMPORTANTE<\/strong>:<\/p>\n<p>N\u00e3o \u00e9 permitida a entrada de alimentos ou bebidas<br \/>\nA entrada de bebidas alco\u00f3licas gera cobran\u00e7a por descortizado<\/p>","protected":false},"excerpt":{"rendered":"<p>PASAD\u00cdA ANCESTRAL\u00a0 Vive una experiencia llena de cultura, sabor y relax frente al mar. INCLUYE: Transporte en lancha ida y regreso Salida desde la Playa del Nuevo Hospital de Bocagrande Bebida de bienvenida Almuerzo t\u00edpico Uso de las instalaciones: Sillas asoleadoras o kioskos (seg\u00fan disponibilidad y orden de llegada) Uso de tablas de paddle IMPORTANTE: [&hellip;]<\/p>\n","protected":false},"featured_media":1758,"template":"","meta":[],"product_brand":[],"product_cat":[27],"product_tag":[],"class_list":{"0":"post-541","1":"product","2":"type-product","3":"status-publish","4":"has-post-thumbnail","6":"product_cat-punta-arena","8":"first","9":"instock","10":"sold-individually","11":"shipping-taxable","12":"purchasable","13":"product-type-booking"},"_links":{"self":[{"href":"https:\/\/dani-tours.com.co\/pt\/wp-json\/wp\/v2\/product\/541","targetHints":{"allow":["GET"]}}],"collection":[{"href":"https:\/\/dani-tours.com.co\/pt\/wp-json\/wp\/v2\/product"}],"about":[{"href":"https:\/\/dani-tours.com.co\/pt\/wp-json\/wp\/v2\/types\/product"}],"wp:featuredmedia":[{"embeddable":true,"href":"https:\/\/dani-tours.com.co\/pt\/wp-json\/wp\/v2\/media\/1758"}],"wp:attachment":[{"href":"https:\/\/dani-tours.com.co\/pt\/wp-json\/wp\/v2\/media?parent=541"}],"wp:term":[{"taxonomy":"product_brand","embeddable":true,"href":"https:\/\/dani-tours.com.co\/pt\/wp-json\/wp\/v2\/product_brand?post=541"},{"taxonomy":"product_cat","embeddable":true,"href":"https:\/\/dani-tours.com.co\/pt\/wp-json\/wp\/v2\/product_cat?post=541"},{"taxonomy":"product_tag","embeddable":true,"href":"https:\/\/dani-tours.com.co\/pt\/wp-json\/wp\/v2\/product_tag?post=541"}],"curies":[{"name":"wp","href":"https:\/\/api.w.org\/{rel}","templated":true}]}}