{"id":463,"date":"2025-11-22T19:08:13","date_gmt":"2025-11-22T19:08:13","guid":{"rendered":"https:\/\/danitours.com.co\/?post_type=product&#038;p=463"},"modified":"2025-12-30T04:22:25","modified_gmt":"2025-12-30T04:22:25","slug":"marena-beach","status":"publish","type":"product","link":"https:\/\/dani-tours.com.co\/pt\/produto\/marena-beach\/","title":{"rendered":"Marena Beach Club"},"content":{"rendered":"<p><strong>PIQUENIQUE MARENA BEACH CLUB<\/strong><\/p>\n<p>Ilha Tierra Bomba<\/p>\n<p><strong>INCLUI<\/strong>:<br \/>\nTransporte de barco (ida e volta)<br \/>\nAlmo\u00e7o t\u00edpico (escolhe):<br \/>\nMojarra preta<br \/>\nPeito<br \/>\nCosteleta de<br \/>\nAcompanha: Arroz de coco, Salada, Patacon e Sopa<br \/>\nAcesso a instala\u00e7\u00f5es de todo o dia (de acordo com disponibilidade):<br \/>\nGuarda-chuva<br \/>\n\u2022Mesas e cadeiras<br \/>\n\u2022Boh\u00edos<br \/>\n\u2022Casas de banho<\/p>\n<p><strong>Importante<\/strong>:<br \/>\nN\u00e3o \u00e9 permitida a entrada de bebidas ou alimentos externos<br \/>\nO seu espa\u00e7o na praia ser\u00e1 atribu\u00eddo ao chegar (de acordo com a ordem e disponibilidade)<\/p>","protected":false},"excerpt":{"rendered":"<p>PASAD\u00cdA MARENA BEACH CLUB Isla Tierra Bomba INCLUYE: Transporte en lancha (ida y regreso) Almuerzo t\u00edpico (elige entre): Mojarra negra Pechuga Chuleta Acompa\u00f1antes: Arroz de coco, Ensalada, Patac\u00f3n y Sopa Acceso a instalaciones todo el d\u00eda (seg\u00fan disponibilidad): Paraguas \u2022Sillas y mesas \u2022Boh\u00edos \u2022Ba\u00f1os Importante: No se permite el ingreso de bebidas ni alimentos externos [&hellip;]<\/p>\n","protected":false},"featured_media":1744,"template":"","meta":[],"product_brand":[],"product_cat":[27],"product_tag":[],"class_list":{"0":"post-463","1":"product","2":"type-product","3":"status-publish","4":"has-post-thumbnail","6":"product_cat-punta-arena","8":"first","9":"instock","10":"sold-individually","11":"shipping-taxable","12":"purchasable","13":"product-type-booking"},"_links":{"self":[{"href":"https:\/\/dani-tours.com.co\/pt\/wp-json\/wp\/v2\/product\/463","targetHints":{"allow":["GET"]}}],"collection":[{"href":"https:\/\/dani-tours.com.co\/pt\/wp-json\/wp\/v2\/product"}],"about":[{"href":"https:\/\/dani-tours.com.co\/pt\/wp-json\/wp\/v2\/types\/product"}],"wp:featuredmedia":[{"embeddable":true,"href":"https:\/\/dani-tours.com.co\/pt\/wp-json\/wp\/v2\/media\/1744"}],"wp:attachment":[{"href":"https:\/\/dani-tours.com.co\/pt\/wp-json\/wp\/v2\/media?parent=463"}],"wp:term":[{"taxonomy":"product_brand","embeddable":true,"href":"https:\/\/dani-tours.com.co\/pt\/wp-json\/wp\/v2\/product_brand?post=463"},{"taxonomy":"product_cat","embeddable":true,"href":"https:\/\/dani-tours.com.co\/pt\/wp-json\/wp\/v2\/product_cat?post=463"},{"taxonomy":"product_tag","embeddable":true,"href":"https:\/\/dani-tours.com.co\/pt\/wp-json\/wp\/v2\/product_tag?post=463"}],"curies":[{"name":"wp","href":"https:\/\/api.w.org\/{rel}","templated":true}]}}