{"id":461,"date":"2025-11-22T17:36:21","date_gmt":"2025-11-22T17:36:21","guid":{"rendered":"https:\/\/danitours.com.co\/?post_type=product&#038;p=461"},"modified":"2025-12-30T04:22:44","modified_gmt":"2025-12-30T04:22:44","slug":"paddle-en-cartagena-clases-personalizadas","status":"publish","type":"product","link":"https:\/\/dani-tours.com.co\/pt\/produto\/paddle-en-cartagena-clases-personalizadas\/","title":{"rendered":"Paddle em Cartagena (Aulas particulares)"},"content":{"rendered":"<p>Aulas durante a semana (min. 2 pessoas):<\/p>\n<ul>\n<li>Hor\u00e1rios flex\u00edveis.<\/li>\n<li>Inclui tabelas, colete, remo, indu\u00e7\u00e3o, fotos e v\u00eddeos.<\/li>\n<li>Dura\u00e7\u00e3o 1 hora e 30 minutos.<\/li>\n<\/ul>","protected":false},"excerpt":{"rendered":"<p>Clases personalizadas entre semana (min. 2 personas): Horarios flexibles. Incluye tabla, chaleco, remo, inducci\u00f3n, fotos y videos. Duraci\u00f3n 1 hora 30 minutos.<\/p>","protected":false},"featured_media":462,"template":"","meta":[],"product_brand":[],"product_cat":[20],"product_tag":[],"class_list":{"0":"post-461","1":"product","2":"type-product","3":"status-publish","4":"has-post-thumbnail","6":"product_cat-actividades","8":"first","9":"instock","10":"sold-individually","11":"shipping-taxable","12":"purchasable","13":"product-type-booking"},"_links":{"self":[{"href":"https:\/\/dani-tours.com.co\/pt\/wp-json\/wp\/v2\/product\/461","targetHints":{"allow":["GET"]}}],"collection":[{"href":"https:\/\/dani-tours.com.co\/pt\/wp-json\/wp\/v2\/product"}],"about":[{"href":"https:\/\/dani-tours.com.co\/pt\/wp-json\/wp\/v2\/types\/product"}],"wp:featuredmedia":[{"embeddable":true,"href":"https:\/\/dani-tours.com.co\/pt\/wp-json\/wp\/v2\/media\/462"}],"wp:attachment":[{"href":"https:\/\/dani-tours.com.co\/pt\/wp-json\/wp\/v2\/media?parent=461"}],"wp:term":[{"taxonomy":"product_brand","embeddable":true,"href":"https:\/\/dani-tours.com.co\/pt\/wp-json\/wp\/v2\/product_brand?post=461"},{"taxonomy":"product_cat","embeddable":true,"href":"https:\/\/dani-tours.com.co\/pt\/wp-json\/wp\/v2\/product_cat?post=461"},{"taxonomy":"product_tag","embeddable":true,"href":"https:\/\/dani-tours.com.co\/pt\/wp-json\/wp\/v2\/product_tag?post=461"}],"curies":[{"name":"wp","href":"https:\/\/api.w.org\/{rel}","templated":true}]}}