{"id":457,"date":"2025-11-22T16:21:49","date_gmt":"2025-11-22T16:21:49","guid":{"rendered":"https:\/\/danitours.com.co\/?post_type=product&#038;p=457"},"modified":"2025-12-30T04:23:33","modified_gmt":"2025-12-30T04:23:33","slug":"pasadia-costa-azul","status":"publish","type":"product","link":"https:\/\/dani-tours.com.co\/pt\/produto\/pasadia-costa-azul\/","title":{"rendered":"Piquenique Costa Azul (Terra Bomba)"},"content":{"rendered":"<p><strong>PIQUENIQUE COSTA AZUL<\/strong><br \/>\nPraia estilo caribenho<\/p>\n<p><strong>INCLUI<\/strong><\/p>\n<ul>\n<li>Transporte de barco (ida e volta)<\/li>\n<li>Almo\u00e7o t\u00edpico costeiro:<\/li>\n<li>Mojarra negra frita<\/li>\n<li>Frango grelhado<\/li>\n<li>Porco<\/li>\n<li>Quiosque<\/li>\n<li>Mesas e cadeiras<\/li>\n<li>Ambiente relaxante em frente ao mar<\/li>\n<\/ul>\n<p>Sa\u00eddas todos os dias<\/p>","protected":false},"excerpt":{"rendered":"<p>PASAD\u00cdA COSTA AZUL Playa al estilo caribe\u00f1o INCLUYE Transporte en lancha (ida y regreso) Almuerzo t\u00edpico coste\u00f1o: Mojarra negra frita Pollo a la plancha Cerdo Kiosco Mesas y sillas Ambiente relajante frente al mar Salidas todos los dias<\/p>","protected":false},"featured_media":1737,"template":"","meta":[],"product_brand":[],"product_cat":[27],"product_tag":[],"class_list":{"0":"post-457","1":"product","2":"type-product","3":"status-publish","4":"has-post-thumbnail","6":"product_cat-punta-arena","8":"first","9":"instock","10":"sold-individually","11":"shipping-taxable","12":"purchasable","13":"product-type-booking"},"_links":{"self":[{"href":"https:\/\/dani-tours.com.co\/pt\/wp-json\/wp\/v2\/product\/457","targetHints":{"allow":["GET"]}}],"collection":[{"href":"https:\/\/dani-tours.com.co\/pt\/wp-json\/wp\/v2\/product"}],"about":[{"href":"https:\/\/dani-tours.com.co\/pt\/wp-json\/wp\/v2\/types\/product"}],"wp:featuredmedia":[{"embeddable":true,"href":"https:\/\/dani-tours.com.co\/pt\/wp-json\/wp\/v2\/media\/1737"}],"wp:attachment":[{"href":"https:\/\/dani-tours.com.co\/pt\/wp-json\/wp\/v2\/media?parent=457"}],"wp:term":[{"taxonomy":"product_brand","embeddable":true,"href":"https:\/\/dani-tours.com.co\/pt\/wp-json\/wp\/v2\/product_brand?post=457"},{"taxonomy":"product_cat","embeddable":true,"href":"https:\/\/dani-tours.com.co\/pt\/wp-json\/wp\/v2\/product_cat?post=457"},{"taxonomy":"product_tag","embeddable":true,"href":"https:\/\/dani-tours.com.co\/pt\/wp-json\/wp\/v2\/product_tag?post=457"}],"curies":[{"name":"wp","href":"https:\/\/api.w.org\/{rel}","templated":true}]}}