{"id":2142,"date":"2025-12-29T20:36:09","date_gmt":"2025-12-29T20:36:09","guid":{"rendered":"https:\/\/dani-tours.com.co\/?post_type=product&#038;p=2142"},"modified":"2025-12-30T03:36:20","modified_gmt":"2025-12-30T03:36:20","slug":"city-tour-barranquilla-santa-marta","status":"publish","type":"product","link":"https:\/\/dani-tours.com.co\/pt\/produto\/city-tour-barranquilla-santa-marta\/","title":{"rendered":"City Tour Barranquilla \u2013 Santa Marta"},"content":{"rendered":"<p>Conhe\u00e7a Barranquilla e Santa marta em um s\u00f3 dia<\/p>\n<p>Sa\u00edda em Cartagena<\/p>\n<p><strong>INCLUI<\/strong>:<\/p>\n<p><strong>BARRANQUILLA<\/strong><\/p>\n<ul>\n<li>Letras De Barranquilla<\/li>\n<li>Monumento Janela Do Mundo<\/li>\n<li>\u00a0Texto do Jacar\u00e9 e Avenida Do Rio<\/li>\n<li>Monumento de Shakira.<\/li>\n<li>Monumento Barbatana do Tubar\u00e3o<\/li>\n<li>Panor\u00e2mico Ponte Pumarejo<br \/>\n<strong>SANTA MARTA<\/strong><\/li>\n<li>\u00a0Monumento Do Garoto Valderrama<\/li>\n<li>Bahia De Santa Marta<\/li>\n<li>\u00a0Pra\u00e7a Bol\u00edvar<\/li>\n<li>\u00a0Walking Tour Pela Cidade Colonial<\/li>\n<li>Museu Do Ouro<\/li>\n<li>Catedral De Santa Marta<\/li>\n<li>\u00a0Parques Dos Noivos<\/li>\n<li>Praia Rodadero<\/li>\n<li>Transporte para a Quinta de San Pedro Alejandrino (N\u00e3o inclui o valor da entrada )<\/li>\n<\/ul>\n<p><strong>INCLUI<\/strong><br \/>\n\u00d4nibus climatizado ,Guia Bil\u00edng\u00fce, Caf\u00e9 da manh\u00e3, Almo\u00e7o e Garrafa De \u00c1gua.<\/p>\n<p><strong>SA\u00cdDAS<\/strong><br \/>\nTer\u00e7a , Quarta, Quinta , Sexta , S\u00e1bado, Domingo<br \/>\nHora De Recolha<br \/>\nCentro e jardim do Gets\u00eamani: 4:00 Am<br \/>\nBocagrande e Lagoa: 4:30 Am<br \/>\nMarbella e da Zona Norte: 5:00 Am<br \/>\nChegada A Cartagena Entre 8:30 \u2013 9:00 Pm<\/p>","protected":false},"excerpt":{"rendered":"<p>Conoce Barranquilla y Santa marta en un solo dia Salida desde Cartagena INCLUYE: BARRANQUILLA Letras De Barranquilla Monumento Ventana Del Mundo \u00a0Malec\u00f3n del Caim\u00e1n y Avenida Del R\u00edo Monumento de Shakira. Monumento Aleta del Tibur\u00f3n Panoramico Puente Pumarejo SANTA MARTA \u00a0Monumento Del Pibe Valderrama Bahia De Santa Marta \u00a0Plaza Bolivar \u00a0Walking Tour Ciudad Colonial Museo [&hellip;]<\/p>\n","protected":false},"featured_media":2144,"template":"","meta":[],"product_brand":[],"product_cat":[20],"product_tag":[],"class_list":{"0":"post-2142","1":"product","2":"type-product","3":"status-publish","4":"has-post-thumbnail","6":"product_cat-actividades","8":"first","9":"instock","10":"sold-individually","11":"shipping-taxable","12":"purchasable","13":"product-type-booking"},"_links":{"self":[{"href":"https:\/\/dani-tours.com.co\/pt\/wp-json\/wp\/v2\/product\/2142","targetHints":{"allow":["GET"]}}],"collection":[{"href":"https:\/\/dani-tours.com.co\/pt\/wp-json\/wp\/v2\/product"}],"about":[{"href":"https:\/\/dani-tours.com.co\/pt\/wp-json\/wp\/v2\/types\/product"}],"wp:featuredmedia":[{"embeddable":true,"href":"https:\/\/dani-tours.com.co\/pt\/wp-json\/wp\/v2\/media\/2144"}],"wp:attachment":[{"href":"https:\/\/dani-tours.com.co\/pt\/wp-json\/wp\/v2\/media?parent=2142"}],"wp:term":[{"taxonomy":"product_brand","embeddable":true,"href":"https:\/\/dani-tours.com.co\/pt\/wp-json\/wp\/v2\/product_brand?post=2142"},{"taxonomy":"product_cat","embeddable":true,"href":"https:\/\/dani-tours.com.co\/pt\/wp-json\/wp\/v2\/product_cat?post=2142"},{"taxonomy":"product_tag","embeddable":true,"href":"https:\/\/dani-tours.com.co\/pt\/wp-json\/wp\/v2\/product_tag?post=2142"}],"curies":[{"name":"wp","href":"https:\/\/api.w.org\/{rel}","templated":true}]}}