{"id":1895,"date":"2025-12-27T03:00:52","date_gmt":"2025-12-27T03:00:52","guid":{"rendered":"https:\/\/dani-tours.com.co\/?post_type=product&#038;p=1895"},"modified":"2025-12-28T16:18:45","modified_gmt":"2025-12-28T16:18:45","slug":"ibbiza-cholon-forever","status":"publish","type":"product","link":"https:\/\/dani-tours.com.co\/pt\/produto\/ibbiza-cholon-forever\/","title":{"rendered":"Ibbiza + Cholon forever"},"content":{"rendered":"<div><strong>IBBIZA + CHOL\u00d3N FOREVER<\/strong><\/div>\n<div>Desfrute de uma grande festa nas ilhas mais rumba do Caribe colombiano.<\/div>\n<div><\/div>\n<div><strong>INCLUI<\/strong><\/div>\n<div>\u2022Recolha no hotel a partir das 7:00.m. (de acordo com a regi\u00e3o)<\/div>\n<div>\u2022Sa\u00edda \u00e0s 9:00h.m. a partir marina privada (imposto de zarpar inclu\u00eddo)<\/div>\n<div>\u2022Bote compartilhado com capacidade para 24 passageiros + 3 tripulantes<\/div>\n<div>\u2022Som est\u00e9reo com m\u00fasica crossover<\/div>\n<div>\u2022Hielera com gelo a bordo<\/div>\n<div>\u20222 cervejas nacionais de boas-vindas<\/div>\n<div>\u2022Panor\u00e2mico pelas Ilhas do Ros\u00e1rio (28 ilhas)<\/div>\n<div>\u2022Paragem no IBBIZA Beach Club com shot de tequila de boas-vindas<\/div>\n<div>\u2022Paragem no CHOL\u00d3N com almo\u00e7o inclu\u00eddo<\/div>\n<div>\u2022Decora\u00e7\u00e3o para anivers\u00e1rios e pedidas de m\u00e3o<\/div>\n<div>\u2022 \u00c9 permitida a entrada de bebidas e alimentos apenas para consumir a bordo do barco.<\/div>\n<div><\/div>\n<div>Inclui o imposto de cais<\/div>","protected":false},"excerpt":{"rendered":"<p>IBBIZA + CHOL\u00d3N FOREVER Disfruta de una gran fiesta en las islas m\u00e1s rumberas del Caribe colombiano. INCLUYE \u2022Recogida en hotel a partir de las 7:00 a.m. (seg\u00fan zona) \u2022Salida a las 9:00 a.m. desde marina privada (impuesto de zarpe incluido) \u2022Bote compartido con capacidad m\u00e1xima para 24 pasajeros + 3 tripulantes \u2022Sonido est\u00e9reo con [&hellip;]<\/p>\n","protected":false},"featured_media":1897,"template":"","meta":[],"product_brand":[],"product_cat":[22],"product_tag":[],"class_list":{"0":"post-1895","1":"product","2":"type-product","3":"status-publish","4":"has-post-thumbnail","6":"product_cat-islasdelrosario","8":"first","9":"instock","10":"sold-individually","11":"shipping-taxable","12":"purchasable","13":"product-type-booking"},"_links":{"self":[{"href":"https:\/\/dani-tours.com.co\/pt\/wp-json\/wp\/v2\/product\/1895","targetHints":{"allow":["GET"]}}],"collection":[{"href":"https:\/\/dani-tours.com.co\/pt\/wp-json\/wp\/v2\/product"}],"about":[{"href":"https:\/\/dani-tours.com.co\/pt\/wp-json\/wp\/v2\/types\/product"}],"wp:featuredmedia":[{"embeddable":true,"href":"https:\/\/dani-tours.com.co\/pt\/wp-json\/wp\/v2\/media\/1897"}],"wp:attachment":[{"href":"https:\/\/dani-tours.com.co\/pt\/wp-json\/wp\/v2\/media?parent=1895"}],"wp:term":[{"taxonomy":"product_brand","embeddable":true,"href":"https:\/\/dani-tours.com.co\/pt\/wp-json\/wp\/v2\/product_brand?post=1895"},{"taxonomy":"product_cat","embeddable":true,"href":"https:\/\/dani-tours.com.co\/pt\/wp-json\/wp\/v2\/product_cat?post=1895"},{"taxonomy":"product_tag","embeddable":true,"href":"https:\/\/dani-tours.com.co\/pt\/wp-json\/wp\/v2\/product_tag?post=1895"}],"curies":[{"name":"wp","href":"https:\/\/api.w.org\/{rel}","templated":true}]}}