{"id":1890,"date":"2025-12-27T02:54:11","date_gmt":"2025-12-27T02:54:11","guid":{"rendered":"https:\/\/dani-tours.com.co\/?post_type=product&#038;p=1890"},"modified":"2025-12-30T03:50:18","modified_gmt":"2025-12-30T03:50:18","slug":"capri-beach-club","status":"publish","type":"product","link":"https:\/\/dani-tours.com.co\/pt\/produto\/capri-beach-club\/","title":{"rendered":"Capri Beach Club"},"content":{"rendered":"<div><strong>CAPRI BEACH CLUB<\/strong><\/div>\n<div>Vive o para\u00edso em Capri Beach Club com as melhores atividades, comida deliciosa e um ambiente \u00fanico!<\/div>\n<div><\/div>\n<div><\/div>\n<div><strong>INCLUI<\/strong><\/div>\n<div>\u2022Transporte ida e volta de barco desportivo<\/div>\n<div>\u2022Host bil\u00edng\u00fce (portugu\u00eas e ingl\u00eas)<\/div>\n<div>\u2022Coquetel de boas-vindas (sem \u00e1lcool)<\/div>\n<div>\u2022Tour panor\u00e2mico do arquip\u00e9lago (45 minutos)<\/div>\n<div>\u2022Utiliza\u00e7\u00e3o de \u00e1reas comuns, como salas de jantar, casa de banho, praia e bar<\/div>\n<div>\u2022Uso de camas e asoleadoras<\/div>\n<div>\u2022Servi\u00e7o de toalhas e \u00e1gua doce<\/div>\n<div>\u2022Almo\u00e7o + bebida n\u00e3o alco\u00f3lica<\/div>\n<div>\n<div>OP\u00c7\u00d5ES DE ALMO\u00c7O<\/div>\n<div>\u2022Bandeja t\u00edpica caribenha (pesca do dia) com arroz e banana frita<\/div>\n<div>\u2022Massa Capri com legumes salteados<\/div>\n<div>\u2022Arroz de frutos do mar<\/div>\n<div>\u2022Fil\u00e9 de frango grelhados com arroz e banana frita<\/div>\n<div>\u2022Nuggets de frango com batatas fritas<\/div>\n<div><\/div>\n<div><strong>OP\u00c7\u00d5ES DE BEBIDA<\/strong><\/div>\n<div>\u2022\u00c1gua<\/div>\n<div>\u2022Refrigerante<\/div>\n<div>\u2022Limonada natural<\/div>\n<div><\/div>\n<div><strong>ACTIVIDADES INCLU\u00cdDAS<\/strong><\/div>\n<div>\u2022Paddle board<\/div>\n<div>\u2022M\u00e1scara de snorkel<\/div>\n<div><\/div>\n<div><strong>O MELHOR<\/strong><\/div>\n<div>\u2022Open Bar de 10:00 a.m. a 1:00 p. m. (n\u00e3o se aplica durante o tour panor\u00e2mico)<\/div>\n<div>\u2022De 2\u00d71, de 1:00 p. m. \u00e0s 3:30 p. m. em:<\/div>\n<div>\u2022Margarida<\/div>\n<div>\u2022Cerveja nacional<\/div>\n<div>\u2022DJ ao vivo (s\u00e1bados e domingos)<\/div>\n<div><\/div>\n<div>PONTO DE ENCONTRO<\/div>\n<div>Cais A Hotel \u2013 Porta N.\u00b0 3<\/div>\n<div>Recep\u00e7\u00e3o: segundo andar (terra\u00e7o)<\/div>\n<div><\/div>\n<div>HOR\u00c1RIOS<\/div>\n<div>\u2022Hora de chegada: 7:30.m.<\/div>\n<div>\u2022Hora de sa\u00edda: 8:15.m.<\/div>\n<div>\u2022Hora de retorno: 3:30 p. m. (sujeita a condi\u00e7\u00f5es clim\u00e1ticas)<\/div>\n<div><\/div>\n<div>IMPORTANTE<\/div>\n<div>Esta experi\u00eancia n\u00e3o aceita mulheres gr\u00e1vidas.<\/div>\n<\/div>","protected":false},"excerpt":{"rendered":"<p>CAPRI BEACH CLUB \u00a1Vive el para\u00edso en Capri Beach Club con las mejores actividades, comida deliciosa y un ambiente \u00fanico! INCLUYE \u2022Transporte ida y vuelta en bote deportivo \u2022Host biling\u00fce (espa\u00f1ol e ingl\u00e9s) \u2022C\u00f3ctel de bienvenida (sin alcohol) \u2022Tour panor\u00e1mico del archipi\u00e9lago (45 minutos) \u2022Uso de \u00e1reas comunes: comedores, ba\u00f1os, playa y zona bar \u2022Uso [&hellip;]<\/p>\n","protected":false},"featured_media":1892,"template":"","meta":[],"product_brand":[],"product_cat":[22],"product_tag":[],"class_list":{"0":"post-1890","1":"product","2":"type-product","3":"status-publish","4":"has-post-thumbnail","6":"product_cat-islasdelrosario","8":"first","9":"instock","10":"sold-individually","11":"shipping-taxable","12":"purchasable","13":"product-type-booking"},"_links":{"self":[{"href":"https:\/\/dani-tours.com.co\/pt\/wp-json\/wp\/v2\/product\/1890","targetHints":{"allow":["GET"]}}],"collection":[{"href":"https:\/\/dani-tours.com.co\/pt\/wp-json\/wp\/v2\/product"}],"about":[{"href":"https:\/\/dani-tours.com.co\/pt\/wp-json\/wp\/v2\/types\/product"}],"wp:featuredmedia":[{"embeddable":true,"href":"https:\/\/dani-tours.com.co\/pt\/wp-json\/wp\/v2\/media\/1892"}],"wp:attachment":[{"href":"https:\/\/dani-tours.com.co\/pt\/wp-json\/wp\/v2\/media?parent=1890"}],"wp:term":[{"taxonomy":"product_brand","embeddable":true,"href":"https:\/\/dani-tours.com.co\/pt\/wp-json\/wp\/v2\/product_brand?post=1890"},{"taxonomy":"product_cat","embeddable":true,"href":"https:\/\/dani-tours.com.co\/pt\/wp-json\/wp\/v2\/product_cat?post=1890"},{"taxonomy":"product_tag","embeddable":true,"href":"https:\/\/dani-tours.com.co\/pt\/wp-json\/wp\/v2\/product_tag?post=1890"}],"curies":[{"name":"wp","href":"https:\/\/api.w.org\/{rel}","templated":true}]}}