{"id":1885,"date":"2025-12-27T02:45:06","date_gmt":"2025-12-27T02:45:06","guid":{"rendered":"https:\/\/dani-tours.com.co\/?post_type=product&#038;p=1885"},"modified":"2025-12-30T03:50:46","modified_gmt":"2025-12-30T03:50:46","slug":"paue-beach-club","status":"publish","type":"product","link":"https:\/\/dani-tours.com.co\/pt\/produto\/paue-beach-club\/","title":{"rendered":"Paue Beach Club"},"content":{"rendered":"<div><strong>PA'UE BEACH CLUB<\/strong><\/div>\n<div>Uma nova experi\u00eancia chega \u00e0s Ilhas do Ros\u00e1rio, para que possa desfrutar de \u00e1guas cristalinas, areia branca e o melhor cen\u00e1rio.<\/div>\n<div><\/div>\n<div><strong>INCLUI<\/strong><\/div>\n<div>\u2022Transporte ida e volta de lancha esportiva<\/div>\n<div>\u2022Hidrata\u00e7\u00e3o durante o percurso (\u00e1gua)<\/div>\n<div>\u2022Ta\u00e7a de champanhe de boas-vindas (limonada para crian\u00e7as)<\/div>\n<div>\u2022Tour panor\u00e2mico do arquip\u00e9lago de 45 minutos, opcional inclu\u00eddo)<\/div>\n<div>\u2022Asoleadoras<\/div>\n<div>\u2022Cama de praia<\/div>\n<div>\u2022Utiliza\u00e7\u00e3o das \u00e1reas comuns: casas de banho, salas de jantar, \u00e1rea de praia, espregui\u00e7adeiras e camas de praia<\/div>\n<div>\u2022Almo\u00e7o (7 op\u00e7\u00f5es) + bebida n\u00e3o alco\u00f3lica<\/div>\n<div>\u2022Paddle board<\/div>\n<div>\u2022Kayak<\/div>\n<div><\/div>\n<div><strong>HAPPY HOUR<\/strong><\/div>\n<div>2\u00d71 das 11:00 \u00e0s.m. \u00e0s 12:00 p. m. as seguintes bebidas: Margarida, Daiquiri, Cuba Livre e cervejas nacionais.<\/div>\n<div><\/div>\n<div><strong>ATIVIDADES N\u00c3O INCLU\u00cdDAS<\/strong><\/div>\n<div>\u2022Transporte ao Ocean\u00e1rio<\/div>\n<div>\u2022Snorkel<\/div>\n<div>\u2022N\u00e3o inclui toalhas<\/div>\n<div><\/div>\n<div><strong>HOR\u00c1RIOS<\/strong><\/div>\n<div>\u2022Hora de sa\u00edda: 8:20.m.<\/div>\n<div>\u2022Hora de retorno: 3:00 p. m.<\/div>\n<div><\/div>\n<div>Os traslados de ida e volta t\u00eam uma dura\u00e7\u00e3o aproximada de 45 minutos, dependendo das condi\u00e7\u00f5es climat\u00e9ricas.<\/div>\n<div><\/div>\n<div>PONTO DE PARTIDA<\/div>\n<div>Cais do Hotel, porta #4.<\/div>\n<div>O passageiro dever\u00e1 apresentar-se \u00e0s 7:15.m. para realizar o pagamento da taxa portu\u00e1ria ($29.000 COP em pesos colombianos) e o registro no counter.<\/div>\n<div><\/div>\n<div><strong>RESTRI\u00c7\u00d5ES<\/strong><\/div>\n<div>\u2022Proibida a entrada de bebidas (alco\u00f3licas e n\u00e3o alco\u00f3licas) e alimentos.<\/div>\n<div>\u2022\u00c9 proibido a entrada de armas de fogo e subst\u00e2ncias alucin\u00f3genas.<\/div>","protected":false},"excerpt":{"rendered":"<p>PA\u2019UE BEACH CLUB Una nueva experiencia llega a las Islas del Rosario para que disfrutes de aguas cristalinas, arena blanca y el mejor paisaje. INCLUYE \u2022Transporte ida y regreso en lancha deportiva \u2022Hidrataci\u00f3n durante el trayecto (agua) \u2022Copa de champ\u00e1n de bienvenida (limonada para los ni\u00f1os) \u2022Tour panor\u00e1mico del archipi\u00e9lago (45 minutos, opcional incluido) \u2022Asoleadoras [&hellip;]<\/p>\n","protected":false},"featured_media":1886,"template":"","meta":[],"product_brand":[],"product_cat":[22],"product_tag":[],"class_list":{"0":"post-1885","1":"product","2":"type-product","3":"status-publish","4":"has-post-thumbnail","6":"product_cat-islasdelrosario","8":"first","9":"instock","10":"sold-individually","11":"shipping-taxable","12":"purchasable","13":"product-type-booking"},"_links":{"self":[{"href":"https:\/\/dani-tours.com.co\/pt\/wp-json\/wp\/v2\/product\/1885","targetHints":{"allow":["GET"]}}],"collection":[{"href":"https:\/\/dani-tours.com.co\/pt\/wp-json\/wp\/v2\/product"}],"about":[{"href":"https:\/\/dani-tours.com.co\/pt\/wp-json\/wp\/v2\/types\/product"}],"wp:featuredmedia":[{"embeddable":true,"href":"https:\/\/dani-tours.com.co\/pt\/wp-json\/wp\/v2\/media\/1886"}],"wp:attachment":[{"href":"https:\/\/dani-tours.com.co\/pt\/wp-json\/wp\/v2\/media?parent=1885"}],"wp:term":[{"taxonomy":"product_brand","embeddable":true,"href":"https:\/\/dani-tours.com.co\/pt\/wp-json\/wp\/v2\/product_brand?post=1885"},{"taxonomy":"product_cat","embeddable":true,"href":"https:\/\/dani-tours.com.co\/pt\/wp-json\/wp\/v2\/product_cat?post=1885"},{"taxonomy":"product_tag","embeddable":true,"href":"https:\/\/dani-tours.com.co\/pt\/wp-json\/wp\/v2\/product_tag?post=1885"}],"curies":[{"name":"wp","href":"https:\/\/api.w.org\/{rel}","templated":true}]}}