{"id":1877,"date":"2025-12-26T21:34:10","date_gmt":"2025-12-26T21:34:10","guid":{"rendered":"https:\/\/dani-tours.com.co\/?post_type=product&#038;p=1877"},"modified":"2025-12-30T03:51:32","modified_gmt":"2025-12-30T03:51:32","slug":"isla-palma","status":"publish","type":"product","link":"https:\/\/dani-tours.com.co\/pt\/produto\/isla-palma\/","title":{"rendered":"Ilha Palma"},"content":{"rendered":"<p><strong>PIQUENIQUE HOTEL ILHA PALMA<\/strong><\/p>\n<p>Voa para o para\u00edso com o Piquenique Ilha de Palma: relaxamento, natureza e exclusividade em um s\u00f3 lugar.<\/p>\n<p><strong>SA\u00cdDA EM CARTAGENA <\/strong><br \/>\nDesde o ber\u00e7o A seu Hotel.<\/p>\n<p><strong>Recolha:<\/strong><br \/>\nBocagrande, Lagoa, Castelo Grande, Marbella, a partir das 5:30 am.<br \/>\nPonto de encontro no cais do Hotel, porta #2 \u00e0s 5:45 am (se voc\u00ea n\u00e3o est\u00e1 nesses setores).<\/p>\n<p><strong>INCLUI<\/strong><br \/>\nSeguro de viagem e guia a bordo<br \/>\nTransporte do hotel para o Cais do Hotel<br \/>\nSnack de frutas AM antes do embarque<br \/>\nPote para o curso de Ilhas do Ros\u00e1rio e Arquip\u00e9lago de S\u00e3o Bernardo<br \/>\nCocktail de boas-vindas no Hotel Ilha Palma<br \/>\nAlmo\u00e7o gourmet: Escolha uma prote\u00edna (carne, frango ou peixe), acompanhantes, barra de saladas, suco e sobremesa t\u00edpica<br \/>\nAproveite a praia de areia branca e \u00e1gua azul-turquesa, ideal para pr\u00e1tica de snorkeling (leve o seu pr\u00f3prio kit)<br \/>\nVisita ao BioParque: Caminhada educativa sobre tartarugas-de-Pente, mangue e mais esp\u00e9cies. (Percurso de 45 min) \u2013 Valor: us $20.000 COP por pessoa<\/p>\n<p><strong>Retorno a Cartagena<\/strong><br \/>\nSa\u00edda do hotel: entre 2:00 e 2:30 pm (conforme condi\u00e7\u00f5es clim\u00e1ticas)<br \/>\nChegada a Cartagena: entre 4:30 e 5:00 pm, fim do servi\u00e7o.<\/p>\n<p><strong>IMPORTANTE<\/strong><br \/>\nTrazer roupa confort\u00e1vel, protetor solar e chinelos de praia<br \/>\nN\u00e3o inclui taxa portu\u00e1ria<\/p>","protected":false},"excerpt":{"rendered":"<p>PASAD\u00cdA HOTEL ISLA PALMA Esc\u00e1pate al para\u00edso con el Pasad\u00eda Isla Palma: naturaleza, relax y exclusividad en un solo lugar. SALIDA DESDE CARTAGENA Desde el Muelle La Bodeguita. Recogida: Bocagrande, Laguito, Castillo Grande, Marbella a partir de las 5:30 am. Punto de encuentro en el muelle de la Bodeguita, puerta #2 a las 5:45 am [&hellip;]<\/p>\n","protected":false},"featured_media":1878,"template":"","meta":[],"product_brand":[],"product_cat":[20],"product_tag":[],"class_list":{"0":"post-1877","1":"product","2":"type-product","3":"status-publish","4":"has-post-thumbnail","6":"product_cat-actividades","8":"first","9":"instock","10":"sold-individually","11":"shipping-taxable","12":"purchasable","13":"product-type-booking"},"_links":{"self":[{"href":"https:\/\/dani-tours.com.co\/pt\/wp-json\/wp\/v2\/product\/1877","targetHints":{"allow":["GET"]}}],"collection":[{"href":"https:\/\/dani-tours.com.co\/pt\/wp-json\/wp\/v2\/product"}],"about":[{"href":"https:\/\/dani-tours.com.co\/pt\/wp-json\/wp\/v2\/types\/product"}],"wp:featuredmedia":[{"embeddable":true,"href":"https:\/\/dani-tours.com.co\/pt\/wp-json\/wp\/v2\/media\/1878"}],"wp:attachment":[{"href":"https:\/\/dani-tours.com.co\/pt\/wp-json\/wp\/v2\/media?parent=1877"}],"wp:term":[{"taxonomy":"product_brand","embeddable":true,"href":"https:\/\/dani-tours.com.co\/pt\/wp-json\/wp\/v2\/product_brand?post=1877"},{"taxonomy":"product_cat","embeddable":true,"href":"https:\/\/dani-tours.com.co\/pt\/wp-json\/wp\/v2\/product_cat?post=1877"},{"taxonomy":"product_tag","embeddable":true,"href":"https:\/\/dani-tours.com.co\/pt\/wp-json\/wp\/v2\/product_tag?post=1877"}],"curies":[{"name":"wp","href":"https:\/\/api.w.org\/{rel}","templated":true}]}}