{"id":1875,"date":"2025-12-26T20:56:53","date_gmt":"2025-12-26T20:56:53","guid":{"rendered":"https:\/\/dani-tours.com.co\/?post_type=product&#038;p=1875"},"modified":"2025-12-30T03:52:59","modified_gmt":"2025-12-30T03:52:59","slug":"cocoliso-vip","status":"publish","type":"product","link":"https:\/\/dani-tours.com.co\/pt\/produto\/cocoliso-vip\/","title":{"rendered":"Usava nos desenhos (VIP)"},"content":{"rendered":"<div><strong>USAVA NOS DESENHOS PIQUENIQUE PREMIUM (BARRA LIVRE BEBIDAS)<\/strong><\/div>\n<div><\/div>\n<div>Desfrute de um dia de luxo, relaxamento e divers\u00e3o sem limites para o Piquenique Premium.<\/div>\n<div><\/div>\n<div><strong>INCLUI<\/strong><\/div>\n<div>\u2022Transporte ida e regresso em barco (capacidade para 50 pessoas)<\/div>\n<div>\u2022Bebida de boas-vindas: cerveja ou refrigerante selecionada<\/div>\n<div>\u2022Almo\u00e7o com 3 op\u00e7\u00f5es:<\/div>\n<div>\u2022Peixe<\/div>\n<div>\u2022Frango<\/div>\n<div>\u2022Arroz usava nos desenhos com frutos do mar<\/div>\n<div>\u2022Barra livre de bebidas:<\/div>\n<div>\u2022Cerveja selecionada<\/div>\n<div>\u2022Coquet\u00e9is selecionados (Daiquiri, Cuba Livre, Margarida, Pi\u00f1a Colada, Curacao)<\/div>\n<div>\u2022\u00c1gua<\/div>\n<div>\u2022Refrigerantes selecionadas<\/div>\n<div>\u2022Limonada natural<\/div>\n<div>\u2022Uso de instala\u00e7\u00f5es<\/div>\n<div>\u2022Asoleadoras<\/div>\n<div>\u2022Camas de sol<\/div>\n<div>\u2022Piscina exterior de \u00e1gua doce<\/div>\n<div>\u2022Praia<\/div>\n<div>\u2022Quadra de v\u00f4lei<\/div>\n<div>\u2022Casas de banho<\/div>\n<div>\n<div><strong>OPCIONAL<\/strong><\/div>\n<div>\u2022Transporte para conhecer o Ocean\u00e1rio (1 hora)<\/div>\n<div>Entrada no Ocean\u00e1rio n\u00e3o inclu\u00edda. Valor estimado: us $40.000 COP (sujeito a altera\u00e7\u00f5es).<\/div>\n<div><\/div>\n<div><strong>N\u00c3O INCLUI<\/strong><\/div>\n<div>\u2022Servi\u00e7o de toalhas<\/div>\n<div>\u2022Entrada no Ocean\u00e1rio<\/div>\n<div>\u2022Taxa portu\u00e1ria de cais: $29.000 COP por pessoa<\/div>\n<\/div>","protected":false},"excerpt":{"rendered":"<p>COCOLISO PASAD\u00cdA PREMIUM (BARRA LIBRE BEBIDAS) Disfruta de un d\u00eda de lujo, relax y diversi\u00f3n sin l\u00edmites en el Pasad\u00eda Premium. INCLUYE \u2022Transporte ida y regreso en bote (capacidad para 50 personas) \u2022Bebida de bienvenida: cerveza o gaseosa seleccionada \u2022Almuerzo con 3 opciones: \u2022Pescado \u2022Pollo \u2022Arroz Cocoliso con mariscos \u2022Barra libre de bebidas: \u2022Cerveza seleccionada [&hellip;]<\/p>\n","protected":false},"featured_media":1846,"template":"","meta":[],"product_brand":[],"product_cat":[22],"product_tag":[],"class_list":{"0":"post-1875","1":"product","2":"type-product","3":"status-publish","4":"has-post-thumbnail","6":"product_cat-islasdelrosario","8":"first","9":"instock","10":"sold-individually","11":"shipping-taxable","12":"purchasable","13":"product-type-booking"},"_links":{"self":[{"href":"https:\/\/dani-tours.com.co\/pt\/wp-json\/wp\/v2\/product\/1875","targetHints":{"allow":["GET"]}}],"collection":[{"href":"https:\/\/dani-tours.com.co\/pt\/wp-json\/wp\/v2\/product"}],"about":[{"href":"https:\/\/dani-tours.com.co\/pt\/wp-json\/wp\/v2\/types\/product"}],"wp:featuredmedia":[{"embeddable":true,"href":"https:\/\/dani-tours.com.co\/pt\/wp-json\/wp\/v2\/media\/1846"}],"wp:attachment":[{"href":"https:\/\/dani-tours.com.co\/pt\/wp-json\/wp\/v2\/media?parent=1875"}],"wp:term":[{"taxonomy":"product_brand","embeddable":true,"href":"https:\/\/dani-tours.com.co\/pt\/wp-json\/wp\/v2\/product_brand?post=1875"},{"taxonomy":"product_cat","embeddable":true,"href":"https:\/\/dani-tours.com.co\/pt\/wp-json\/wp\/v2\/product_cat?post=1875"},{"taxonomy":"product_tag","embeddable":true,"href":"https:\/\/dani-tours.com.co\/pt\/wp-json\/wp\/v2\/product_tag?post=1875"}],"curies":[{"name":"wp","href":"https:\/\/api.w.org\/{rel}","templated":true}]}}