{"id":1871,"date":"2025-12-26T20:36:37","date_gmt":"2025-12-26T20:36:37","guid":{"rendered":"https:\/\/dani-tours.com.co\/?post_type=product&#038;p=1871"},"modified":"2025-12-30T03:54:19","modified_gmt":"2025-12-30T03:54:19","slug":"mangata-beach-club-2","status":"publish","type":"product","link":"https:\/\/dani-tours.com.co\/pt\/produto\/mangata-beach-club-2\/","title":{"rendered":"Mangata Beach Club"},"content":{"rendered":"<div><strong>MANGATA BEACH CLUB<\/strong><\/div>\n<div><\/div>\n<div>Mergulhe no para\u00edso, onde o mar, a areia e o sol esperando por voc\u00ea para uma experi\u00eancia \u00fanica e inesquec\u00edvel.<\/div>\n<div><\/div>\n<div><strong>INCLUI<\/strong><\/div>\n<div>\u2022Transporte em lanchas esportivas (ida e volta) do Marina privada TODOMAR<\/div>\n<div>\u2022Ta\u00e7a de champanhe de boas-vindas ou suco natural<\/div>\n<div>\u2022Acomoda\u00e7\u00e3o em cama, sala ou cadeira asoleadora<\/div>\n<div>\u2022Tour panor\u00e2mico pelas ilhas (opcional de 10:00 a.m. \u00e0s 10:45.m.)<\/div>\n<div>\u2022Restaurante com ar condicionado ou ao ar livre<\/div>\n<div>\u2022Acesso a todas as instala\u00e7\u00f5es<\/div>\n<div>\u2022Almo\u00e7o \u00e0 la carte (8 op\u00e7\u00f5es dispon\u00edveis), acompanhado de bebida n\u00e3o alco\u00f3lica:<\/div>\n<div>1.Fil\u00e9 de peixe (corvina) apanado<\/div>\n<div>Arroz de coco, salada mista e banana frita<\/div>\n<div>2.Peixe frito<\/div>\n<div>Arroz de coco, salada mista e banana frita<\/div>\n<div>3.Fil\u00e9 de frango grelhado<\/div>\n<div>\n<div>Arroz branco, salada mista e fatias de banana madura<\/div>\n<div>4.Risoto de camar\u00e3o<\/div>\n<div>5.Massa vegetariana<\/div>\n<div>Vegetais salteados<\/div>\n<div>6.Macarr\u00e3o \u00e0 bolonhesa<\/div>\n<div>Tipo de macarr\u00e3o penne<\/div>\n<div>7.Nuggets de frango<\/div>\n<div>Acompanhados com batatas francesas<\/div>\n<div>8.Pizza<\/div>\n<div>Havaiana ou presunto e cogumelos<\/div>\n<div>\u2022Chuveiro de \u00e1gua doce<\/div>\n<div>\u2022Servi\u00e7o de toalhas<\/div>\n<div>\u2022DJ todos os dias<\/div>\n<div>\u2022Uso de caiaques, paddleboards e m\u00e1scaras Easy Respira\u00e7\u00e3o para mergulho<\/div>\n<div>\u2022Passeio de bicicleta pela ilha<\/div>\n<div><\/div>\n<div><strong>HOR\u00c1RIOS<\/strong><\/div>\n<div>\u2022Hora de chegada \u00e0 Marina TODOMAR Bocagrande: 7:30.m.<\/div>\n<div>\u2022Hora de retorno a Cartagena: 3:00 p. m.<\/div>\n<\/div>","protected":false},"excerpt":{"rendered":"<p>MANGATA BEACH CLUB Sum\u00e9rgete en el para\u00edso, donde el mar, la arena y el sol te esperan para una experiencia \u00fanica e inolvidable. INCLUYE \u2022Transporte en lanchas deportivas (ida y vuelta) desde Marina privada TODOMAR \u2022Copa de champa\u00f1a de bienvenida o jugo natural \u2022Acomodaci\u00f3n en cama, sala o silla asoleadora \u2022Tour panor\u00e1mico por las islas [&hellip;]<\/p>\n","protected":false},"featured_media":1872,"template":"","meta":[],"product_brand":[],"product_cat":[22],"product_tag":[],"class_list":{"0":"post-1871","1":"product","2":"type-product","3":"status-publish","4":"has-post-thumbnail","6":"product_cat-islasdelrosario","8":"first","9":"instock","10":"sold-individually","11":"shipping-taxable","12":"purchasable","13":"product-type-booking"},"_links":{"self":[{"href":"https:\/\/dani-tours.com.co\/pt\/wp-json\/wp\/v2\/product\/1871","targetHints":{"allow":["GET"]}}],"collection":[{"href":"https:\/\/dani-tours.com.co\/pt\/wp-json\/wp\/v2\/product"}],"about":[{"href":"https:\/\/dani-tours.com.co\/pt\/wp-json\/wp\/v2\/types\/product"}],"wp:featuredmedia":[{"embeddable":true,"href":"https:\/\/dani-tours.com.co\/pt\/wp-json\/wp\/v2\/media\/1872"}],"wp:attachment":[{"href":"https:\/\/dani-tours.com.co\/pt\/wp-json\/wp\/v2\/media?parent=1871"}],"wp:term":[{"taxonomy":"product_brand","embeddable":true,"href":"https:\/\/dani-tours.com.co\/pt\/wp-json\/wp\/v2\/product_brand?post=1871"},{"taxonomy":"product_cat","embeddable":true,"href":"https:\/\/dani-tours.com.co\/pt\/wp-json\/wp\/v2\/product_cat?post=1871"},{"taxonomy":"product_tag","embeddable":true,"href":"https:\/\/dani-tours.com.co\/pt\/wp-json\/wp\/v2\/product_tag?post=1871"}],"curies":[{"name":"wp","href":"https:\/\/api.w.org\/{rel}","templated":true}]}}