{"id":1868,"date":"2025-12-26T20:15:22","date_gmt":"2025-12-26T20:15:22","guid":{"rendered":"https:\/\/dani-tours.com.co\/?post_type=product&#038;p=1868"},"modified":"2025-12-30T03:54:45","modified_gmt":"2025-12-30T03:54:45","slug":"luxury-beach-vip","status":"publish","type":"product","link":"https:\/\/dani-tours.com.co\/pt\/produto\/luxury-beach-vip\/","title":{"rendered":"luxury Beach (VIP)"},"content":{"rendered":"<p><strong>PIQUENIQUE LUXURY VIP<\/strong><\/p>\n<p>Desfrute do luxo, a exclusividade e as melhores vistas com o Piquenique Luxury VIP. Um dia de descanso e divers\u00e3o sem igual.<\/p>\n<p><strong>INCLUI<\/strong><br \/>\nTransporte em barco VIP<br \/>\nBarra aberta de bebida nacional ilimitada:<br \/>\nRefrigerantes saborizadas<br \/>\nCerveja do dia<br \/>\nCocktails cl\u00e1ssicos (Pi\u00f1a Colada, Coco Loco, Gin T\u00f3nico, Daiquiri, Tequila Sunrise, Caipirinha, Caipiroska, Mojito, Cuba Libre)<br \/>\n\u00c1gua e g\u00e1s engarrafada<br \/>\nDistribuidor de suco de laranja<br \/>\nLimonada<br \/>\nServi\u00e7o da cama da praia e da barra<br \/>\nAlmo\u00e7o Menu com 10 Op\u00e7\u00f5es<br \/>\nDJ ao vivo<br \/>\nCama de praia (por casal)<\/p>\n<p><strong>IMPORTANTE:<\/strong><br \/>\nAsoleadora em caso de reservar apenas uma pessoa<br \/>\nPlano exclusivo para maiores de 18a\u00f1os<\/p>\n<p>\u274c N\u00e3o inclui servi\u00e7o de toalha<br \/>\n\u274c N\u00e3o inclui entrada no Ocean\u00e1rio<br \/>\n\u274c N\u00e3o inclui taxa portu\u00e1ria cais<\/p>\n<p>\ud83d\udd39 <strong>Opcional<\/strong> \ud83d\udd39<br \/>\nVisita panor\u00e2mica Ilhas do Ros\u00e1rio, com parada no Ocean\u00e1rio (60 minutos)<\/p>","protected":false},"excerpt":{"rendered":"<p>PASAD\u00cdA LUXURY VIP Disfruta del lujo, la exclusividad y las mejores vistas con el Pasad\u00eda Luxury VIP. Un d\u00eda de relax y diversi\u00f3n sin igual. INCLUYE Transporte en embarcaci\u00f3n VIP Barra abierta de bebida nacional ilimitada: Sodas saborizadas Cerveza del d\u00eda C\u00f3cteles cl\u00e1sicos (Pi\u00f1a Colada, Coco Loco, Gin Tonic, Daiquir\u00ed, Tequila Sunrise, Caipiri\u00f1a, Caipiroska, Mojito, [&hellip;]<\/p>\n","protected":false},"featured_media":1870,"template":"","meta":[],"product_brand":[],"product_cat":[22],"product_tag":[],"class_list":{"0":"post-1868","1":"product","2":"type-product","3":"status-publish","4":"has-post-thumbnail","6":"product_cat-islasdelrosario","8":"first","9":"instock","10":"sold-individually","11":"shipping-taxable","12":"purchasable","13":"product-type-booking"},"_links":{"self":[{"href":"https:\/\/dani-tours.com.co\/pt\/wp-json\/wp\/v2\/product\/1868","targetHints":{"allow":["GET"]}}],"collection":[{"href":"https:\/\/dani-tours.com.co\/pt\/wp-json\/wp\/v2\/product"}],"about":[{"href":"https:\/\/dani-tours.com.co\/pt\/wp-json\/wp\/v2\/types\/product"}],"wp:featuredmedia":[{"embeddable":true,"href":"https:\/\/dani-tours.com.co\/pt\/wp-json\/wp\/v2\/media\/1870"}],"wp:attachment":[{"href":"https:\/\/dani-tours.com.co\/pt\/wp-json\/wp\/v2\/media?parent=1868"}],"wp:term":[{"taxonomy":"product_brand","embeddable":true,"href":"https:\/\/dani-tours.com.co\/pt\/wp-json\/wp\/v2\/product_brand?post=1868"},{"taxonomy":"product_cat","embeddable":true,"href":"https:\/\/dani-tours.com.co\/pt\/wp-json\/wp\/v2\/product_cat?post=1868"},{"taxonomy":"product_tag","embeddable":true,"href":"https:\/\/dani-tours.com.co\/pt\/wp-json\/wp\/v2\/product_tag?post=1868"}],"curies":[{"name":"wp","href":"https:\/\/api.w.org\/{rel}","templated":true}]}}