{"id":1863,"date":"2025-12-26T19:55:18","date_gmt":"2025-12-26T19:55:18","guid":{"rendered":"https:\/\/dani-tours.com.co\/?post_type=product&#038;p=1863"},"modified":"2025-12-30T03:55:14","modified_gmt":"2025-12-30T03:55:14","slug":"luxury-beach","status":"publish","type":"product","link":"https:\/\/dani-tours.com.co\/pt\/produto\/luxury-beach\/","title":{"rendered":"Luxury Beach"},"content":{"rendered":"<div><strong>PIQUENIQUE LUXURY<\/strong><\/div>\n<div><\/div>\n<div>Escapa-te ao luxo e desfrute do para\u00edso, com tudo o que voc\u00ea precisa para um dia perfeito.<\/div>\n<div><\/div>\n<div><strong>INCLUI<\/strong><\/div>\n<div>\u2022Transporte em Lancha Triton<\/div>\n<div>\u2022Barra aberta de bebida nacional ilimitada:<\/div>\n<div>\u2022Cerveja do dia<\/div>\n<div>\u2022Coquet\u00e9is cl\u00e1ssicos: Pi\u00f1a Colada, Coco Loco, Gin T\u00f3nico, Daiquiri, Tequila Sunrise, Caipirinha, Caipiroska, Mojito, Cuba Libre<\/div>\n<div>\u2022\u00c1gua e g\u00e1s engarrafada<\/div>\n<div>\u2022Distribuidor de suco de laranja<\/div>\n<div>\u2022Limonada<\/div>\n<div>\u2022Servi\u00e7o na barra<\/div>\n<div>\u2022Guarda-chuva e asoleadora praia<\/div>\n<div>\u2022Almo\u00e7o tipo barra com 3 op\u00e7\u00f5es<\/div>\n<div><\/div>\n<div>OPCIONAL<\/div>\n<div>\u2022Passeio panor\u00e2mico pelas Ilhas do Ros\u00e1rio, com parada no Ocean\u00e1rio (60 minutos)<\/div>\n<div><\/div>\n<div><strong>IMPORTANTE<\/strong><\/div>\n<div>\u2022N\u00e3o inclui entrada no Ocean\u00e1rio<\/div>\n<div>\u2022N\u00e3o inclui taxa portu\u00e1ria de cais: $29.000 COP por pessoa<\/div>","protected":false},"excerpt":{"rendered":"<p>PASAD\u00cdA LUXURY Esc\u00e1pate al lujo y disfruta del para\u00edso con todo lo que necesitas para un d\u00eda perfecto. INCLUYE \u2022Transporte en Lancha Trit\u00f3n \u2022Barra abierta de bebida nacional ilimitada: \u2022Cerveza del d\u00eda \u2022C\u00f3cteles cl\u00e1sicos: Pi\u00f1a Colada, Coco Loco, Gin Tonic, Daiquir\u00ed, Tequila Sunrise, Caipiri\u00f1a, Caipiroska, Mojito y Cuba Libre \u2022Agua y gaseosa embotellada \u2022Dispensador de [&hellip;]<\/p>\n","protected":false},"featured_media":1864,"template":"","meta":[],"product_brand":[],"product_cat":[22],"product_tag":[],"class_list":{"0":"post-1863","1":"product","2":"type-product","3":"status-publish","4":"has-post-thumbnail","6":"product_cat-islasdelrosario","8":"first","9":"instock","10":"sold-individually","11":"shipping-taxable","12":"purchasable","13":"product-type-booking"},"_links":{"self":[{"href":"https:\/\/dani-tours.com.co\/pt\/wp-json\/wp\/v2\/product\/1863","targetHints":{"allow":["GET"]}}],"collection":[{"href":"https:\/\/dani-tours.com.co\/pt\/wp-json\/wp\/v2\/product"}],"about":[{"href":"https:\/\/dani-tours.com.co\/pt\/wp-json\/wp\/v2\/types\/product"}],"wp:featuredmedia":[{"embeddable":true,"href":"https:\/\/dani-tours.com.co\/pt\/wp-json\/wp\/v2\/media\/1864"}],"wp:attachment":[{"href":"https:\/\/dani-tours.com.co\/pt\/wp-json\/wp\/v2\/media?parent=1863"}],"wp:term":[{"taxonomy":"product_brand","embeddable":true,"href":"https:\/\/dani-tours.com.co\/pt\/wp-json\/wp\/v2\/product_brand?post=1863"},{"taxonomy":"product_cat","embeddable":true,"href":"https:\/\/dani-tours.com.co\/pt\/wp-json\/wp\/v2\/product_cat?post=1863"},{"taxonomy":"product_tag","embeddable":true,"href":"https:\/\/dani-tours.com.co\/pt\/wp-json\/wp\/v2\/product_tag?post=1863"}],"curies":[{"name":"wp","href":"https:\/\/api.w.org\/{rel}","templated":true}]}}