{"id":1842,"date":"2025-12-26T18:58:35","date_gmt":"2025-12-26T18:58:35","guid":{"rendered":"https:\/\/dani-tours.com.co\/?post_type=product&#038;p=1842"},"modified":"2025-12-30T03:55:35","modified_gmt":"2025-12-30T03:55:35","slug":"cocoliso","status":"publish","type":"product","link":"https:\/\/dani-tours.com.co\/pt\/produto\/cocoliso\/","title":{"rendered":"Usava nos desenhos"},"content":{"rendered":"<p><strong>INCLUI:<\/strong><br \/>\n* Transporte ida e regresso em barco (capacidade para 50 passageiros).<br \/>\n* Bebida de boas-vindas: cerveja ou refrigerante selecionada.<br \/>\n* Almo\u00e7o com tr\u00eas op\u00e7\u00f5es:<br \/>\n\u2013 Peixe.<br \/>\n\u2013 Frango.<br \/>\n\u2013 Arroz usava nos desenhos com frutos do mar.<\/p>\n<p><strong>ACESSO \u00c0S INSTALA\u00c7\u00d5ES:<\/strong><br \/>\n* Camas de sol.<br \/>\n* Piscina exterior de \u00e1gua doce.<br \/>\n* Praia.<br \/>\n* Cadeiras asoleadoras.<br \/>\n* Quadra de v\u00f4lei.<br \/>\n* Casas de banho.<\/p>\n<p><strong>ATIVIDADE OPCIONAL:<\/strong><br \/>\n* Transporte para o centro comercial colombo (dura\u00e7\u00e3o aproximada: 1 hora).<br \/>\n* Entrada n\u00e3o inclu\u00edda.<br \/>\n* Valor estimado: us $40.000 COP (sujeito a altera\u00e7\u00f5es).<\/p>\n<p><strong>N\u00c3O INCLUI:<\/strong><br \/>\n* Imposto de porto.<br \/>\n* Entrada no Ocean\u00e1rio.<br \/>\n* Seguro de viagem.<br \/>\n* Toalhas (o visitante deve levar a sua).<\/p>\n<p>Escapa ao para\u00edso e vive a experi\u00eancia usava nos desenhos<\/p>","protected":false},"excerpt":{"rendered":"<p>INCLUYE: * Transporte ida y regreso en bote (capacidad para 50 pasajeros). * Bebida de bienvenida: cerveza o gaseosa seleccionada. * Almuerzo con tres opciones: \u2013 Pescado. \u2013 Pollo. \u2013 Arroz Cocoliso con mariscos. ACCESO A INSTALACIONES: * Camas de sol. * Piscina de agua dulce. * Playa. * Sillas asoleadoras. * Cancha de voleibol. [&hellip;]<\/p>\n","protected":false},"featured_media":1846,"template":"","meta":[],"product_brand":[],"product_cat":[22],"product_tag":[],"class_list":{"0":"post-1842","1":"product","2":"type-product","3":"status-publish","4":"has-post-thumbnail","6":"product_cat-islasdelrosario","8":"first","9":"instock","10":"sold-individually","11":"shipping-taxable","12":"purchasable","13":"product-type-booking"},"_links":{"self":[{"href":"https:\/\/dani-tours.com.co\/pt\/wp-json\/wp\/v2\/product\/1842","targetHints":{"allow":["GET"]}}],"collection":[{"href":"https:\/\/dani-tours.com.co\/pt\/wp-json\/wp\/v2\/product"}],"about":[{"href":"https:\/\/dani-tours.com.co\/pt\/wp-json\/wp\/v2\/types\/product"}],"wp:featuredmedia":[{"embeddable":true,"href":"https:\/\/dani-tours.com.co\/pt\/wp-json\/wp\/v2\/media\/1846"}],"wp:attachment":[{"href":"https:\/\/dani-tours.com.co\/pt\/wp-json\/wp\/v2\/media?parent=1842"}],"wp:term":[{"taxonomy":"product_brand","embeddable":true,"href":"https:\/\/dani-tours.com.co\/pt\/wp-json\/wp\/v2\/product_brand?post=1842"},{"taxonomy":"product_cat","embeddable":true,"href":"https:\/\/dani-tours.com.co\/pt\/wp-json\/wp\/v2\/product_cat?post=1842"},{"taxonomy":"product_tag","embeddable":true,"href":"https:\/\/dani-tours.com.co\/pt\/wp-json\/wp\/v2\/product_tag?post=1842"}],"curies":[{"name":"wp","href":"https:\/\/api.w.org\/{rel}","templated":true}]}}