{"id":1829,"date":"2025-12-26T18:15:25","date_gmt":"2025-12-26T18:15:25","guid":{"rendered":"https:\/\/dani-tours.com.co\/?post_type=product&#038;p=1829"},"modified":"2025-12-30T03:56:46","modified_gmt":"2025-12-30T03:56:46","slug":"isla-del-pirata-vip","status":"publish","type":"product","link":"https:\/\/dani-tours.com.co\/pt\/produto\/isla-del-pirata-vip\/","title":{"rendered":"Ilha do Pirata (VIP)"},"content":{"rendered":"<p><strong>ILHA DO PIRATA VIP<\/strong><\/p>\n<p>O hotel est\u00e1 localizado em uma das 30 ilhas que fazem parte do Arquip\u00e9lago e do Parque Natural das Ilhas do Ros\u00e1rio, no Mar do Caribe.<br \/>\nPor via mar\u00edtima, a apenas 50 minutos (24 milhas n\u00e1uticas) de a bela e colonial cidade de Cartagena de \u00cdndias.<\/p>\n<p><strong>PIQUENIQUE PREMIUM<\/strong><\/p>\n<p><strong>INCLUI<\/strong>:<br \/>\n* Transporte em lanchas r\u00e1pidas de 30 a 50 passageiros, exclusivo para nossos clientes.<br \/>\n* Coquetel de frutas refrescante de boas-vindas<\/p>\n<p><strong>ALMO\u00c7O (5 OP\u00c7\u00d5ES):<\/strong><br \/>\n* Arroz de frutos do mar.<br \/>\n* Massa Pirata.<br \/>\n* Peixe (mojarra).<br \/>\n* Frango no grill.<br \/>\n* Op\u00e7\u00e3o vegetariana.<\/p>\n<p>* Caiaque.<br \/>\n* M\u00e1scara de snorkel.<br \/>\n* Flutuadores do tipo skinny.<\/p>\n<p>UTILIZA\u00c7\u00c3O DE \u00c1REAS SOCIAIS:<br \/>\nCamas de praia e cadeiras asoleadoras.<\/p>\n<p><strong>BARRA LIVRE:<\/strong><br \/>\nDe 10:00 a. m. a 2:00 p. m.<\/p>\n<p>COCKTAILS INCLUINDO:<br \/>\nCoco Loco, Caipiroska, Caipirinha, Daiquiri, Mojito, Gin T\u00f3nico, Pi\u00f1a Colada, Michelada, Bloody Mary, Cuba Livre, Mar Azul, Margarida, Tequila Sunrise, Tom Collins e Vodka T\u00f4nica.<\/p>\n<p>* Transporte para o centro comercial colombo, sem custo adicional (entrada n\u00e3o inclu\u00edda).<br \/>\n* Entrada no Ocean\u00e1rio adultos: $40.000 COP.<\/p>\n<p>N\u00c3O INCLUI:<br \/>\n* Imposto de cais e Parques Nacionais: (obrigat\u00f3rio, pago em dinheiro).<br \/>\n* Toalhas para a praia.<\/p>\n<p>NOTA:<br \/>\nApresentar-se o dia da reserva, no Cais do Hotel \u00e0s 7:45. m., porta n\u00famero 4.<br \/>\nPerguntar por Ilha do Pirata.<\/p>\n<p><strong>HOR\u00c1RIO DE TRANSPORTE:<\/strong><br \/>\nSa\u00edda cais \u2013 ilha: de 8:15 \u00e0s 8:20. m.<br \/>\nVolta a ilha \u2013 cais: 3:00 p. m.<br \/>\nDura\u00e7\u00e3o do percurso: 1 hora.<\/p>\n<p>Proibida a entrada de animais de estima\u00e7\u00e3o, alimentos e bebidas.<\/p>","protected":false},"excerpt":{"rendered":"<p>ISLA DEL PIRATA VIP El hotel est\u00e1 ubicado en una de las 30 islas que hacen parte del Archipi\u00e9lago y Parque Natural de las Islas del Rosario, en el Mar Caribe. Por v\u00eda mar\u00edtima, a solo 50 minutos (24 millas n\u00e1uticas) de la hermosa y colonial ciudad de Cartagena de Indias. PASAD\u00cdA PREMIUM INCLUYE: * [&hellip;]<\/p>\n","protected":false},"featured_media":1832,"template":"","meta":[],"product_brand":[],"product_cat":[22],"product_tag":[],"class_list":{"0":"post-1829","1":"product","2":"type-product","3":"status-publish","4":"has-post-thumbnail","6":"product_cat-islasdelrosario","8":"first","9":"instock","10":"sold-individually","11":"shipping-taxable","12":"purchasable","13":"product-type-booking"},"_links":{"self":[{"href":"https:\/\/dani-tours.com.co\/pt\/wp-json\/wp\/v2\/product\/1829","targetHints":{"allow":["GET"]}}],"collection":[{"href":"https:\/\/dani-tours.com.co\/pt\/wp-json\/wp\/v2\/product"}],"about":[{"href":"https:\/\/dani-tours.com.co\/pt\/wp-json\/wp\/v2\/types\/product"}],"wp:featuredmedia":[{"embeddable":true,"href":"https:\/\/dani-tours.com.co\/pt\/wp-json\/wp\/v2\/media\/1832"}],"wp:attachment":[{"href":"https:\/\/dani-tours.com.co\/pt\/wp-json\/wp\/v2\/media?parent=1829"}],"wp:term":[{"taxonomy":"product_brand","embeddable":true,"href":"https:\/\/dani-tours.com.co\/pt\/wp-json\/wp\/v2\/product_brand?post=1829"},{"taxonomy":"product_cat","embeddable":true,"href":"https:\/\/dani-tours.com.co\/pt\/wp-json\/wp\/v2\/product_cat?post=1829"},{"taxonomy":"product_tag","embeddable":true,"href":"https:\/\/dani-tours.com.co\/pt\/wp-json\/wp\/v2\/product_tag?post=1829"}],"curies":[{"name":"wp","href":"https:\/\/api.w.org\/{rel}","templated":true}]}}