{"id":1819,"date":"2025-12-26T17:20:43","date_gmt":"2025-12-26T17:20:43","guid":{"rendered":"https:\/\/dani-tours.com.co\/?post_type=product&#038;p=1819"},"modified":"2025-12-30T03:57:49","modified_gmt":"2025-12-30T03:57:49","slug":"fragata-island-house","status":"publish","type":"product","link":"https:\/\/dani-tours.com.co\/pt\/produto\/fragata-island-house\/","title":{"rendered":"Fragata Island House"},"content":{"rendered":"<p>Hor\u00e1rio de sa\u00edda: Entre as 8:45.m.<br \/>\nLocal: Cais Da Hotel \u2013 Porta #4<\/p>\n<p><strong>INCLUI:<\/strong><br \/>\nTransporte n\u00e1utico ida e volta<br \/>\nBebida de boas-vindas (\u00e1gua) + \ud83e\udd5a Broa de ovo<br \/>\nAlmo\u00e7o (escolhe):<br \/>\nRobalo com arroz de coco, banana frita e salada<br \/>\nFrango \u00e0 cruz<br \/>\nMassas para a navega\u00e7\u00e3o<br \/>\nOp\u00e7\u00e3o vegetariana<br \/>\nInclui bebida<br \/>\nMenu para crian\u00e7as: Nuggets de frango, dedos de unidade de peixe, massas<br \/>\nUso de \u00e1reas sociais<br \/>\nM\u00e1scaras para mergulho<br \/>\nKayak<br \/>\nPaddle Board<\/p>\n<p><strong>TER EM CONTA:<\/strong><br \/>\nN\u00e3o inclui o imposto de cais<br \/>\nN\u00e3o se permitem animais de estima\u00e7\u00e3o<br \/>\nN\u00e3o se permite a entrada de alimentos ou bebidas<br \/>\nToda bebida alco\u00f3lica ingressada gera cobran\u00e7a de descortizado<\/p>","protected":false},"excerpt":{"rendered":"<p>Horario de salida: Entre las 8:45 a.m. Lugar: Muelle La Bodeguita &#8211; Puerta #4 INCLUYE: Transporte n\u00e1utico ida y vuelta Bebida de bienvenida (agua) + \ud83e\udd5a Arepa de huevo Almuerzo (elige entre): Robalo con arroz de coco, patacones y ensalada Pollo a la cruz Pastas a la marinera Opci\u00f3n vegetariana Incluye bebida Men\u00fa infantil: Nuggets [&hellip;]<\/p>\n","protected":false},"featured_media":1820,"template":"","meta":[],"product_brand":[],"product_cat":[22],"product_tag":[],"class_list":{"0":"post-1819","1":"product","2":"type-product","3":"status-publish","4":"has-post-thumbnail","6":"product_cat-islasdelrosario","8":"first","9":"instock","10":"sold-individually","11":"shipping-taxable","12":"purchasable","13":"product-type-booking"},"_links":{"self":[{"href":"https:\/\/dani-tours.com.co\/pt\/wp-json\/wp\/v2\/product\/1819","targetHints":{"allow":["GET"]}}],"collection":[{"href":"https:\/\/dani-tours.com.co\/pt\/wp-json\/wp\/v2\/product"}],"about":[{"href":"https:\/\/dani-tours.com.co\/pt\/wp-json\/wp\/v2\/types\/product"}],"wp:featuredmedia":[{"embeddable":true,"href":"https:\/\/dani-tours.com.co\/pt\/wp-json\/wp\/v2\/media\/1820"}],"wp:attachment":[{"href":"https:\/\/dani-tours.com.co\/pt\/wp-json\/wp\/v2\/media?parent=1819"}],"wp:term":[{"taxonomy":"product_brand","embeddable":true,"href":"https:\/\/dani-tours.com.co\/pt\/wp-json\/wp\/v2\/product_brand?post=1819"},{"taxonomy":"product_cat","embeddable":true,"href":"https:\/\/dani-tours.com.co\/pt\/wp-json\/wp\/v2\/product_cat?post=1819"},{"taxonomy":"product_tag","embeddable":true,"href":"https:\/\/dani-tours.com.co\/pt\/wp-json\/wp\/v2\/product_tag?post=1819"}],"curies":[{"name":"wp","href":"https:\/\/api.w.org\/{rel}","templated":true}]}}