{"id":1814,"date":"2025-12-26T17:13:05","date_gmt":"2025-12-26T17:13:05","guid":{"rendered":"https:\/\/dani-tours.com.co\/?post_type=product&#038;p=1814"},"modified":"2025-12-30T03:58:28","modified_gmt":"2025-12-30T03:58:28","slug":"family-plan","status":"publish","type":"product","link":"https:\/\/dani-tours.com.co\/pt\/produto\/family-plan\/","title":{"rendered":"Plano Family"},"content":{"rendered":"<p><strong>PLANO FAMILY<\/strong><br \/>\nPonto de Encontro, Cais da Porta do seu Hotel #1 Para log Hora 7:30am (N\u00e3o inclui taxa Portu\u00e1ria)<\/p>\n<p><strong>INCLUI:<\/strong><br \/>\nSa\u00edda em Lancha R\u00e1pida<br \/>\nPanor\u00e2mica do Forte de Bocachica<br \/>\nPanor\u00e2mico \u00e0s 27 Ilhas do Ros\u00e1rio<br \/>\nVisita ao OCEAN\u00c1RIO (INCLUI INGRESSOS)<br \/>\nSnorkel Em Baixo da tartaruga (INCLUI REGISTO FOTOGR\u00c1FICO)<br \/>\nAtividades Manguezais de Baru Para Alimentar Os Guaxinins (INCLUI REGISTO FOTOGRAF\u00cdCO)<br \/>\nVisita a isola Baru Setor Semi Privativo tempo de Praia<br \/>\nUSO DE INSTALA\u00c7\u00d5ES<br \/>\nCAMAS,CADEIRAS, GUARDA-S\u00d3IS<br \/>\nSERVI\u00c7O DE CASAS DE BANHO<br \/>\nALMO\u00c7O 4 OPINI\u00d5ES<br \/>\nPeixe<br \/>\nPeito de Frango<br \/>\nlombinho de Porco<br \/>\nPrato Vegetariano<br \/>\nRetorno a Cartagena 3:00pm<\/p>","protected":false},"excerpt":{"rendered":"<p>FAMILY PLAN Punto de Encuentro, Muelle de la Bodeguita Puerta #1 Para registro Hora 7:30am (No incluye tasa Portuaria) INCLUYE: Salida en Lancha R\u00e1pida Panor\u00e1mico al Fuerte de Bocachica Panoramico a las 27 Islas del Rosario Visita al OCEANARIO (INCLUYE ENTRADAS) Snorkel En Bajo de la tortuga (INCLUYE REGISTRO FOTOGR\u00c1FICO) Activida Por los Manglares de [&hellip;]<\/p>\n","protected":false},"featured_media":1816,"template":"","meta":[],"product_brand":[],"product_cat":[19,22],"product_tag":[],"class_list":{"0":"post-1814","1":"product","2":"type-product","3":"status-publish","4":"has-post-thumbnail","6":"product_cat-baru","7":"product_cat-islasdelrosario","9":"first","10":"instock","11":"sold-individually","12":"shipping-taxable","13":"purchasable","14":"product-type-booking"},"_links":{"self":[{"href":"https:\/\/dani-tours.com.co\/pt\/wp-json\/wp\/v2\/product\/1814","targetHints":{"allow":["GET"]}}],"collection":[{"href":"https:\/\/dani-tours.com.co\/pt\/wp-json\/wp\/v2\/product"}],"about":[{"href":"https:\/\/dani-tours.com.co\/pt\/wp-json\/wp\/v2\/types\/product"}],"wp:featuredmedia":[{"embeddable":true,"href":"https:\/\/dani-tours.com.co\/pt\/wp-json\/wp\/v2\/media\/1816"}],"wp:attachment":[{"href":"https:\/\/dani-tours.com.co\/pt\/wp-json\/wp\/v2\/media?parent=1814"}],"wp:term":[{"taxonomy":"product_brand","embeddable":true,"href":"https:\/\/dani-tours.com.co\/pt\/wp-json\/wp\/v2\/product_brand?post=1814"},{"taxonomy":"product_cat","embeddable":true,"href":"https:\/\/dani-tours.com.co\/pt\/wp-json\/wp\/v2\/product_cat?post=1814"},{"taxonomy":"product_tag","embeddable":true,"href":"https:\/\/dani-tours.com.co\/pt\/wp-json\/wp\/v2\/product_tag?post=1814"}],"curies":[{"name":"wp","href":"https:\/\/api.w.org\/{rel}","templated":true}]}}