{"id":1810,"date":"2025-12-26T16:46:52","date_gmt":"2025-12-26T16:46:52","guid":{"rendered":"https:\/\/dani-tours.com.co\/?post_type=product&#038;p=1810"},"modified":"2025-12-30T03:59:05","modified_gmt":"2025-12-30T03:59:05","slug":"tour-4-islas","status":"publish","type":"product","link":"https:\/\/dani-tours.com.co\/pt\/produto\/tour-4-islas\/","title":{"rendered":"Tour de 4 ilhas"},"content":{"rendered":"<p>Quatro ilhas, um para\u00edso... eu Viva tudo em um s\u00f3 dia de aventura tropical!\ud83c\udf34\ud83c\udf0a\ud83c\udf1e<\/p>\n<p><strong>INCLUI<\/strong><br \/>\nTransporte de ida e volta de lancha<br \/>\nPanor\u00e2mica do Castelo de S\u00e3o Fernando e S\u00e3o Jos\u00e9 de Bocachica<br \/>\nParada em Ilhas do Ros\u00e1rio<\/p>\n<p>Parada em Chol\u00f3n<br \/>\nDesfrute de 1 hora de divers\u00e3o em \u00e1guas cristalinas<br \/>\nParada em \u00c1gua Azul<br \/>\nRelaxe na praia com acesso para cadeiras<br \/>\nChegada a Praia Branca \u2013 Bar\u00fa<br \/>\nSector Praia Tranquila<br \/>\nDelicioso almo\u00e7o inclu\u00eddo + tempo livre para nadar<\/p>\n<p>Escolha uma destas actividades opcionais:<br \/>\nVisita ao Aqu\u00e1rio \u2013 us $40.000 por pessoa<br \/>\nSnorkel \u2013 $50.000 por pessoa<\/p>\n<p>N\u00e3o inclui:<br \/>\nTaxa portu\u00e1ria<br \/>\nAtividades n\u00e3o especificadas<\/p>","protected":false},"excerpt":{"rendered":"<p>Cuatro islas, un solo para\u00edso&#8230; \u00a1V\u00edvelo todo en un solo d\u00eda de aventura tropical!\ud83c\udf34\ud83c\udf0a\ud83c\udf1e INCLUYE Transporte ida y regreso en lancha r\u00e1pida Panor\u00e1mico por el Castillo de San Fernando y San Jos\u00e9 de Bocachica Parada en Islas del Rosario Parada en Chol\u00f3n Disfruta de 1 hora de diversi\u00f3n en aguas cristalinas Parada en Agua Azul [&hellip;]<\/p>\n","protected":false},"featured_media":1812,"template":"","meta":[],"product_brand":[],"product_cat":[22],"product_tag":[],"class_list":{"0":"post-1810","1":"product","2":"type-product","3":"status-publish","4":"has-post-thumbnail","6":"product_cat-islasdelrosario","8":"first","9":"instock","10":"sold-individually","11":"shipping-taxable","12":"purchasable","13":"product-type-booking"},"_links":{"self":[{"href":"https:\/\/dani-tours.com.co\/pt\/wp-json\/wp\/v2\/product\/1810","targetHints":{"allow":["GET"]}}],"collection":[{"href":"https:\/\/dani-tours.com.co\/pt\/wp-json\/wp\/v2\/product"}],"about":[{"href":"https:\/\/dani-tours.com.co\/pt\/wp-json\/wp\/v2\/types\/product"}],"wp:featuredmedia":[{"embeddable":true,"href":"https:\/\/dani-tours.com.co\/pt\/wp-json\/wp\/v2\/media\/1812"}],"wp:attachment":[{"href":"https:\/\/dani-tours.com.co\/pt\/wp-json\/wp\/v2\/media?parent=1810"}],"wp:term":[{"taxonomy":"product_brand","embeddable":true,"href":"https:\/\/dani-tours.com.co\/pt\/wp-json\/wp\/v2\/product_brand?post=1810"},{"taxonomy":"product_cat","embeddable":true,"href":"https:\/\/dani-tours.com.co\/pt\/wp-json\/wp\/v2\/product_cat?post=1810"},{"taxonomy":"product_tag","embeddable":true,"href":"https:\/\/dani-tours.com.co\/pt\/wp-json\/wp\/v2\/product_tag?post=1810"}],"curies":[{"name":"wp","href":"https:\/\/api.w.org\/{rel}","templated":true}]}}