{"id":1799,"date":"2025-12-21T02:57:06","date_gmt":"2025-12-21T02:57:06","guid":{"rendered":"https:\/\/dani-tours.com.co\/?post_type=product&#038;p=1799"},"modified":"2025-12-30T03:59:40","modified_gmt":"2025-12-30T03:59:40","slug":"pasadia-ecoaventura","status":"publish","type":"product","link":"https:\/\/dani-tours.com.co\/pt\/produto\/pasadia-ecoaventura\/","title":{"rendered":"Picnic Ecoaventura"},"content":{"rendered":"<p><strong>PIQUENIQUE ECOAVENTURA<\/strong><br \/>\nUma experi\u00eancia natural, divertida e cheia de vida!<\/p>\n<p><strong>INCLUI<\/strong>:<br \/>\nRecolha e retorno ao hotel (de acordo com a regi\u00e3o)<br \/>\nTransporte em \u00f4nibus climatizado<br \/>\nAlmo\u00e7o (3 op\u00e7\u00f5es a escolher)<br \/>\n1 Suco natural<br \/>\nTransporte em lancha<br \/>\nObserva\u00e7\u00e3o de guaxinins<br \/>\nAtividade de mergulho<br \/>\nFotografias da experi\u00eancia<br \/>\nGuia acompanhante<br \/>\nSeguro de viagem<\/p>\n<p><strong>Sa\u00eddas di\u00e1rias<\/strong><\/p>","protected":false},"excerpt":{"rendered":"<p>PASAD\u00cdA ECOAVENTURA \u00a1Una experiencia natural, divertida y llena de vida! INCLUYE: Recogida y retorno al hotel (seg\u00fan zona) Transporte en bus climatizado Almuerzo (3 opciones a elegir) 1 Jugo natural Transporte en lancha Avistamiento de mapaches Actividad de snorkel Fotos de la experiencia Gu\u00eda acompa\u00f1ante Seguro de viaje Salidas diarias<\/p>","protected":false},"featured_media":1801,"template":"","meta":[],"product_brand":[],"product_cat":[19],"product_tag":[],"class_list":{"0":"post-1799","1":"product","2":"type-product","3":"status-publish","4":"has-post-thumbnail","6":"product_cat-baru","8":"first","9":"instock","10":"sold-individually","11":"shipping-taxable","12":"purchasable","13":"product-type-booking"},"_links":{"self":[{"href":"https:\/\/dani-tours.com.co\/pt\/wp-json\/wp\/v2\/product\/1799","targetHints":{"allow":["GET"]}}],"collection":[{"href":"https:\/\/dani-tours.com.co\/pt\/wp-json\/wp\/v2\/product"}],"about":[{"href":"https:\/\/dani-tours.com.co\/pt\/wp-json\/wp\/v2\/types\/product"}],"wp:featuredmedia":[{"embeddable":true,"href":"https:\/\/dani-tours.com.co\/pt\/wp-json\/wp\/v2\/media\/1801"}],"wp:attachment":[{"href":"https:\/\/dani-tours.com.co\/pt\/wp-json\/wp\/v2\/media?parent=1799"}],"wp:term":[{"taxonomy":"product_brand","embeddable":true,"href":"https:\/\/dani-tours.com.co\/pt\/wp-json\/wp\/v2\/product_brand?post=1799"},{"taxonomy":"product_cat","embeddable":true,"href":"https:\/\/dani-tours.com.co\/pt\/wp-json\/wp\/v2\/product_cat?post=1799"},{"taxonomy":"product_tag","embeddable":true,"href":"https:\/\/dani-tours.com.co\/pt\/wp-json\/wp\/v2\/product_tag?post=1799"}],"curies":[{"name":"wp","href":"https:\/\/api.w.org\/{rel}","templated":true}]}}