{"id":1694,"date":"2025-12-20T20:04:04","date_gmt":"2025-12-20T20:04:04","guid":{"rendered":"https:\/\/dani-tours.com.co\/?post_type=product&#038;p=1694"},"modified":"2025-12-30T04:03:54","modified_gmt":"2025-12-30T04:03:54","slug":"tour-bahia-catamaran-en-flamante","status":"publish","type":"product","link":"https:\/\/dani-tours.com.co\/pt\/produto\/tour-bahia-catamaran-en-flamante\/","title":{"rendered":"Tour Ba\u00eda Catamar\u00e3 no Novo"},"content":{"rendered":"<p><strong>SUNSET CATAMARAN NOVO<\/strong><br \/>\nVive um p\u00f4r do Sol Inesquec\u00edvel!<\/p>\n<p><strong>INCLUI:<\/strong><br \/>\nBarra livre de bebidas selecionadas (Alco\u00f3licas e n\u00e3o alco\u00f3licas)<br \/>\nDuas horas de curso com a melhor vista da ba\u00eda<br \/>\nUm delicioso passa boca por pessoa<\/p>\n<p>DE SEGUNDA A SEXTA-FEIRA<br \/>\nvamos com dj e animador ao vivo<\/p>\n<p>SABADOS \u2013 DOMINGOS<br \/>\nVamos com uma das seguintes op\u00e7\u00f5es:<br \/>\n-show folcl\u00f3rico ao vivo<br \/>\n-show do violinista ao vivo<br \/>\n-show do saxofonista ao vivo<\/p>\n<p>PONTO DE ENCONTRO<br \/>\nCais da porta do seu hotel #4<br \/>\nEntrada para o cais: 4:30pm<br \/>\nEmbarque: 5:15pm<br \/>\nRetorno ao cais: 7:15pm<\/p>\n<p>N\u00c3O INCLUI TAXA PORTU\u00c1RIA<br \/>\nN\u00c3O FUMAR NO BARCO<br \/>\nN\u00c3O ACEITA ENTRADA DE ALIMENTOS E BEBIDAS<br \/>\nNOT PET FRIENDLY<\/p>","protected":false},"excerpt":{"rendered":"<p>SUNSET CATAMARAN FLAMANTE \u00a1Vive un Atardecer Inolvidable! INCLUYE: Barra libre de bebidas seleccionadas (Alcoh\u00f3licas y no alcoh\u00f3licas) Dos horas de recorrido con la mejor vista de la bah\u00eda Un delicioso pasa boca por persona DE LUNES A VIERNES vamos con dj y animador en vivo SABADOS &#8211; DOMINGOS Vamos con alguna de las siguientes opciones: [&hellip;]<\/p>\n","protected":false},"featured_media":1696,"template":"","meta":[],"product_brand":[],"product_cat":[20],"product_tag":[],"class_list":{"0":"post-1694","1":"product","2":"type-product","3":"status-publish","4":"has-post-thumbnail","6":"product_cat-actividades","8":"first","9":"instock","10":"sold-individually","11":"shipping-taxable","12":"purchasable","13":"product-type-booking"},"_links":{"self":[{"href":"https:\/\/dani-tours.com.co\/pt\/wp-json\/wp\/v2\/product\/1694","targetHints":{"allow":["GET"]}}],"collection":[{"href":"https:\/\/dani-tours.com.co\/pt\/wp-json\/wp\/v2\/product"}],"about":[{"href":"https:\/\/dani-tours.com.co\/pt\/wp-json\/wp\/v2\/types\/product"}],"wp:featuredmedia":[{"embeddable":true,"href":"https:\/\/dani-tours.com.co\/pt\/wp-json\/wp\/v2\/media\/1696"}],"wp:attachment":[{"href":"https:\/\/dani-tours.com.co\/pt\/wp-json\/wp\/v2\/media?parent=1694"}],"wp:term":[{"taxonomy":"product_brand","embeddable":true,"href":"https:\/\/dani-tours.com.co\/pt\/wp-json\/wp\/v2\/product_brand?post=1694"},{"taxonomy":"product_cat","embeddable":true,"href":"https:\/\/dani-tours.com.co\/pt\/wp-json\/wp\/v2\/product_cat?post=1694"},{"taxonomy":"product_tag","embeddable":true,"href":"https:\/\/dani-tours.com.co\/pt\/wp-json\/wp\/v2\/product_tag?post=1694"}],"curies":[{"name":"wp","href":"https:\/\/api.w.org\/{rel}","templated":true}]}}