{"id":610,"date":"2025-11-30T16:49:57","date_gmt":"2025-11-30T16:49:57","guid":{"rendered":"https:\/\/danitours.com.co\/?post_type=product&#038;p=610"},"modified":"2025-12-30T04:04:21","modified_gmt":"2025-12-30T04:04:21","slug":"tour-palenque-adulto","status":"publish","type":"product","link":"https:\/\/dani-tours.com.co\/en\/product\/tour-palenque-adulto\/","title":{"rendered":"Tour Palenque"},"content":{"rendered":"<p>Palenque, the corner of Africa in Colombia . This wonderful town has kept its identity for more than 400 years, being the birthplace of resistance, culture, drums, and unforgettable flavors.<\/p>\n<p>INCLUDES:<\/p>\n<ul>\n<li>Pick up at the hotel. (Historic center, Bocagrande, North Area, and Manzanillo).<\/li>\n<li>Transfer by air-conditioned vehicles.<\/li>\n<li>Native Guide (Bilingual).<\/li>\n<li>Stop in the letters \"I Love Palenque\".<\/li>\n<li>Tour of the most important places of the town; the Main Square, the monument of Benkos Bioj\u00f3, House Museum and Patio Sikito(Traditional Medicine).<\/li>\n<li>Show Dance.<\/li>\n<li>Tasting of typical sweets.<\/li>\n<li>Bottle with Water.<\/li>\n<li>Lunch.<\/li>\n<\/ul>\n<p>Outputs all the days<\/p>\n<p>DOES NOT INCLUDE:<br \/>\nExpenses not specified<\/p>\n<p>RECOMMENDATIONS:<br \/>\nUse fresh clothing<br \/>\nBring tennis comfortable<br \/>\nHat or cap<br \/>\nSunscreen<\/p>","protected":false},"excerpt":{"rendered":"<p>Palenque, el rinc\u00f3n de \u00c1frica en Colombia . Este maravilloso pueblo ha conservado su identidad por m\u00e1s de 400 a\u00f1os, siendo cuna de resistencia, cultura, tambores y sabores inolvidables. INCLUYE: Recogida en el hotel. (Centro Hist\u00f3rico, Bocagrande, Zona Norte, y Manzanillo). Traslado en veh\u00edculos con aire acondicionado. Gu\u00eda Nativo (Bilingue). Parada en las letras \u00abI [&hellip;]<\/p>\n","protected":false},"featured_media":611,"template":"","meta":[],"product_brand":[],"product_cat":[20],"product_tag":[],"class_list":{"0":"post-610","1":"product","2":"type-product","3":"status-publish","4":"has-post-thumbnail","6":"product_cat-actividades","8":"first","9":"instock","10":"sold-individually","11":"shipping-taxable","12":"purchasable","13":"product-type-booking"},"_links":{"self":[{"href":"https:\/\/dani-tours.com.co\/en\/wp-json\/wp\/v2\/product\/610","targetHints":{"allow":["GET"]}}],"collection":[{"href":"https:\/\/dani-tours.com.co\/en\/wp-json\/wp\/v2\/product"}],"about":[{"href":"https:\/\/dani-tours.com.co\/en\/wp-json\/wp\/v2\/types\/product"}],"wp:featuredmedia":[{"embeddable":true,"href":"https:\/\/dani-tours.com.co\/en\/wp-json\/wp\/v2\/media\/611"}],"wp:attachment":[{"href":"https:\/\/dani-tours.com.co\/en\/wp-json\/wp\/v2\/media?parent=610"}],"wp:term":[{"taxonomy":"product_brand","embeddable":true,"href":"https:\/\/dani-tours.com.co\/en\/wp-json\/wp\/v2\/product_brand?post=610"},{"taxonomy":"product_cat","embeddable":true,"href":"https:\/\/dani-tours.com.co\/en\/wp-json\/wp\/v2\/product_cat?post=610"},{"taxonomy":"product_tag","embeddable":true,"href":"https:\/\/dani-tours.com.co\/en\/wp-json\/wp\/v2\/product_tag?post=610"}],"curies":[{"name":"wp","href":"https:\/\/api.w.org\/{rel}","templated":true}]}}