{"id":602,"date":"2025-11-30T16:10:05","date_gmt":"2025-11-30T16:10:05","guid":{"rendered":"https:\/\/danitours.com.co\/?post_type=product&#038;p=602"},"modified":"2025-12-30T04:05:28","modified_gmt":"2025-12-30T04:05:28","slug":"volcan-del-totumo-pasadia-en-hotel","status":"publish","type":"product","link":"https:\/\/dani-tours.com.co\/en\/product\/volcan-del-totumo-pasadia-en-hotel\/","title":{"rendered":"Volcan del Totumo + a day trip up in Hotel"},"content":{"rendered":"<p><strong>VOLCAN DEL TOTUMO + PICNIC IN HOTEL <\/strong><\/p>\n<p><strong>INCLUDES<\/strong><br \/>\nPick-up at hotel<br \/>\n(Tourist area) from 8:00 to.m.<br \/>\nEntrance to the Volcano Totumo<br \/>\nMud bath relaxing<br \/>\nSwim in the Swamp of the Totumo<br \/>\nWelcome cocktail, refreshing upon arrival at the hotel<br \/>\nDelicious lunch<br \/>\n(4 options on the menu) + light dessert<br \/>\nA picnic at hotel<\/p>\n<p>Access to:<br \/>\nPrivate beach<br \/>\nSwimming pool<br \/>\nBeds and rest areas<br \/>\nHotel facilities<br \/>\nBilingual guide<br \/>\nReturn: 3:00 p. m. about<\/p>","protected":false},"excerpt":{"rendered":"<p>VOLC\u00c1N DEL TOTUMO + PASAD\u00cdA EN HOTEL INCLUYE Recogida en hotel (Zona tur\u00edstica) desde las 8:00 a.m. Entrada al Volc\u00e1n del Totumo Ba\u00f1o de lodo relajante Ba\u00f1o en la Ci\u00e9naga del Totumo C\u00f3ctel de bienvenida refrescante al llegar al hotel Almuerzo delicioso (4 opciones del men\u00fa) + postre ligero Pasad\u00eda en hotel Acceso a: Playa [&hellip;]<\/p>\n","protected":false},"featured_media":1687,"template":"","meta":[],"product_brand":[],"product_cat":[20],"product_tag":[],"class_list":{"0":"post-602","1":"product","2":"type-product","3":"status-publish","4":"has-post-thumbnail","6":"product_cat-actividades","8":"first","9":"instock","10":"sold-individually","11":"shipping-taxable","12":"purchasable","13":"product-type-booking"},"_links":{"self":[{"href":"https:\/\/dani-tours.com.co\/en\/wp-json\/wp\/v2\/product\/602","targetHints":{"allow":["GET"]}}],"collection":[{"href":"https:\/\/dani-tours.com.co\/en\/wp-json\/wp\/v2\/product"}],"about":[{"href":"https:\/\/dani-tours.com.co\/en\/wp-json\/wp\/v2\/types\/product"}],"wp:featuredmedia":[{"embeddable":true,"href":"https:\/\/dani-tours.com.co\/en\/wp-json\/wp\/v2\/media\/1687"}],"wp:attachment":[{"href":"https:\/\/dani-tours.com.co\/en\/wp-json\/wp\/v2\/media?parent=602"}],"wp:term":[{"taxonomy":"product_brand","embeddable":true,"href":"https:\/\/dani-tours.com.co\/en\/wp-json\/wp\/v2\/product_brand?post=602"},{"taxonomy":"product_cat","embeddable":true,"href":"https:\/\/dani-tours.com.co\/en\/wp-json\/wp\/v2\/product_cat?post=602"},{"taxonomy":"product_tag","embeddable":true,"href":"https:\/\/dani-tours.com.co\/en\/wp-json\/wp\/v2\/product_tag?post=602"}],"curies":[{"name":"wp","href":"https:\/\/api.w.org\/{rel}","templated":true}]}}