{"id":597,"date":"2025-11-30T15:41:01","date_gmt":"2025-11-30T15:41:01","guid":{"rendered":"https:\/\/danitours.com.co\/?post_type=product&#038;p=597"},"modified":"2025-12-30T04:06:09","modified_gmt":"2025-12-30T04:06:09","slug":"recorrido-cuatrimoto-turbaco","status":"publish","type":"product","link":"https:\/\/dani-tours.com.co\/en\/product\/recorrido-cuatrimoto-turbaco\/","title":{"rendered":"A day trip up to ride atv (Turbaco)"},"content":{"rendered":"<p>INCLUDES:<\/p>\n<ul>\n<li>Swing 360 degrees, only one in cartagena.<\/li>\n<li>1.20 min atvs.<\/li>\n<li>Rounds airsof.<\/li>\n<li>Area of games.<\/li>\n<li>Shooting gallery with a bow and arrow.<\/li>\n<li>Swimming pool and rest area.<\/li>\n<li>Burgers and soda.<\/li>\n<li>Transportation included.<\/li>\n<li>Guiding cheap escort<\/li>\n<li>departure time 9:00 am, return 3:00 pm<\/li>\n<\/ul>","protected":false},"excerpt":{"rendered":"<p>INCLUYE: Columpio 360 grados \u00fanico en cartagena. 1.20 min cuatrimotos. Rounds airsof. \u00c1rea de juegos. Galer\u00eda de tiro con arco y flecha. Piscina y \u00e1rea de descanso. Hamburguesas y gaseosa. Transporte incluido. Orientador tur\u00edstico acompa\u00f1ante hora de salida 9:00 am, regreso 3:00 pm<\/p>","protected":false},"featured_media":599,"template":"","meta":[],"product_brand":[],"product_cat":[20],"product_tag":[],"class_list":{"0":"post-597","1":"product","2":"type-product","3":"status-publish","4":"has-post-thumbnail","6":"product_cat-actividades","8":"first","9":"instock","10":"sold-individually","11":"shipping-taxable","12":"purchasable","13":"product-type-booking"},"_links":{"self":[{"href":"https:\/\/dani-tours.com.co\/en\/wp-json\/wp\/v2\/product\/597","targetHints":{"allow":["GET"]}}],"collection":[{"href":"https:\/\/dani-tours.com.co\/en\/wp-json\/wp\/v2\/product"}],"about":[{"href":"https:\/\/dani-tours.com.co\/en\/wp-json\/wp\/v2\/types\/product"}],"wp:featuredmedia":[{"embeddable":true,"href":"https:\/\/dani-tours.com.co\/en\/wp-json\/wp\/v2\/media\/599"}],"wp:attachment":[{"href":"https:\/\/dani-tours.com.co\/en\/wp-json\/wp\/v2\/media?parent=597"}],"wp:term":[{"taxonomy":"product_brand","embeddable":true,"href":"https:\/\/dani-tours.com.co\/en\/wp-json\/wp\/v2\/product_brand?post=597"},{"taxonomy":"product_cat","embeddable":true,"href":"https:\/\/dani-tours.com.co\/en\/wp-json\/wp\/v2\/product_cat?post=597"},{"taxonomy":"product_tag","embeddable":true,"href":"https:\/\/dani-tours.com.co\/en\/wp-json\/wp\/v2\/product_tag?post=597"}],"curies":[{"name":"wp","href":"https:\/\/api.w.org\/{rel}","templated":true}]}}