{"id":588,"date":"2025-11-29T19:17:12","date_gmt":"2025-11-29T19:17:12","guid":{"rendered":"https:\/\/danitours.com.co\/?post_type=product&#038;p=588"},"modified":"2025-12-30T04:07:34","modified_gmt":"2025-12-30T04:07:34","slug":"barco-pirata","status":"publish","type":"product","link":"https:\/\/dani-tours.com.co\/en\/product\/barco-pirata\/","title":{"rendered":"Pirate Ship"},"content":{"rendered":"<p><strong>TOUR BAHIA PIRATE SHIP<\/strong><br \/>\nGet ready to live a unique experience on the sea, surrounded by magic, music and the beauty of Cartagena!<\/p>\n<p><strong>INCLUDES<\/strong>:<\/p>\n<ul>\n<li>Spirits: Rum, Liquor, Beer<\/li>\n<li>Soda and water unlimited<\/li>\n<li>Live music<\/li>\n<li>Service of a larger bathroom<\/li>\n<\/ul>\n<p>Schedules<\/p>\n<ul>\n<li>Departure every day<br \/>\nWe boarded at 4:00 pm<br \/>\nWe set sail at 5:15 pm<br \/>\nBack at the dock at 7:15 pm<br \/>\nTour duration: 2 hours of navigation<\/li>\n<\/ul>\n<p>Important<br \/>\nThe Tax Dock is not included<\/p>","protected":false},"excerpt":{"rendered":"<p>TOUR BAHIA BARCO PIRATA \u00a1Prep\u00e1rate para vivir una experiencia \u00fanica en el mar, rodeado de magia, m\u00fasica y la belleza de Cartagena! INCLUYE: Bebidas alcoh\u00f3licas: Ron, Aguardiente, Cerveza Gaseosa y agua ilimitadas M\u00fasica en vivo Servicio de ba\u00f1os amplio Horarios Salida todos los d\u00edas Abordamos a las 4:00 pm Zarpamos a las 5:15 pm Regreso [&hellip;]<\/p>\n","protected":false},"featured_media":1676,"template":"","meta":[],"product_brand":[],"product_cat":[20],"product_tag":[],"class_list":{"0":"post-588","1":"product","2":"type-product","3":"status-publish","4":"has-post-thumbnail","6":"product_cat-actividades","8":"first","9":"instock","10":"sold-individually","11":"shipping-taxable","12":"purchasable","13":"product-type-booking"},"_links":{"self":[{"href":"https:\/\/dani-tours.com.co\/en\/wp-json\/wp\/v2\/product\/588","targetHints":{"allow":["GET"]}}],"collection":[{"href":"https:\/\/dani-tours.com.co\/en\/wp-json\/wp\/v2\/product"}],"about":[{"href":"https:\/\/dani-tours.com.co\/en\/wp-json\/wp\/v2\/types\/product"}],"wp:featuredmedia":[{"embeddable":true,"href":"https:\/\/dani-tours.com.co\/en\/wp-json\/wp\/v2\/media\/1676"}],"wp:attachment":[{"href":"https:\/\/dani-tours.com.co\/en\/wp-json\/wp\/v2\/media?parent=588"}],"wp:term":[{"taxonomy":"product_brand","embeddable":true,"href":"https:\/\/dani-tours.com.co\/en\/wp-json\/wp\/v2\/product_brand?post=588"},{"taxonomy":"product_cat","embeddable":true,"href":"https:\/\/dani-tours.com.co\/en\/wp-json\/wp\/v2\/product_cat?post=588"},{"taxonomy":"product_tag","embeddable":true,"href":"https:\/\/dani-tours.com.co\/en\/wp-json\/wp\/v2\/product_tag?post=588"}],"curies":[{"name":"wp","href":"https:\/\/api.w.org\/{rel}","templated":true}]}}