{"id":582,"date":"2025-11-29T18:56:35","date_gmt":"2025-11-29T18:56:35","guid":{"rendered":"https:\/\/danitours.com.co\/?post_type=product&#038;p=582"},"modified":"2025-12-30T04:08:45","modified_gmt":"2025-12-30T04:08:45","slug":"south-beach","status":"publish","type":"product","link":"https:\/\/dani-tours.com.co\/en\/product\/south-beach\/","title":{"rendered":"South Beach"},"content":{"rendered":"<p><strong>PICNIC SOUTH BEACH<\/strong><\/p>\n<p>Relax, enjoy and let yourself be carried away by the charm of South Beach... your perfect day in paradise awaits you!<\/p>\n<p><strong>INCLUDES<\/strong>:<br \/>\nPick-up and return to the hotel (depending on the area)<br \/>\nTransportation by bus air-conditioned<br \/>\nTransport by boat (5 minutes)<br \/>\nChairs or tents to enjoy the beach<br \/>\nWelcome cocktail<br \/>\nDelicious lunch<br \/>\nGuide<br \/>\n<strong>Daily departures<\/strong><\/p>","protected":false},"excerpt":{"rendered":"<p>PASAD\u00cdA SOUTH BEACH Rel\u00e1jate, disfruta y d\u00e9jate llevar por el encanto de South Beach\u2026 \u00a1tu d\u00eda perfecto en el para\u00edso te espera! INCLUYE: Recogida y retorno al hotel (dependiendo la zona) Transporte en bus climatizado Transporte en lancha (5 minutos) Sillas o carpas para disfrutar la playa C\u00f3ctel de bienvenida Almuerzo delicioso Gu\u00eda acompa\u00f1ante Salidas [&hellip;]<\/p>\n","protected":false},"featured_media":1798,"template":"","meta":[],"product_brand":[],"product_cat":[19],"product_tag":[],"class_list":{"0":"post-582","1":"product","2":"type-product","3":"status-publish","4":"has-post-thumbnail","6":"product_cat-baru","8":"first","9":"instock","10":"sold-individually","11":"shipping-taxable","12":"purchasable","13":"product-type-booking"},"_links":{"self":[{"href":"https:\/\/dani-tours.com.co\/en\/wp-json\/wp\/v2\/product\/582","targetHints":{"allow":["GET"]}}],"collection":[{"href":"https:\/\/dani-tours.com.co\/en\/wp-json\/wp\/v2\/product"}],"about":[{"href":"https:\/\/dani-tours.com.co\/en\/wp-json\/wp\/v2\/types\/product"}],"wp:featuredmedia":[{"embeddable":true,"href":"https:\/\/dani-tours.com.co\/en\/wp-json\/wp\/v2\/media\/1798"}],"wp:attachment":[{"href":"https:\/\/dani-tours.com.co\/en\/wp-json\/wp\/v2\/media?parent=582"}],"wp:term":[{"taxonomy":"product_brand","embeddable":true,"href":"https:\/\/dani-tours.com.co\/en\/wp-json\/wp\/v2\/product_brand?post=582"},{"taxonomy":"product_cat","embeddable":true,"href":"https:\/\/dani-tours.com.co\/en\/wp-json\/wp\/v2\/product_cat?post=582"},{"taxonomy":"product_tag","embeddable":true,"href":"https:\/\/dani-tours.com.co\/en\/wp-json\/wp\/v2\/product_tag?post=582"}],"curies":[{"name":"wp","href":"https:\/\/api.w.org\/{rel}","templated":true}]}}