{"id":570,"date":"2025-11-29T18:02:49","date_gmt":"2025-11-29T18:02:49","guid":{"rendered":"https:\/\/danitours.com.co\/?post_type=product&#038;p=570"},"modified":"2025-12-30T04:16:14","modified_gmt":"2025-12-30T04:16:14","slug":"yate-tourbahia","status":"publish","type":"product","link":"https:\/\/dani-tours.com.co\/en\/product\/yate-tourbahia\/","title":{"rendered":"Tour bay Yacht"},"content":{"rendered":"<p><strong>TOUR BAY ON A YACHT<\/strong><br \/>\nFeast on the sea at sunset<br \/>\nEnjoy a unique tour of the magical bay of Cartagena while you dance, give and live an unforgettable experience on an elegant yacht.<br \/>\n110.000<br \/>\n<strong>\u00a0INCLUDES:<\/strong><\/p>\n<ul>\n<li>Transportation in exclusive yacht<\/li>\n<li>2 hour drive from the bay of Cartagena<\/li>\n<li>Live DJ and animator<\/li>\n<li>\u00a0Open bar: Rum with Coca-Cola and orange juice<\/li>\n<li>It allows the entry of drinks at no cost<\/li>\n<li>Entry to the disco: Taboo or Farra<\/li>\n<\/ul>\n<p>Meeting point:<\/p>\n<p>Dock of the Pegasos (Diagonal to the Clock Tower)<\/p>\n<p>Daily departures<br \/>\nHours: 5:00 p. m. to 8:00 p. m.<\/p>","protected":false},"excerpt":{"rendered":"<p>TOUR BAH\u00cdA EN YATE Fiesta sobre el mar al atardecer Disfruta de un recorrido \u00fanico por la m\u00e1gica bah\u00eda de Cartagena mientras bailas, brindas y vives una experiencia inolvidable sobre un elegante yate. 110.000 \u00a0INCLUYE: Transporte en yate exclusivo Recorrido de 2 horas por la bah\u00eda de Cartagena DJ en vivo y animador \u00a0Barra libre: [&hellip;]<\/p>\n","protected":false},"featured_media":1678,"template":"","meta":[],"product_brand":[],"product_cat":[20],"product_tag":[],"class_list":{"0":"post-570","1":"product","2":"type-product","3":"status-publish","4":"has-post-thumbnail","6":"product_cat-actividades","8":"first","9":"instock","10":"sold-individually","11":"shipping-taxable","12":"purchasable","13":"product-type-booking"},"_links":{"self":[{"href":"https:\/\/dani-tours.com.co\/en\/wp-json\/wp\/v2\/product\/570","targetHints":{"allow":["GET"]}}],"collection":[{"href":"https:\/\/dani-tours.com.co\/en\/wp-json\/wp\/v2\/product"}],"about":[{"href":"https:\/\/dani-tours.com.co\/en\/wp-json\/wp\/v2\/types\/product"}],"wp:featuredmedia":[{"embeddable":true,"href":"https:\/\/dani-tours.com.co\/en\/wp-json\/wp\/v2\/media\/1678"}],"wp:attachment":[{"href":"https:\/\/dani-tours.com.co\/en\/wp-json\/wp\/v2\/media?parent=570"}],"wp:term":[{"taxonomy":"product_brand","embeddable":true,"href":"https:\/\/dani-tours.com.co\/en\/wp-json\/wp\/v2\/product_brand?post=570"},{"taxonomy":"product_cat","embeddable":true,"href":"https:\/\/dani-tours.com.co\/en\/wp-json\/wp\/v2\/product_cat?post=570"},{"taxonomy":"product_tag","embeddable":true,"href":"https:\/\/dani-tours.com.co\/en\/wp-json\/wp\/v2\/product_tag?post=570"}],"curies":[{"name":"wp","href":"https:\/\/api.w.org\/{rel}","templated":true}]}}