{"id":566,"date":"2025-11-29T17:24:31","date_gmt":"2025-11-29T17:24:31","guid":{"rendered":"https:\/\/danitours.com.co\/?post_type=product&#038;p=566"},"modified":"2025-12-30T04:16:59","modified_gmt":"2025-12-30T04:16:59","slug":"city-tour-en-chiva-tradicional","status":"publish","type":"product","link":"https:\/\/dani-tours.com.co\/en\/product\/city-tour-en-chiva-tradicional\/","title":{"rendered":"City Tour in Chiva Traditional"},"content":{"rendered":"<p><strong>CITY TOUR IN CHIVA<\/strong><\/p>\n<p>Known Cartagena to the beat of their tradition<br \/>\nA tour of historical and cultural Cartagena in one of the transports most typical and colorful Colombia.<br \/>\nThe 3 to 4 hour tour filled with history, culture, music, and joy.<\/p>\n<ul>\n<li>\u00a0We:<\/li>\n<li>Collection in Bocagrande (authorized points)<\/li>\n<li>Collection in the Historic Center (Clock Tower)<\/li>\n<li>Panorama of the historic center (Clock Tower and Pier Pegasos)<\/li>\n<li>Stop at the monument to the Boots Old<\/li>\n<li>Admission and tour of the Castillo San Felipe (Includes admission)<\/li>\n<li>Stop in the Lyrics of Cartagena<\/li>\n<li>Guided walk through the Historic Center<br \/>\n(Streets, squares and museums most iconic of the old town)<\/li>\n<\/ul>\n<p>Opening HOURS:<\/p>\n<ul>\n<li>8:00 am<\/li>\n<li>1:00 pm<\/li>\n<\/ul>","protected":false},"excerpt":{"rendered":"<p>CITY TOUR EN CHIVA Conoce Cartagena al ritmo de su tradici\u00f3n Un recorrido hist\u00f3rico y cultural por Cartagena en uno de los transportes m\u00e1s t\u00edpicos y coloridos de Colombia. 3 a 4 horas de recorrido lleno de historia, cultura, m\u00fasica y alegr\u00eda. \u00a0Recorremos: Recogida en Bocagrande (puntos autorizados) Recogida en el Centro Hist\u00f3rico (Torre del [&hellip;]<\/p>\n","protected":false},"featured_media":1672,"template":"","meta":[],"product_brand":[],"product_cat":[20],"product_tag":[],"class_list":{"0":"post-566","1":"product","2":"type-product","3":"status-publish","4":"has-post-thumbnail","6":"product_cat-actividades","8":"first","9":"instock","10":"sold-individually","11":"shipping-taxable","12":"purchasable","13":"product-type-booking"},"_links":{"self":[{"href":"https:\/\/dani-tours.com.co\/en\/wp-json\/wp\/v2\/product\/566","targetHints":{"allow":["GET"]}}],"collection":[{"href":"https:\/\/dani-tours.com.co\/en\/wp-json\/wp\/v2\/product"}],"about":[{"href":"https:\/\/dani-tours.com.co\/en\/wp-json\/wp\/v2\/types\/product"}],"wp:featuredmedia":[{"embeddable":true,"href":"https:\/\/dani-tours.com.co\/en\/wp-json\/wp\/v2\/media\/1672"}],"wp:attachment":[{"href":"https:\/\/dani-tours.com.co\/en\/wp-json\/wp\/v2\/media?parent=566"}],"wp:term":[{"taxonomy":"product_brand","embeddable":true,"href":"https:\/\/dani-tours.com.co\/en\/wp-json\/wp\/v2\/product_brand?post=566"},{"taxonomy":"product_cat","embeddable":true,"href":"https:\/\/dani-tours.com.co\/en\/wp-json\/wp\/v2\/product_cat?post=566"},{"taxonomy":"product_tag","embeddable":true,"href":"https:\/\/dani-tours.com.co\/en\/wp-json\/wp\/v2\/product_tag?post=566"}],"curies":[{"name":"wp","href":"https:\/\/api.w.org\/{rel}","templated":true}]}}