{"id":551,"date":"2025-11-29T15:44:34","date_gmt":"2025-11-29T15:44:34","guid":{"rendered":"https:\/\/danitours.com.co\/?post_type=product&#038;p=551"},"modified":"2025-12-30T04:19:38","modified_gmt":"2025-12-30T04:19:38","slug":"pao-pao-beach-club","status":"publish","type":"product","link":"https:\/\/dani-tours.com.co\/en\/product\/pao-pao-beach-club\/","title":{"rendered":"Pao Pao Beach Club"},"content":{"rendered":"<p><strong>PICNIC PAO PAO<\/strong><\/p>\n<p>Live a unique experience in paradise with the Picnic Pao Pao, sun, sea and fun!<\/p>\n<p><strong>INCLUDES<\/strong><br \/>\nTransport by speedboat back and back<br \/>\nWelcome cocktail<br \/>\nLunch: 3 options<br \/>\nAsoleadora second row<br \/>\nUse of swimming pool<br \/>\nWifi<br \/>\nRestrooms<br \/>\nTransfer to the Oceanarium<\/p>\n<p><strong>\u274c NOT COMPLETE \u274c<\/strong><br \/>\n* Preferred areas<br \/>\n* Tax: $34.000 COP<br \/>\n* Towel: $15.000 COP<br \/>\n* Entrance to the Oceanarium: $40.000 COP<\/p>\n<p>Meeting point: Pier Bodeguita, door #3<br \/>\nDeparture time: 7:40 am<br \/>\nDaily departures<\/p>","protected":false},"excerpt":{"rendered":"<p>PASAD\u00cdA PAO PAO \u00a1Vive una experiencia \u00fanica en el para\u00edso con el Pasad\u00eda Pao Pao, sol, mar y diversi\u00f3n asegurada! INCLUYE Transporte en lancha r\u00e1pida ida y regreso C\u00f3ctel de bienvenida Almuerzo: 3 opciones Asoleadora segunda fila Uso de piscina Wifi Servicio de ba\u00f1os Traslado al Oceanario \u274c NO INCLUYE \u274c * \u00c1reas preferenciales * [&hellip;]<\/p>\n","protected":false},"featured_media":1861,"template":"","meta":[],"product_brand":[],"product_cat":[22],"product_tag":[],"class_list":{"0":"post-551","1":"product","2":"type-product","3":"status-publish","4":"has-post-thumbnail","6":"product_cat-islasdelrosario","8":"first","9":"instock","10":"sold-individually","11":"shipping-taxable","12":"purchasable","13":"product-type-booking"},"_links":{"self":[{"href":"https:\/\/dani-tours.com.co\/en\/wp-json\/wp\/v2\/product\/551","targetHints":{"allow":["GET"]}}],"collection":[{"href":"https:\/\/dani-tours.com.co\/en\/wp-json\/wp\/v2\/product"}],"about":[{"href":"https:\/\/dani-tours.com.co\/en\/wp-json\/wp\/v2\/types\/product"}],"wp:featuredmedia":[{"embeddable":true,"href":"https:\/\/dani-tours.com.co\/en\/wp-json\/wp\/v2\/media\/1861"}],"wp:attachment":[{"href":"https:\/\/dani-tours.com.co\/en\/wp-json\/wp\/v2\/media?parent=551"}],"wp:term":[{"taxonomy":"product_brand","embeddable":true,"href":"https:\/\/dani-tours.com.co\/en\/wp-json\/wp\/v2\/product_brand?post=551"},{"taxonomy":"product_cat","embeddable":true,"href":"https:\/\/dani-tours.com.co\/en\/wp-json\/wp\/v2\/product_cat?post=551"},{"taxonomy":"product_tag","embeddable":true,"href":"https:\/\/dani-tours.com.co\/en\/wp-json\/wp\/v2\/product_tag?post=551"}],"curies":[{"name":"wp","href":"https:\/\/api.w.org\/{rel}","templated":true}]}}