{"id":548,"date":"2025-11-29T15:33:15","date_gmt":"2025-11-29T15:33:15","guid":{"rendered":"https:\/\/danitours.com.co\/?post_type=product&#038;p=548"},"modified":"2025-12-30T04:19:55","modified_gmt":"2025-12-30T04:19:55","slug":"bora-bora-beach-club-vip","status":"publish","type":"product","link":"https:\/\/dani-tours.com.co\/en\/product\/bora-bora-beach-club-vip\/","title":{"rendered":"Bora Bora Beach Club VIP"},"content":{"rendered":"<p><strong>PICNIC BORA BORA VIP <\/strong><br \/>\nLive the luxury and exclusivity in Bora Bora VP. Paradise awaits you!<\/p>\n<p>&nbsp;<\/p>\n<p><strong>INCLUDES <\/strong><br \/>\nTransport by speedboat back and back<br \/>\nWelcome cocktail<br \/>\nLunch<br \/>\nBeach bed or asoleadora assigned by the host<br \/>\nAccess to both areas (area club and VIP)<br \/>\nLive DJ<br \/>\nWifi<br \/>\nRestrooms<\/p>\n<p><strong>NOT INCLUDED<\/strong><br \/>\n* Tax<\/p>\n<p>Meeting point<br \/>\nMuelle La Bodeguita, Door #3<br \/>\nArrival time: 7:40 AM<br \/>\nDeparture time: 8:00 AM<br \/>\nDaily departures<\/p>","protected":false},"excerpt":{"rendered":"<p>PASAD\u00cdA BORA BORA VIP Vive el lujo y la exclusividad en Bora Bora VP. \u00a1El para\u00edso te espera! &nbsp; INCLUYE Transporte en lancha r\u00e1pida ida y regreso C\u00f3ctel de bienvenida Almuerzo Cama de playa o asoleadora asignada por el host Acceso a ambas \u00e1reas (\u00e1rea club y VIP) DJ en vivo Wifi Servicio de ba\u00f1os [&hellip;]<\/p>\n","protected":false},"featured_media":1853,"template":"","meta":[],"product_brand":[],"product_cat":[22],"product_tag":[],"class_list":{"0":"post-548","1":"product","2":"type-product","3":"status-publish","4":"has-post-thumbnail","6":"product_cat-islasdelrosario","8":"first","9":"instock","10":"sold-individually","11":"shipping-taxable","12":"purchasable","13":"product-type-booking"},"_links":{"self":[{"href":"https:\/\/dani-tours.com.co\/en\/wp-json\/wp\/v2\/product\/548","targetHints":{"allow":["GET"]}}],"collection":[{"href":"https:\/\/dani-tours.com.co\/en\/wp-json\/wp\/v2\/product"}],"about":[{"href":"https:\/\/dani-tours.com.co\/en\/wp-json\/wp\/v2\/types\/product"}],"wp:featuredmedia":[{"embeddable":true,"href":"https:\/\/dani-tours.com.co\/en\/wp-json\/wp\/v2\/media\/1853"}],"wp:attachment":[{"href":"https:\/\/dani-tours.com.co\/en\/wp-json\/wp\/v2\/media?parent=548"}],"wp:term":[{"taxonomy":"product_brand","embeddable":true,"href":"https:\/\/dani-tours.com.co\/en\/wp-json\/wp\/v2\/product_brand?post=548"},{"taxonomy":"product_cat","embeddable":true,"href":"https:\/\/dani-tours.com.co\/en\/wp-json\/wp\/v2\/product_cat?post=548"},{"taxonomy":"product_tag","embeddable":true,"href":"https:\/\/dani-tours.com.co\/en\/wp-json\/wp\/v2\/product_tag?post=548"}],"curies":[{"name":"wp","href":"https:\/\/api.w.org\/{rel}","templated":true}]}}