{"id":546,"date":"2025-11-29T14:05:06","date_gmt":"2025-11-29T14:05:06","guid":{"rendered":"https:\/\/danitours.com.co\/?post_type=product&#038;p=546"},"modified":"2025-12-30T04:20:12","modified_gmt":"2025-12-30T04:20:12","slug":"bora-bora-area-club","status":"publish","type":"product","link":"https:\/\/dani-tours.com.co\/en\/product\/bora-bora-area-club\/","title":{"rendered":"Bora Bora Club Area"},"content":{"rendered":"<p><strong>PICNIC BORA BORA CLUB AREA<\/strong><br \/>\nExperience Bora Bora, enjoying the sunshine, the music, and the ocean in paradise.<\/p>\n<p><strong>INCLUDES<\/strong><br \/>\nTransport by speedboat back and back<br \/>\nWelcome cocktail<br \/>\nLunch: 3 options<br \/>\nBeach bed<br \/>\nDJ to liven up the environment<br \/>\nWifi to share your experience<br \/>\nRestrooms<\/p>\n<p><strong>\u274c NOT COMPLETE \u274c<\/strong><br \/>\n* Preferred areas<br \/>\n* Tax<\/p>\n<p>Meeting point: Pier Bodeguita, door #3<br \/>\nDeparture time: 7:40 am<br \/>\nDaily departures<\/p>","protected":false},"excerpt":{"rendered":"<p>PASAD\u00cdA BORA BORA \u00c1REA CLUB Vive la experiencia Bora Bora, disfruta del sol, la m\u00fasica y el mar en el para\u00edso. INCLUYE Transporte en lancha r\u00e1pida ida y regreso C\u00f3ctel de bienvenida Almuerzo: 3 opciones Cama de playa DJ para animar el ambiente Wifi para compartir tu experiencia Servicio de ba\u00f1os \u274c NO INCLUYE \u274c [&hellip;]<\/p>\n","protected":false},"featured_media":1851,"template":"","meta":[],"product_brand":[],"product_cat":[22],"product_tag":[],"class_list":{"0":"post-546","1":"product","2":"type-product","3":"status-publish","4":"has-post-thumbnail","6":"product_cat-islasdelrosario","8":"first","9":"instock","10":"sold-individually","11":"shipping-taxable","12":"purchasable","13":"product-type-booking"},"_links":{"self":[{"href":"https:\/\/dani-tours.com.co\/en\/wp-json\/wp\/v2\/product\/546","targetHints":{"allow":["GET"]}}],"collection":[{"href":"https:\/\/dani-tours.com.co\/en\/wp-json\/wp\/v2\/product"}],"about":[{"href":"https:\/\/dani-tours.com.co\/en\/wp-json\/wp\/v2\/types\/product"}],"wp:featuredmedia":[{"embeddable":true,"href":"https:\/\/dani-tours.com.co\/en\/wp-json\/wp\/v2\/media\/1851"}],"wp:attachment":[{"href":"https:\/\/dani-tours.com.co\/en\/wp-json\/wp\/v2\/media?parent=546"}],"wp:term":[{"taxonomy":"product_brand","embeddable":true,"href":"https:\/\/dani-tours.com.co\/en\/wp-json\/wp\/v2\/product_brand?post=546"},{"taxonomy":"product_cat","embeddable":true,"href":"https:\/\/dani-tours.com.co\/en\/wp-json\/wp\/v2\/product_cat?post=546"},{"taxonomy":"product_tag","embeddable":true,"href":"https:\/\/dani-tours.com.co\/en\/wp-json\/wp\/v2\/product_tag?post=546"}],"curies":[{"name":"wp","href":"https:\/\/api.w.org\/{rel}","templated":true}]}}